{"id":72,"date":"2019-06-10T16:53:35","date_gmt":"2019-06-10T14:53:35","guid":{"rendered":"https:\/\/www.tillty.com\/cmiile-da\/?post_type=product&#038;p=72"},"modified":"2026-03-18T13:01:34","modified_gmt":"2026-03-18T12:01:34","slug":"tandblegning","status":"publish","type":"product","link":"https:\/\/www.cmiile.com\/da\/produkt\/tandblegning\/","title":{"rendered":"Tandblegning s\u00e6t"},"content":{"rendered":"","protected":false},"excerpt":{"rendered":"<p>F\u00e5 dit hvide smil igen med vores klinisk beviste tandblegningss\u00e6t, uden brug af hydrogenperoxid. Vores tandblegningss\u00e6t er let at bruge, sikker og effektiv til at blege t\u00e6nderne. Det er udviklet og testet i samarbejde med tandl\u00e6ger. Vores blegningsformel er klinisk bevist til at blege t\u00e6nderne ved kombination af vores aktive blegningsingrediens PAP og vores avancerede LED-teknologi.<\/p>\n<ul class=\"checkmark\">\n<li>Klinisk bevist til at blege af tandl\u00e6ger<\/li>\n<li>Resultater efter 10 min<\/li>\n<li>Ingen smerte eller sensitivitet<\/li>\n<li>Fri for brintoverilte og skadelige kemikalier<\/li>\n<\/ul>\n<p>&nbsp;<\/p>\n","protected":false},"featured_media":22277,"comment_status":"open","ping_status":"closed","template":"","meta":{"_custom_body_class":""},"product_brand":[],"product_cat":[16],"product_tag":[],"class_list":{"0":"post-72","1":"product","2":"type-product","3":"status-publish","4":"has-post-thumbnail","6":"product_cat-products","8":"first","9":"instock","10":"sale","11":"featured","12":"taxable","13":"shipping-taxable","14":"purchasable","15":"product-type-simple"},"bundled_by":["21874","22689","14033"],"bundle_stock_status":"instock","bundle_stock_quantity":null,"bundle_virtual":false,"bundle_layout":"","bundle_add_to_cart_form_location":"","bundle_editable_in_cart":false,"bundle_sold_individually_context":"","bundle_item_grouping":"","bundle_min_size":"","bundle_max_size":"","bundled_items":[],"bundle_sell_ids":[22808,22813],"yoast_head":"<!-- This site is optimized with the Yoast SEO plugin v27.5 - https:\/\/yoast.com\/product\/yoast-seo-wordpress\/ -->\n<title>Tandblegning s\u00e6t - Giver hvidere t\u00e6nder p\u00e5 kun 10 min.<\/title>\n<meta name=\"description\" content=\"Cmiile\u2019s tandblegning fjerner effektivt og sk\u00e5nsomt misfarvninger fra kaffe, te, cigaretter, r\u00f8dvin, sodavand og andet farverigt kost.\" \/>\n<meta name=\"robots\" content=\"index, follow, max-snippet:-1, max-image-preview:large, max-video-preview:-1\" \/>\n<link rel=\"canonical\" href=\"https:\/\/www.cmiile.com\/da\/produkt\/tandblegning\/\" \/>\n<meta property=\"og:locale\" content=\"da_DK\" \/>\n<meta property=\"og:type\" content=\"article\" \/>\n<meta property=\"og:title\" content=\"Tandblegning s\u00e6t - Giver hvidere t\u00e6nder p\u00e5 kun 10 min.\" \/>\n<meta property=\"og:description\" content=\"Cmiile\u2019s tandblegning fjerner effektivt og sk\u00e5nsomt misfarvninger fra kaffe, te, cigaretter, r\u00f8dvin, sodavand og andet farverigt kost.\" \/>\n<meta property=\"og:url\" content=\"https:\/\/www.cmiile.com\/da\/produkt\/tandblegning\/\" \/>\n<meta property=\"og:site_name\" content=\"Cmiile\" \/>\n<meta property=\"article:modified_time\" content=\"2026-03-18T12:01:34+00:00\" \/>\n<meta property=\"og:image\" content=\"https:\/\/www.cmiile.com\/da\/wp-content\/uploads\/sites\/13\/2019\/06\/Cmiile_2021-09-141043.jpg\" \/>\n\t<meta property=\"og:image:width\" content=\"1200\" \/>\n\t<meta property=\"og:image:height\" content=\"1200\" \/>\n\t<meta property=\"og:image:type\" content=\"image\/jpeg\" \/>\n<meta name=\"twitter:card\" content=\"summary_large_image\" \/>\n<script type=\"application\/ld+json\" class=\"yoast-schema-graph\">{\"@context\":\"https:\\\/\\\/schema.org\",\"@graph\":[{\"@type\":\"WebPage\",\"@id\":\"https:\\\/\\\/www.cmiile.com\\\/da\\\/produkt\\\/tandblegning\\\/\",\"url\":\"https:\\\/\\\/www.cmiile.com\\\/da\\\/produkt\\\/tandblegning\\\/\",\"name\":\"Tandblegning s\u00e6t - Giver hvidere t\u00e6nder p\u00e5 kun 10 min.\",\"isPartOf\":{\"@id\":\"https:\\\/\\\/www.cmiile.com\\\/da\\\/#website\"},\"primaryImageOfPage\":{\"@id\":\"https:\\\/\\\/www.cmiile.com\\\/da\\\/produkt\\\/tandblegning\\\/#primaryimage\"},\"image\":{\"@id\":\"https:\\\/\\\/www.cmiile.com\\\/da\\\/produkt\\\/tandblegning\\\/#primaryimage\"},\"thumbnailUrl\":\"https:\\\/\\\/i0.wp.com\\\/www.cmiile.com\\\/da\\\/wp-content\\\/uploads\\\/sites\\\/13\\\/2019\\\/06\\\/Cmiile_2021-09-141043.jpg?fit=1200%2C1200&ssl=1\",\"datePublished\":\"2019-06-10T14:53:35+00:00\",\"dateModified\":\"2026-03-18T12:01:34+00:00\",\"description\":\"Cmiile\u2019s tandblegning fjerner effektivt og sk\u00e5nsomt misfarvninger fra kaffe, te, cigaretter, r\u00f8dvin, sodavand og andet farverigt kost.\",\"breadcrumb\":{\"@id\":\"https:\\\/\\\/www.cmiile.com\\\/da\\\/produkt\\\/tandblegning\\\/#breadcrumb\"},\"inLanguage\":\"da-DK\",\"potentialAction\":[{\"@type\":\"ReadAction\",\"target\":[\"https:\\\/\\\/www.cmiile.com\\\/da\\\/produkt\\\/tandblegning\\\/\"]}]},{\"@type\":\"ImageObject\",\"inLanguage\":\"da-DK\",\"@id\":\"https:\\\/\\\/www.cmiile.com\\\/da\\\/produkt\\\/tandblegning\\\/#primaryimage\",\"url\":\"https:\\\/\\\/i0.wp.com\\\/www.cmiile.com\\\/da\\\/wp-content\\\/uploads\\\/sites\\\/13\\\/2019\\\/06\\\/Cmiile_2021-09-141043.jpg?fit=1200%2C1200&ssl=1\",\"contentUrl\":\"https:\\\/\\\/i0.wp.com\\\/www.cmiile.com\\\/da\\\/wp-content\\\/uploads\\\/sites\\\/13\\\/2019\\\/06\\\/Cmiile_2021-09-141043.jpg?fit=1200%2C1200&ssl=1\",\"width\":1200,\"height\":1200,\"caption\":\"Tandblegning\"},{\"@type\":\"BreadcrumbList\",\"@id\":\"https:\\\/\\\/www.cmiile.com\\\/da\\\/produkt\\\/tandblegning\\\/#breadcrumb\",\"itemListElement\":[{\"@type\":\"ListItem\",\"position\":1,\"name\":\"Produkter\",\"item\":\"https:\\\/\\\/www.cmiile.com\\\/da\\\/produkter\\\/\"},{\"@type\":\"ListItem\",\"position\":2,\"name\":\"Tandblegning s\u00e6t\"}]},{\"@type\":\"WebSite\",\"@id\":\"https:\\\/\\\/www.cmiile.com\\\/da\\\/#website\",\"url\":\"https:\\\/\\\/www.cmiile.com\\\/da\\\/\",\"name\":\"Cmiile\",\"description\":\"Hvad dit cmiile mangler\",\"potentialAction\":[{\"@type\":\"SearchAction\",\"target\":{\"@type\":\"EntryPoint\",\"urlTemplate\":\"https:\\\/\\\/www.cmiile.com\\\/da\\\/?s={search_term_string}\"},\"query-input\":{\"@type\":\"PropertyValueSpecification\",\"valueRequired\":true,\"valueName\":\"search_term_string\"}}],\"inLanguage\":\"da-DK\"}]}<\/script>\n<!-- \/ Yoast SEO plugin. -->","yoast_head_json":{"title":"Tandblegning s\u00e6t - Giver hvidere t\u00e6nder p\u00e5 kun 10 min.","description":"Cmiile\u2019s tandblegning fjerner effektivt og sk\u00e5nsomt misfarvninger fra kaffe, te, cigaretter, r\u00f8dvin, sodavand og andet farverigt kost.","robots":{"index":"index","follow":"follow","max-snippet":"max-snippet:-1","max-image-preview":"max-image-preview:large","max-video-preview":"max-video-preview:-1"},"canonical":"https:\/\/www.cmiile.com\/da\/produkt\/tandblegning\/","og_locale":"da_DK","og_type":"article","og_title":"Tandblegning s\u00e6t - Giver hvidere t\u00e6nder p\u00e5 kun 10 min.","og_description":"Cmiile\u2019s tandblegning fjerner effektivt og sk\u00e5nsomt misfarvninger fra kaffe, te, cigaretter, r\u00f8dvin, sodavand og andet farverigt kost.","og_url":"https:\/\/www.cmiile.com\/da\/produkt\/tandblegning\/","og_site_name":"Cmiile","article_modified_time":"2026-03-18T12:01:34+00:00","og_image":[{"width":1200,"height":1200,"url":"https:\/\/www.cmiile.com\/da\/wp-content\/uploads\/sites\/13\/2019\/06\/Cmiile_2021-09-141043.jpg","type":"image\/jpeg"}],"twitter_card":"summary_large_image","schema":{"@context":"https:\/\/schema.org","@graph":[{"@type":"WebPage","@id":"https:\/\/www.cmiile.com\/da\/produkt\/tandblegning\/","url":"https:\/\/www.cmiile.com\/da\/produkt\/tandblegning\/","name":"Tandblegning s\u00e6t - Giver hvidere t\u00e6nder p\u00e5 kun 10 min.","isPartOf":{"@id":"https:\/\/www.cmiile.com\/da\/#website"},"primaryImageOfPage":{"@id":"https:\/\/www.cmiile.com\/da\/produkt\/tandblegning\/#primaryimage"},"image":{"@id":"https:\/\/www.cmiile.com\/da\/produkt\/tandblegning\/#primaryimage"},"thumbnailUrl":"https:\/\/i0.wp.com\/www.cmiile.com\/da\/wp-content\/uploads\/sites\/13\/2019\/06\/Cmiile_2021-09-141043.jpg?fit=1200%2C1200&ssl=1","datePublished":"2019-06-10T14:53:35+00:00","dateModified":"2026-03-18T12:01:34+00:00","description":"Cmiile\u2019s tandblegning fjerner effektivt og sk\u00e5nsomt misfarvninger fra kaffe, te, cigaretter, r\u00f8dvin, sodavand og andet farverigt kost.","breadcrumb":{"@id":"https:\/\/www.cmiile.com\/da\/produkt\/tandblegning\/#breadcrumb"},"inLanguage":"da-DK","potentialAction":[{"@type":"ReadAction","target":["https:\/\/www.cmiile.com\/da\/produkt\/tandblegning\/"]}]},{"@type":"ImageObject","inLanguage":"da-DK","@id":"https:\/\/www.cmiile.com\/da\/produkt\/tandblegning\/#primaryimage","url":"https:\/\/i0.wp.com\/www.cmiile.com\/da\/wp-content\/uploads\/sites\/13\/2019\/06\/Cmiile_2021-09-141043.jpg?fit=1200%2C1200&ssl=1","contentUrl":"https:\/\/i0.wp.com\/www.cmiile.com\/da\/wp-content\/uploads\/sites\/13\/2019\/06\/Cmiile_2021-09-141043.jpg?fit=1200%2C1200&ssl=1","width":1200,"height":1200,"caption":"Tandblegning"},{"@type":"BreadcrumbList","@id":"https:\/\/www.cmiile.com\/da\/produkt\/tandblegning\/#breadcrumb","itemListElement":[{"@type":"ListItem","position":1,"name":"Produkter","item":"https:\/\/www.cmiile.com\/da\/produkter\/"},{"@type":"ListItem","position":2,"name":"Tandblegning s\u00e6t"}]},{"@type":"WebSite","@id":"https:\/\/www.cmiile.com\/da\/#website","url":"https:\/\/www.cmiile.com\/da\/","name":"Cmiile","description":"Hvad dit cmiile mangler","potentialAction":[{"@type":"SearchAction","target":{"@type":"EntryPoint","urlTemplate":"https:\/\/www.cmiile.com\/da\/?s={search_term_string}"},"query-input":{"@type":"PropertyValueSpecification","valueRequired":true,"valueName":"search_term_string"}}],"inLanguage":"da-DK"}]}},"jetpack_sharing_enabled":true,"_links":{"self":[{"href":"https:\/\/www.cmiile.com\/da\/wp-json\/wp\/v2\/product\/72","targetHints":{"allow":["GET"]}}],"collection":[{"href":"https:\/\/www.cmiile.com\/da\/wp-json\/wp\/v2\/product"}],"about":[{"href":"https:\/\/www.cmiile.com\/da\/wp-json\/wp\/v2\/types\/product"}],"replies":[{"embeddable":true,"href":"https:\/\/www.cmiile.com\/da\/wp-json\/wp\/v2\/comments?post=72"}],"wp:featuredmedia":[{"embeddable":true,"href":"https:\/\/www.cmiile.com\/da\/wp-json\/wp\/v2\/media\/22277"}],"wp:attachment":[{"href":"https:\/\/www.cmiile.com\/da\/wp-json\/wp\/v2\/media?parent=72"}],"wp:term":[{"taxonomy":"product_brand","embeddable":true,"href":"https:\/\/www.cmiile.com\/da\/wp-json\/wp\/v2\/product_brand?post=72"},{"taxonomy":"product_cat","embeddable":true,"href":"https:\/\/www.cmiile.com\/da\/wp-json\/wp\/v2\/product_cat?post=72"},{"taxonomy":"product_tag","embeddable":true,"href":"https:\/\/www.cmiile.com\/da\/wp-json\/wp\/v2\/product_tag?post=72"}],"curies":[{"name":"wp","href":"https:\/\/api.w.org\/{rel}","templated":true}]}}