{"id":71,"date":"2019-06-10T16:53:12","date_gmt":"2019-06-10T14:53:12","guid":{"rendered":"https:\/\/www.tillty.com\/cmiile-da\/?post_type=product&#038;p=71"},"modified":"2025-05-18T23:28:12","modified_gmt":"2025-05-18T21:28:12","slug":"tandpasta","status":"publish","type":"product","link":"https:\/\/www.cmiile.com\/da\/produkt\/tandpasta\/","title":{"rendered":"Day &amp; Night Whitening Tandpasta"},"content":{"rendered":"<h5><strong>For vedligeholdelse af blegnings-resultater &amp; forebyggelse af pletter<\/strong><\/h5>\n<p><strong>Day:<\/strong>\u00a0 B\u00f8rst dine t\u00e6nder i 1-2 min. om morgenen.<\/p>\n<p><strong>Night:<\/strong> B\u00f8rst dine t\u00e6nder i 1-2 min. f\u00f8r sengetid.<\/p>\n<p>&nbsp;<\/p>\n<p>Vores Day &amp; Night Tandpasta er perfekt for dig, som \u00f8nsker at holde dine t\u00e6nder rene og fine, samtidig med at du f\u00e5r fjernet de pletter og misfarvninger, som er for\u00e5rsaget af kaffe, te, sodavand og andre farveholdige drikke samt madvarer. Tandpastaen er fri for fluor. Produktet ikke testet p\u00e5 dyr og er vegansk.<\/p>\n<p>Kompliment\u00e9r din tandb\u00f8rste rutine med vores fluor-fri Day &amp; Night Tandpasta, for at bevare en sund mundhygiejne samt f\u00e5 fjernet pletter og misfarvninger.<\/p>\n<p>Tandpastaen indeholder ikke skadelige kemikalier, som penetrerer emaljen.<\/p>\n<p>&nbsp;<\/p>\n<p>&nbsp;<\/p>\n<p>&nbsp;<\/p>\n","protected":false},"excerpt":{"rendered":"<p>Vores Day &amp; Night Tandpasta er designet til at forebygge pletter og fjerne misfarvninger. Day Toothpaste forebygger mod pletter, som kan opst\u00e5 i l\u00f8bet af dagen. Night Toothpaste fjerner pletter og lysner t\u00e6nderne gradvist.<\/p>\n<ul class=\"checkmark\">\n<li>Beskytter dine t\u00e6nder imod pletter<\/li>\n<li>Fjerner pletter og bleger<\/li>\n<li>Vedligeholder resultater<\/li>\n<li>Fri for Fluorid<\/li>\n<\/ul>\n","protected":false},"featured_media":22179,"comment_status":"open","ping_status":"closed","template":"","meta":{"_custom_body_class":""},"product_brand":[],"product_cat":[16],"product_tag":[],"class_list":{"0":"post-71","1":"product","2":"type-product","3":"status-publish","4":"has-post-thumbnail","6":"product_cat-products","8":"first","9":"outofstock","10":"featured","11":"taxable","12":"shipping-taxable","13":"purchasable","14":"product-type-simple"},"bundled_by":["21328","14033"],"bundle_stock_status":"outofstock","bundle_stock_quantity":null,"bundle_virtual":false,"bundle_layout":"","bundle_add_to_cart_form_location":"","bundle_editable_in_cart":false,"bundle_sold_individually_context":"","bundle_item_grouping":"","bundle_min_size":"","bundle_max_size":"","bundled_items":[],"bundle_sell_ids":[],"yoast_head":"<!-- This site is optimized with the Yoast SEO plugin v27.3 - https:\/\/yoast.com\/product\/yoast-seo-wordpress\/ -->\n<title>Day &amp; Night Whitening Tandpasta - fjerner pletter og misfarvninger<\/title>\n<meta name=\"description\" content=\"Vores Day &amp; Night Whitening Tandpasta er designet til at forebygge pletter og til blegning af dine t\u00e6nder. Tandpastaen er fri for flour og vegansk.\" \/>\n<meta name=\"robots\" content=\"index, follow, max-snippet:-1, max-image-preview:large, max-video-preview:-1\" \/>\n<link rel=\"canonical\" href=\"https:\/\/www.cmiile.com\/da\/produkt\/tandpasta\/\" \/>\n<meta property=\"og:locale\" content=\"da_DK\" \/>\n<meta property=\"og:type\" content=\"article\" \/>\n<meta property=\"og:title\" content=\"Day &amp; Night Whitening Tandpasta - fjerner pletter og misfarvninger\" \/>\n<meta property=\"og:description\" content=\"Vores Day &amp; Night Whitening Tandpasta er designet til at forebygge pletter og til blegning af dine t\u00e6nder. Tandpastaen er fri for flour og vegansk.\" \/>\n<meta property=\"og:url\" content=\"https:\/\/www.cmiile.com\/da\/produkt\/tandpasta\/\" \/>\n<meta property=\"og:site_name\" content=\"Cmiile\" \/>\n<meta property=\"article:modified_time\" content=\"2025-05-18T21:28:12+00:00\" \/>\n<meta property=\"og:image\" content=\"https:\/\/www.cmiile.com\/da\/wp-content\/uploads\/sites\/13\/2019\/06\/Cmiile_2021-09-141222.jpg\" \/>\n\t<meta property=\"og:image:width\" content=\"1200\" \/>\n\t<meta property=\"og:image:height\" content=\"1200\" \/>\n\t<meta property=\"og:image:type\" content=\"image\/jpeg\" \/>\n<meta name=\"twitter:card\" content=\"summary_large_image\" \/>\n<script type=\"application\/ld+json\" class=\"yoast-schema-graph\">{\"@context\":\"https:\\\/\\\/schema.org\",\"@graph\":[{\"@type\":\"WebPage\",\"@id\":\"https:\\\/\\\/www.cmiile.com\\\/da\\\/produkt\\\/tandpasta\\\/\",\"url\":\"https:\\\/\\\/www.cmiile.com\\\/da\\\/produkt\\\/tandpasta\\\/\",\"name\":\"Day &amp; Night Whitening Tandpasta - fjerner pletter og misfarvninger\",\"isPartOf\":{\"@id\":\"https:\\\/\\\/www.cmiile.com\\\/da\\\/#website\"},\"primaryImageOfPage\":{\"@id\":\"https:\\\/\\\/www.cmiile.com\\\/da\\\/produkt\\\/tandpasta\\\/#primaryimage\"},\"image\":{\"@id\":\"https:\\\/\\\/www.cmiile.com\\\/da\\\/produkt\\\/tandpasta\\\/#primaryimage\"},\"thumbnailUrl\":\"https:\\\/\\\/i0.wp.com\\\/www.cmiile.com\\\/da\\\/wp-content\\\/uploads\\\/sites\\\/13\\\/2019\\\/06\\\/Cmiile_2021-09-141222.jpg?fit=1200%2C1200&ssl=1\",\"datePublished\":\"2019-06-10T14:53:12+00:00\",\"dateModified\":\"2025-05-18T21:28:12+00:00\",\"description\":\"Vores Day & Night Whitening Tandpasta er designet til at forebygge pletter og til blegning af dine t\u00e6nder. Tandpastaen er fri for flour og vegansk.\",\"breadcrumb\":{\"@id\":\"https:\\\/\\\/www.cmiile.com\\\/da\\\/produkt\\\/tandpasta\\\/#breadcrumb\"},\"inLanguage\":\"da-DK\",\"potentialAction\":[{\"@type\":\"ReadAction\",\"target\":[\"https:\\\/\\\/www.cmiile.com\\\/da\\\/produkt\\\/tandpasta\\\/\"]}]},{\"@type\":\"ImageObject\",\"inLanguage\":\"da-DK\",\"@id\":\"https:\\\/\\\/www.cmiile.com\\\/da\\\/produkt\\\/tandpasta\\\/#primaryimage\",\"url\":\"https:\\\/\\\/i0.wp.com\\\/www.cmiile.com\\\/da\\\/wp-content\\\/uploads\\\/sites\\\/13\\\/2019\\\/06\\\/Cmiile_2021-09-141222.jpg?fit=1200%2C1200&ssl=1\",\"contentUrl\":\"https:\\\/\\\/i0.wp.com\\\/www.cmiile.com\\\/da\\\/wp-content\\\/uploads\\\/sites\\\/13\\\/2019\\\/06\\\/Cmiile_2021-09-141222.jpg?fit=1200%2C1200&ssl=1\",\"width\":1200,\"height\":1200,\"caption\":\"Whitening Tandpasta\"},{\"@type\":\"BreadcrumbList\",\"@id\":\"https:\\\/\\\/www.cmiile.com\\\/da\\\/produkt\\\/tandpasta\\\/#breadcrumb\",\"itemListElement\":[{\"@type\":\"ListItem\",\"position\":1,\"name\":\"Produkter\",\"item\":\"https:\\\/\\\/www.cmiile.com\\\/da\\\/produkter\\\/\"},{\"@type\":\"ListItem\",\"position\":2,\"name\":\"Day &amp; Night Whitening Tandpasta\"}]},{\"@type\":\"WebSite\",\"@id\":\"https:\\\/\\\/www.cmiile.com\\\/da\\\/#website\",\"url\":\"https:\\\/\\\/www.cmiile.com\\\/da\\\/\",\"name\":\"Cmiile\",\"description\":\"Hvad dit cmiile mangler\",\"potentialAction\":[{\"@type\":\"SearchAction\",\"target\":{\"@type\":\"EntryPoint\",\"urlTemplate\":\"https:\\\/\\\/www.cmiile.com\\\/da\\\/?s={search_term_string}\"},\"query-input\":{\"@type\":\"PropertyValueSpecification\",\"valueRequired\":true,\"valueName\":\"search_term_string\"}}],\"inLanguage\":\"da-DK\"}]}<\/script>\n<!-- \/ Yoast SEO plugin. -->","yoast_head_json":{"title":"Day &amp; Night Whitening Tandpasta - fjerner pletter og misfarvninger","description":"Vores Day & Night Whitening Tandpasta er designet til at forebygge pletter og til blegning af dine t\u00e6nder. Tandpastaen er fri for flour og vegansk.","robots":{"index":"index","follow":"follow","max-snippet":"max-snippet:-1","max-image-preview":"max-image-preview:large","max-video-preview":"max-video-preview:-1"},"canonical":"https:\/\/www.cmiile.com\/da\/produkt\/tandpasta\/","og_locale":"da_DK","og_type":"article","og_title":"Day &amp; Night Whitening Tandpasta - fjerner pletter og misfarvninger","og_description":"Vores Day & Night Whitening Tandpasta er designet til at forebygge pletter og til blegning af dine t\u00e6nder. Tandpastaen er fri for flour og vegansk.","og_url":"https:\/\/www.cmiile.com\/da\/produkt\/tandpasta\/","og_site_name":"Cmiile","article_modified_time":"2025-05-18T21:28:12+00:00","og_image":[{"width":1200,"height":1200,"url":"https:\/\/www.cmiile.com\/da\/wp-content\/uploads\/sites\/13\/2019\/06\/Cmiile_2021-09-141222.jpg","type":"image\/jpeg"}],"twitter_card":"summary_large_image","schema":{"@context":"https:\/\/schema.org","@graph":[{"@type":"WebPage","@id":"https:\/\/www.cmiile.com\/da\/produkt\/tandpasta\/","url":"https:\/\/www.cmiile.com\/da\/produkt\/tandpasta\/","name":"Day &amp; Night Whitening Tandpasta - fjerner pletter og misfarvninger","isPartOf":{"@id":"https:\/\/www.cmiile.com\/da\/#website"},"primaryImageOfPage":{"@id":"https:\/\/www.cmiile.com\/da\/produkt\/tandpasta\/#primaryimage"},"image":{"@id":"https:\/\/www.cmiile.com\/da\/produkt\/tandpasta\/#primaryimage"},"thumbnailUrl":"https:\/\/i0.wp.com\/www.cmiile.com\/da\/wp-content\/uploads\/sites\/13\/2019\/06\/Cmiile_2021-09-141222.jpg?fit=1200%2C1200&ssl=1","datePublished":"2019-06-10T14:53:12+00:00","dateModified":"2025-05-18T21:28:12+00:00","description":"Vores Day & Night Whitening Tandpasta er designet til at forebygge pletter og til blegning af dine t\u00e6nder. Tandpastaen er fri for flour og vegansk.","breadcrumb":{"@id":"https:\/\/www.cmiile.com\/da\/produkt\/tandpasta\/#breadcrumb"},"inLanguage":"da-DK","potentialAction":[{"@type":"ReadAction","target":["https:\/\/www.cmiile.com\/da\/produkt\/tandpasta\/"]}]},{"@type":"ImageObject","inLanguage":"da-DK","@id":"https:\/\/www.cmiile.com\/da\/produkt\/tandpasta\/#primaryimage","url":"https:\/\/i0.wp.com\/www.cmiile.com\/da\/wp-content\/uploads\/sites\/13\/2019\/06\/Cmiile_2021-09-141222.jpg?fit=1200%2C1200&ssl=1","contentUrl":"https:\/\/i0.wp.com\/www.cmiile.com\/da\/wp-content\/uploads\/sites\/13\/2019\/06\/Cmiile_2021-09-141222.jpg?fit=1200%2C1200&ssl=1","width":1200,"height":1200,"caption":"Whitening Tandpasta"},{"@type":"BreadcrumbList","@id":"https:\/\/www.cmiile.com\/da\/produkt\/tandpasta\/#breadcrumb","itemListElement":[{"@type":"ListItem","position":1,"name":"Produkter","item":"https:\/\/www.cmiile.com\/da\/produkter\/"},{"@type":"ListItem","position":2,"name":"Day &amp; Night Whitening Tandpasta"}]},{"@type":"WebSite","@id":"https:\/\/www.cmiile.com\/da\/#website","url":"https:\/\/www.cmiile.com\/da\/","name":"Cmiile","description":"Hvad dit cmiile mangler","potentialAction":[{"@type":"SearchAction","target":{"@type":"EntryPoint","urlTemplate":"https:\/\/www.cmiile.com\/da\/?s={search_term_string}"},"query-input":{"@type":"PropertyValueSpecification","valueRequired":true,"valueName":"search_term_string"}}],"inLanguage":"da-DK"}]}},"jetpack_sharing_enabled":true,"_links":{"self":[{"href":"https:\/\/www.cmiile.com\/da\/wp-json\/wp\/v2\/product\/71","targetHints":{"allow":["GET"]}}],"collection":[{"href":"https:\/\/www.cmiile.com\/da\/wp-json\/wp\/v2\/product"}],"about":[{"href":"https:\/\/www.cmiile.com\/da\/wp-json\/wp\/v2\/types\/product"}],"replies":[{"embeddable":true,"href":"https:\/\/www.cmiile.com\/da\/wp-json\/wp\/v2\/comments?post=71"}],"wp:featuredmedia":[{"embeddable":true,"href":"https:\/\/www.cmiile.com\/da\/wp-json\/wp\/v2\/media\/22179"}],"wp:attachment":[{"href":"https:\/\/www.cmiile.com\/da\/wp-json\/wp\/v2\/media?parent=71"}],"wp:term":[{"taxonomy":"product_brand","embeddable":true,"href":"https:\/\/www.cmiile.com\/da\/wp-json\/wp\/v2\/product_brand?post=71"},{"taxonomy":"product_cat","embeddable":true,"href":"https:\/\/www.cmiile.com\/da\/wp-json\/wp\/v2\/product_cat?post=71"},{"taxonomy":"product_tag","embeddable":true,"href":"https:\/\/www.cmiile.com\/da\/wp-json\/wp\/v2\/product_tag?post=71"}],"curies":[{"name":"wp","href":"https:\/\/api.w.org\/{rel}","templated":true}]}}