{"id":70,"date":"2019-06-10T16:52:47","date_gmt":"2019-06-10T14:52:47","guid":{"rendered":"https:\/\/www.tillty.com\/cmiile-da\/?post_type=product&#038;p=70"},"modified":"2025-05-09T14:42:03","modified_gmt":"2025-05-09T12:42:03","slug":"kul-tandblegning","status":"publish","type":"product","link":"https:\/\/www.cmiile.com\/da\/produkt\/kul-tandblegning\/","title":{"rendered":"Kul tandblegning"},"content":{"rendered":"<p>Cmiile kul tandblegning er til dig der gerne vil have hvidere t\u00e6nder med et 100% naturligt produkt. Kul tandblegning fjerner misfarvninger og giver dig hvidere og renere t\u00e6nder effektivt. Produktet er 100% naturligt.<\/p>\n<p>*Resultater kan variere fra person til person<\/p>\n<p>&nbsp;<\/p>\n<p><span class=\"embed-youtube\" style=\"text-align:center; display: block;\"><iframe loading=\"lazy\" class=\"youtube-player\" width=\"640\" height=\"360\" src=\"https:\/\/www.youtube.com\/embed\/qdHMdwXJHsg?version=3&#038;rel=1&#038;showsearch=0&#038;showinfo=1&#038;iv_load_policy=1&#038;fs=1&#038;hl=da-DK&#038;autohide=2&#038;wmode=transparent\" allowfullscreen=\"true\" style=\"border:0;\" sandbox=\"allow-scripts allow-same-origin allow-popups allow-presentation allow-popups-to-escape-sandbox\"><\/iframe><\/span><\/p>\n<p>&nbsp;<\/p>\n","protected":false},"excerpt":{"rendered":"<p>Cmiile kul tandblegning er til dig der gerne vil have hvidere t\u00e6nder med et 100% naturligt produkt. Kul tandblegning fjerner misfarvninger og giver dig hvidere og renere t\u00e6nder sk\u00e5nsomt og effektivt. Produktet er 100% naturlig og ren kokosn\u00f8ddeskal, og er derfor ikke skadeligt.<\/p>\n<ul class=\"checkmark\">\n<li>Fjerner pletter og giver dig din naturlige tandfarve tilbage<\/li>\n<li>Fri for skadelige kemikalier og kunstige tils\u00e6tningsstoffer<\/li>\n<li>Lavet af 100% ren &amp; naturlig kokosn\u00f8ddeskal<\/li>\n<\/ul>\n","protected":false},"featured_media":22190,"comment_status":"open","ping_status":"closed","template":"","meta":{"_custom_body_class":""},"product_brand":[],"product_cat":[16],"product_tag":[],"class_list":{"0":"post-70","1":"product","2":"type-product","3":"status-publish","4":"has-post-thumbnail","6":"product_cat-products","8":"first","9":"instock","10":"taxable","11":"shipping-taxable","12":"purchasable","13":"product-type-simple"},"bundled_by":["21776","14033"],"bundle_stock_status":"instock","bundle_stock_quantity":null,"bundle_virtual":false,"bundle_layout":"","bundle_add_to_cart_form_location":"","bundle_editable_in_cart":false,"bundle_sold_individually_context":"","bundle_item_grouping":"","bundle_min_size":"","bundle_max_size":"","bundled_items":[],"bundle_sell_ids":[],"yoast_head":"<!-- This site is optimized with the Yoast SEO plugin v27.3 - https:\/\/yoast.com\/product\/yoast-seo-wordpress\/ -->\n<title>Kul tandblegning - 100% naturlig tandblegning med aktiveret kul<\/title>\n<meta name=\"description\" content=\"Cmiile Natural Whitening Coco er 100% naturlig tandblegning, som er baseret p\u00e5 aktiveret kul fra naturlig kokosn\u00f8ddeskal.\" \/>\n<meta name=\"robots\" content=\"index, follow, max-snippet:-1, max-image-preview:large, max-video-preview:-1\" \/>\n<link rel=\"canonical\" href=\"https:\/\/www.cmiile.com\/da\/produkt\/kul-tandblegning\/\" \/>\n<meta property=\"og:locale\" content=\"da_DK\" \/>\n<meta property=\"og:type\" content=\"article\" \/>\n<meta property=\"og:title\" content=\"Kul tandblegning - 100% naturlig tandblegning med aktiveret kul\" \/>\n<meta property=\"og:description\" content=\"Cmiile Natural Whitening Coco er 100% naturlig tandblegning, som er baseret p\u00e5 aktiveret kul fra naturlig kokosn\u00f8ddeskal.\" \/>\n<meta property=\"og:url\" content=\"https:\/\/www.cmiile.com\/da\/produkt\/kul-tandblegning\/\" \/>\n<meta property=\"og:site_name\" content=\"Cmiile\" \/>\n<meta property=\"article:modified_time\" content=\"2025-05-09T12:42:03+00:00\" \/>\n<meta property=\"og:image\" content=\"https:\/\/www.cmiile.com\/da\/wp-content\/uploads\/sites\/13\/2019\/06\/Cmiile_2021-09-141080.jpg\" \/>\n\t<meta property=\"og:image:width\" content=\"1200\" \/>\n\t<meta property=\"og:image:height\" content=\"1200\" \/>\n\t<meta property=\"og:image:type\" content=\"image\/jpeg\" \/>\n<meta name=\"twitter:card\" content=\"summary_large_image\" \/>\n<script type=\"application\/ld+json\" class=\"yoast-schema-graph\">{\"@context\":\"https:\\\/\\\/schema.org\",\"@graph\":[{\"@type\":\"WebPage\",\"@id\":\"https:\\\/\\\/www.cmiile.com\\\/da\\\/produkt\\\/kul-tandblegning\\\/\",\"url\":\"https:\\\/\\\/www.cmiile.com\\\/da\\\/produkt\\\/kul-tandblegning\\\/\",\"name\":\"Kul tandblegning - 100% naturlig tandblegning med aktiveret kul\",\"isPartOf\":{\"@id\":\"https:\\\/\\\/www.cmiile.com\\\/da\\\/#website\"},\"primaryImageOfPage\":{\"@id\":\"https:\\\/\\\/www.cmiile.com\\\/da\\\/produkt\\\/kul-tandblegning\\\/#primaryimage\"},\"image\":{\"@id\":\"https:\\\/\\\/www.cmiile.com\\\/da\\\/produkt\\\/kul-tandblegning\\\/#primaryimage\"},\"thumbnailUrl\":\"https:\\\/\\\/i0.wp.com\\\/www.cmiile.com\\\/da\\\/wp-content\\\/uploads\\\/sites\\\/13\\\/2019\\\/06\\\/Cmiile_2021-09-141080.jpg?fit=1200%2C1200&ssl=1\",\"datePublished\":\"2019-06-10T14:52:47+00:00\",\"dateModified\":\"2025-05-09T12:42:03+00:00\",\"description\":\"Cmiile Natural Whitening Coco er 100% naturlig tandblegning, som er baseret p\u00e5 aktiveret kul fra naturlig kokosn\u00f8ddeskal.\",\"breadcrumb\":{\"@id\":\"https:\\\/\\\/www.cmiile.com\\\/da\\\/produkt\\\/kul-tandblegning\\\/#breadcrumb\"},\"inLanguage\":\"da-DK\",\"potentialAction\":[{\"@type\":\"ReadAction\",\"target\":[\"https:\\\/\\\/www.cmiile.com\\\/da\\\/produkt\\\/kul-tandblegning\\\/\"]}]},{\"@type\":\"ImageObject\",\"inLanguage\":\"da-DK\",\"@id\":\"https:\\\/\\\/www.cmiile.com\\\/da\\\/produkt\\\/kul-tandblegning\\\/#primaryimage\",\"url\":\"https:\\\/\\\/i0.wp.com\\\/www.cmiile.com\\\/da\\\/wp-content\\\/uploads\\\/sites\\\/13\\\/2019\\\/06\\\/Cmiile_2021-09-141080.jpg?fit=1200%2C1200&ssl=1\",\"contentUrl\":\"https:\\\/\\\/i0.wp.com\\\/www.cmiile.com\\\/da\\\/wp-content\\\/uploads\\\/sites\\\/13\\\/2019\\\/06\\\/Cmiile_2021-09-141080.jpg?fit=1200%2C1200&ssl=1\",\"width\":1200,\"height\":1200,\"caption\":\"Aktivt kul\"},{\"@type\":\"BreadcrumbList\",\"@id\":\"https:\\\/\\\/www.cmiile.com\\\/da\\\/produkt\\\/kul-tandblegning\\\/#breadcrumb\",\"itemListElement\":[{\"@type\":\"ListItem\",\"position\":1,\"name\":\"Produkter\",\"item\":\"https:\\\/\\\/www.cmiile.com\\\/da\\\/produkter\\\/\"},{\"@type\":\"ListItem\",\"position\":2,\"name\":\"Kul tandblegning\"}]},{\"@type\":\"WebSite\",\"@id\":\"https:\\\/\\\/www.cmiile.com\\\/da\\\/#website\",\"url\":\"https:\\\/\\\/www.cmiile.com\\\/da\\\/\",\"name\":\"Cmiile\",\"description\":\"Hvad dit cmiile mangler\",\"potentialAction\":[{\"@type\":\"SearchAction\",\"target\":{\"@type\":\"EntryPoint\",\"urlTemplate\":\"https:\\\/\\\/www.cmiile.com\\\/da\\\/?s={search_term_string}\"},\"query-input\":{\"@type\":\"PropertyValueSpecification\",\"valueRequired\":true,\"valueName\":\"search_term_string\"}}],\"inLanguage\":\"da-DK\"}]}<\/script>\n<!-- \/ Yoast SEO plugin. -->","yoast_head_json":{"title":"Kul tandblegning - 100% naturlig tandblegning med aktiveret kul","description":"Cmiile Natural Whitening Coco er 100% naturlig tandblegning, som er baseret p\u00e5 aktiveret kul fra naturlig kokosn\u00f8ddeskal.","robots":{"index":"index","follow":"follow","max-snippet":"max-snippet:-1","max-image-preview":"max-image-preview:large","max-video-preview":"max-video-preview:-1"},"canonical":"https:\/\/www.cmiile.com\/da\/produkt\/kul-tandblegning\/","og_locale":"da_DK","og_type":"article","og_title":"Kul tandblegning - 100% naturlig tandblegning med aktiveret kul","og_description":"Cmiile Natural Whitening Coco er 100% naturlig tandblegning, som er baseret p\u00e5 aktiveret kul fra naturlig kokosn\u00f8ddeskal.","og_url":"https:\/\/www.cmiile.com\/da\/produkt\/kul-tandblegning\/","og_site_name":"Cmiile","article_modified_time":"2025-05-09T12:42:03+00:00","og_image":[{"width":1200,"height":1200,"url":"https:\/\/www.cmiile.com\/da\/wp-content\/uploads\/sites\/13\/2019\/06\/Cmiile_2021-09-141080.jpg","type":"image\/jpeg"}],"twitter_card":"summary_large_image","schema":{"@context":"https:\/\/schema.org","@graph":[{"@type":"WebPage","@id":"https:\/\/www.cmiile.com\/da\/produkt\/kul-tandblegning\/","url":"https:\/\/www.cmiile.com\/da\/produkt\/kul-tandblegning\/","name":"Kul tandblegning - 100% naturlig tandblegning med aktiveret kul","isPartOf":{"@id":"https:\/\/www.cmiile.com\/da\/#website"},"primaryImageOfPage":{"@id":"https:\/\/www.cmiile.com\/da\/produkt\/kul-tandblegning\/#primaryimage"},"image":{"@id":"https:\/\/www.cmiile.com\/da\/produkt\/kul-tandblegning\/#primaryimage"},"thumbnailUrl":"https:\/\/i0.wp.com\/www.cmiile.com\/da\/wp-content\/uploads\/sites\/13\/2019\/06\/Cmiile_2021-09-141080.jpg?fit=1200%2C1200&ssl=1","datePublished":"2019-06-10T14:52:47+00:00","dateModified":"2025-05-09T12:42:03+00:00","description":"Cmiile Natural Whitening Coco er 100% naturlig tandblegning, som er baseret p\u00e5 aktiveret kul fra naturlig kokosn\u00f8ddeskal.","breadcrumb":{"@id":"https:\/\/www.cmiile.com\/da\/produkt\/kul-tandblegning\/#breadcrumb"},"inLanguage":"da-DK","potentialAction":[{"@type":"ReadAction","target":["https:\/\/www.cmiile.com\/da\/produkt\/kul-tandblegning\/"]}]},{"@type":"ImageObject","inLanguage":"da-DK","@id":"https:\/\/www.cmiile.com\/da\/produkt\/kul-tandblegning\/#primaryimage","url":"https:\/\/i0.wp.com\/www.cmiile.com\/da\/wp-content\/uploads\/sites\/13\/2019\/06\/Cmiile_2021-09-141080.jpg?fit=1200%2C1200&ssl=1","contentUrl":"https:\/\/i0.wp.com\/www.cmiile.com\/da\/wp-content\/uploads\/sites\/13\/2019\/06\/Cmiile_2021-09-141080.jpg?fit=1200%2C1200&ssl=1","width":1200,"height":1200,"caption":"Aktivt kul"},{"@type":"BreadcrumbList","@id":"https:\/\/www.cmiile.com\/da\/produkt\/kul-tandblegning\/#breadcrumb","itemListElement":[{"@type":"ListItem","position":1,"name":"Produkter","item":"https:\/\/www.cmiile.com\/da\/produkter\/"},{"@type":"ListItem","position":2,"name":"Kul tandblegning"}]},{"@type":"WebSite","@id":"https:\/\/www.cmiile.com\/da\/#website","url":"https:\/\/www.cmiile.com\/da\/","name":"Cmiile","description":"Hvad dit cmiile mangler","potentialAction":[{"@type":"SearchAction","target":{"@type":"EntryPoint","urlTemplate":"https:\/\/www.cmiile.com\/da\/?s={search_term_string}"},"query-input":{"@type":"PropertyValueSpecification","valueRequired":true,"valueName":"search_term_string"}}],"inLanguage":"da-DK"}]}},"jetpack_sharing_enabled":true,"_links":{"self":[{"href":"https:\/\/www.cmiile.com\/da\/wp-json\/wp\/v2\/product\/70","targetHints":{"allow":["GET"]}}],"collection":[{"href":"https:\/\/www.cmiile.com\/da\/wp-json\/wp\/v2\/product"}],"about":[{"href":"https:\/\/www.cmiile.com\/da\/wp-json\/wp\/v2\/types\/product"}],"replies":[{"embeddable":true,"href":"https:\/\/www.cmiile.com\/da\/wp-json\/wp\/v2\/comments?post=70"}],"wp:featuredmedia":[{"embeddable":true,"href":"https:\/\/www.cmiile.com\/da\/wp-json\/wp\/v2\/media\/22190"}],"wp:attachment":[{"href":"https:\/\/www.cmiile.com\/da\/wp-json\/wp\/v2\/media?parent=70"}],"wp:term":[{"taxonomy":"product_brand","embeddable":true,"href":"https:\/\/www.cmiile.com\/da\/wp-json\/wp\/v2\/product_brand?post=70"},{"taxonomy":"product_cat","embeddable":true,"href":"https:\/\/www.cmiile.com\/da\/wp-json\/wp\/v2\/product_cat?post=70"},{"taxonomy":"product_tag","embeddable":true,"href":"https:\/\/www.cmiile.com\/da\/wp-json\/wp\/v2\/product_tag?post=70"}],"curies":[{"name":"wp","href":"https:\/\/api.w.org\/{rel}","templated":true}]}}