{"id":58,"date":"2019-06-10T15:14:56","date_gmt":"2019-06-10T13:14:56","guid":{"rendered":"https:\/\/www.tillty.com\/cmiile-da\/?post_type=product&#038;p=58"},"modified":"2025-10-28T18:00:05","modified_gmt":"2025-10-28T17:00:05","slug":"tandblegningsgel","status":"publish","type":"product","link":"https:\/\/www.cmiile.com\/da\/produkt\/tandblegningsgel\/","title":{"rendered":"Tandblegningsgel"},"content":{"rendered":"<p>Vores blegningsformel er klinisk bevist til at blege t\u00e6nderne ved kombination af vores aktive blegningsingrediens PAP og vores avancerede LED-teknologi. <strong>Phthalimidoperoxycapronsyre (PAP)<\/strong> er et mildere alternativ til hydrogenperoxid. PAP har vist sig at blege t\u00e6nderne uden at skade den indre eller ydre tandstruktur. Dette giver mulighed for hvidere t\u00e6nder uden at g\u00e5 p\u00e5 kompromis med tandsundheden.<\/p>\n<p>&nbsp;<\/p>\n","protected":false},"excerpt":{"rendered":"<p>Udl\u00f8bsdato p\u00e5 produktet er ved en fejl lavet til 01-12-2024. Produktets holdbarhed er 6 m\u00e5neder l\u00e6ngere &#8211; Derfor den billigere pris.<\/p>\n<p>En pakke med tandblegningsgel indeholder 3 syrener nok til 6 behandlinger, til at vedligeholde og forbedre dine resultater. Vores tandblegningsgel er peroxid-fri.<\/p>\n<ul class=\"checkmark\">\n<li>Klinisk bevist af tandl\u00e6ger<\/li>\n<li>Resultater efter 10 min<\/li>\n<li>Ingen smerte eller sensitivitet<\/li>\n<li>Fri for brintoverilte og fri for skadelige kemikalier<\/li>\n<\/ul>\n","protected":false},"featured_media":22278,"comment_status":"open","ping_status":"closed","template":"","meta":{"_custom_body_class":""},"product_brand":[],"product_cat":[16],"product_tag":[],"class_list":{"0":"post-58","1":"product","2":"type-product","3":"status-publish","4":"has-post-thumbnail","6":"product_cat-products","8":"first","9":"instock","10":"taxable","11":"shipping-taxable","12":"purchasable","13":"product-type-simple"},"bundled_by":["14056","21874","22689"],"bundle_stock_status":"instock","bundle_stock_quantity":null,"bundle_virtual":false,"bundle_layout":"","bundle_add_to_cart_form_location":"","bundle_editable_in_cart":false,"bundle_sold_individually_context":"","bundle_item_grouping":"","bundle_min_size":"","bundle_max_size":"","bundled_items":[],"bundle_sell_ids":[22808],"yoast_head":"<!-- This site is optimized with the Yoast SEO plugin v27.5 - https:\/\/yoast.com\/product\/yoast-seo-wordpress\/ -->\n<title>Tandblegningsgel - Giver hvidere t\u00e6nder p\u00e5 kun 10 min.<\/title>\n<meta name=\"description\" content=\"En pakke med tandblegningsgel indeholder 3 syrener nok til 6 behandlinger, til at vedligeholde og forbedre dine resultater.\" \/>\n<meta name=\"robots\" content=\"index, follow, max-snippet:-1, max-image-preview:large, max-video-preview:-1\" \/>\n<link rel=\"canonical\" href=\"https:\/\/www.cmiile.com\/da\/produkt\/tandblegningsgel\/\" \/>\n<meta property=\"og:locale\" content=\"da_DK\" \/>\n<meta property=\"og:type\" content=\"article\" \/>\n<meta property=\"og:title\" content=\"Tandblegningsgel - Giver hvidere t\u00e6nder p\u00e5 kun 10 min.\" \/>\n<meta property=\"og:description\" content=\"En pakke med tandblegningsgel indeholder 3 syrener nok til 6 behandlinger, til at vedligeholde og forbedre dine resultater.\" \/>\n<meta property=\"og:url\" content=\"https:\/\/www.cmiile.com\/da\/produkt\/tandblegningsgel\/\" \/>\n<meta property=\"og:site_name\" content=\"Cmiile\" \/>\n<meta property=\"article:modified_time\" content=\"2025-10-28T17:00:05+00:00\" \/>\n<meta property=\"og:image\" content=\"https:\/\/www.cmiile.com\/da\/wp-content\/uploads\/sites\/13\/2019\/06\/Cmiile_2021-09-141045.jpg\" \/>\n\t<meta property=\"og:image:width\" content=\"1200\" \/>\n\t<meta property=\"og:image:height\" content=\"1200\" \/>\n\t<meta property=\"og:image:type\" content=\"image\/jpeg\" \/>\n<meta name=\"twitter:card\" content=\"summary_large_image\" \/>\n<script type=\"application\/ld+json\" class=\"yoast-schema-graph\">{\"@context\":\"https:\\\/\\\/schema.org\",\"@graph\":[{\"@type\":\"WebPage\",\"@id\":\"https:\\\/\\\/www.cmiile.com\\\/da\\\/produkt\\\/tandblegningsgel\\\/\",\"url\":\"https:\\\/\\\/www.cmiile.com\\\/da\\\/produkt\\\/tandblegningsgel\\\/\",\"name\":\"Tandblegningsgel - Giver hvidere t\u00e6nder p\u00e5 kun 10 min.\",\"isPartOf\":{\"@id\":\"https:\\\/\\\/www.cmiile.com\\\/da\\\/#website\"},\"primaryImageOfPage\":{\"@id\":\"https:\\\/\\\/www.cmiile.com\\\/da\\\/produkt\\\/tandblegningsgel\\\/#primaryimage\"},\"image\":{\"@id\":\"https:\\\/\\\/www.cmiile.com\\\/da\\\/produkt\\\/tandblegningsgel\\\/#primaryimage\"},\"thumbnailUrl\":\"https:\\\/\\\/i0.wp.com\\\/www.cmiile.com\\\/da\\\/wp-content\\\/uploads\\\/sites\\\/13\\\/2019\\\/06\\\/Cmiile_2021-09-141045.jpg?fit=1200%2C1200&ssl=1\",\"datePublished\":\"2019-06-10T13:14:56+00:00\",\"dateModified\":\"2025-10-28T17:00:05+00:00\",\"description\":\"En pakke med tandblegningsgel indeholder 3 syrener nok til 6 behandlinger, til at vedligeholde og forbedre dine resultater.\",\"breadcrumb\":{\"@id\":\"https:\\\/\\\/www.cmiile.com\\\/da\\\/produkt\\\/tandblegningsgel\\\/#breadcrumb\"},\"inLanguage\":\"da-DK\",\"potentialAction\":[{\"@type\":\"ReadAction\",\"target\":[\"https:\\\/\\\/www.cmiile.com\\\/da\\\/produkt\\\/tandblegningsgel\\\/\"]}]},{\"@type\":\"ImageObject\",\"inLanguage\":\"da-DK\",\"@id\":\"https:\\\/\\\/www.cmiile.com\\\/da\\\/produkt\\\/tandblegningsgel\\\/#primaryimage\",\"url\":\"https:\\\/\\\/i0.wp.com\\\/www.cmiile.com\\\/da\\\/wp-content\\\/uploads\\\/sites\\\/13\\\/2019\\\/06\\\/Cmiile_2021-09-141045.jpg?fit=1200%2C1200&ssl=1\",\"contentUrl\":\"https:\\\/\\\/i0.wp.com\\\/www.cmiile.com\\\/da\\\/wp-content\\\/uploads\\\/sites\\\/13\\\/2019\\\/06\\\/Cmiile_2021-09-141045.jpg?fit=1200%2C1200&ssl=1\",\"width\":1200,\"height\":1200,\"caption\":\"Tandblegning refill\"},{\"@type\":\"BreadcrumbList\",\"@id\":\"https:\\\/\\\/www.cmiile.com\\\/da\\\/produkt\\\/tandblegningsgel\\\/#breadcrumb\",\"itemListElement\":[{\"@type\":\"ListItem\",\"position\":1,\"name\":\"Produkter\",\"item\":\"https:\\\/\\\/www.cmiile.com\\\/da\\\/produkter\\\/\"},{\"@type\":\"ListItem\",\"position\":2,\"name\":\"Tandblegningsgel\"}]},{\"@type\":\"WebSite\",\"@id\":\"https:\\\/\\\/www.cmiile.com\\\/da\\\/#website\",\"url\":\"https:\\\/\\\/www.cmiile.com\\\/da\\\/\",\"name\":\"Cmiile\",\"description\":\"Hvad dit cmiile mangler\",\"potentialAction\":[{\"@type\":\"SearchAction\",\"target\":{\"@type\":\"EntryPoint\",\"urlTemplate\":\"https:\\\/\\\/www.cmiile.com\\\/da\\\/?s={search_term_string}\"},\"query-input\":{\"@type\":\"PropertyValueSpecification\",\"valueRequired\":true,\"valueName\":\"search_term_string\"}}],\"inLanguage\":\"da-DK\"}]}<\/script>\n<!-- \/ Yoast SEO plugin. -->","yoast_head_json":{"title":"Tandblegningsgel - Giver hvidere t\u00e6nder p\u00e5 kun 10 min.","description":"En pakke med tandblegningsgel indeholder 3 syrener nok til 6 behandlinger, til at vedligeholde og forbedre dine resultater.","robots":{"index":"index","follow":"follow","max-snippet":"max-snippet:-1","max-image-preview":"max-image-preview:large","max-video-preview":"max-video-preview:-1"},"canonical":"https:\/\/www.cmiile.com\/da\/produkt\/tandblegningsgel\/","og_locale":"da_DK","og_type":"article","og_title":"Tandblegningsgel - Giver hvidere t\u00e6nder p\u00e5 kun 10 min.","og_description":"En pakke med tandblegningsgel indeholder 3 syrener nok til 6 behandlinger, til at vedligeholde og forbedre dine resultater.","og_url":"https:\/\/www.cmiile.com\/da\/produkt\/tandblegningsgel\/","og_site_name":"Cmiile","article_modified_time":"2025-10-28T17:00:05+00:00","og_image":[{"width":1200,"height":1200,"url":"https:\/\/www.cmiile.com\/da\/wp-content\/uploads\/sites\/13\/2019\/06\/Cmiile_2021-09-141045.jpg","type":"image\/jpeg"}],"twitter_card":"summary_large_image","schema":{"@context":"https:\/\/schema.org","@graph":[{"@type":"WebPage","@id":"https:\/\/www.cmiile.com\/da\/produkt\/tandblegningsgel\/","url":"https:\/\/www.cmiile.com\/da\/produkt\/tandblegningsgel\/","name":"Tandblegningsgel - Giver hvidere t\u00e6nder p\u00e5 kun 10 min.","isPartOf":{"@id":"https:\/\/www.cmiile.com\/da\/#website"},"primaryImageOfPage":{"@id":"https:\/\/www.cmiile.com\/da\/produkt\/tandblegningsgel\/#primaryimage"},"image":{"@id":"https:\/\/www.cmiile.com\/da\/produkt\/tandblegningsgel\/#primaryimage"},"thumbnailUrl":"https:\/\/i0.wp.com\/www.cmiile.com\/da\/wp-content\/uploads\/sites\/13\/2019\/06\/Cmiile_2021-09-141045.jpg?fit=1200%2C1200&ssl=1","datePublished":"2019-06-10T13:14:56+00:00","dateModified":"2025-10-28T17:00:05+00:00","description":"En pakke med tandblegningsgel indeholder 3 syrener nok til 6 behandlinger, til at vedligeholde og forbedre dine resultater.","breadcrumb":{"@id":"https:\/\/www.cmiile.com\/da\/produkt\/tandblegningsgel\/#breadcrumb"},"inLanguage":"da-DK","potentialAction":[{"@type":"ReadAction","target":["https:\/\/www.cmiile.com\/da\/produkt\/tandblegningsgel\/"]}]},{"@type":"ImageObject","inLanguage":"da-DK","@id":"https:\/\/www.cmiile.com\/da\/produkt\/tandblegningsgel\/#primaryimage","url":"https:\/\/i0.wp.com\/www.cmiile.com\/da\/wp-content\/uploads\/sites\/13\/2019\/06\/Cmiile_2021-09-141045.jpg?fit=1200%2C1200&ssl=1","contentUrl":"https:\/\/i0.wp.com\/www.cmiile.com\/da\/wp-content\/uploads\/sites\/13\/2019\/06\/Cmiile_2021-09-141045.jpg?fit=1200%2C1200&ssl=1","width":1200,"height":1200,"caption":"Tandblegning refill"},{"@type":"BreadcrumbList","@id":"https:\/\/www.cmiile.com\/da\/produkt\/tandblegningsgel\/#breadcrumb","itemListElement":[{"@type":"ListItem","position":1,"name":"Produkter","item":"https:\/\/www.cmiile.com\/da\/produkter\/"},{"@type":"ListItem","position":2,"name":"Tandblegningsgel"}]},{"@type":"WebSite","@id":"https:\/\/www.cmiile.com\/da\/#website","url":"https:\/\/www.cmiile.com\/da\/","name":"Cmiile","description":"Hvad dit cmiile mangler","potentialAction":[{"@type":"SearchAction","target":{"@type":"EntryPoint","urlTemplate":"https:\/\/www.cmiile.com\/da\/?s={search_term_string}"},"query-input":{"@type":"PropertyValueSpecification","valueRequired":true,"valueName":"search_term_string"}}],"inLanguage":"da-DK"}]}},"jetpack_sharing_enabled":true,"_links":{"self":[{"href":"https:\/\/www.cmiile.com\/da\/wp-json\/wp\/v2\/product\/58","targetHints":{"allow":["GET"]}}],"collection":[{"href":"https:\/\/www.cmiile.com\/da\/wp-json\/wp\/v2\/product"}],"about":[{"href":"https:\/\/www.cmiile.com\/da\/wp-json\/wp\/v2\/types\/product"}],"replies":[{"embeddable":true,"href":"https:\/\/www.cmiile.com\/da\/wp-json\/wp\/v2\/comments?post=58"}],"wp:featuredmedia":[{"embeddable":true,"href":"https:\/\/www.cmiile.com\/da\/wp-json\/wp\/v2\/media\/22278"}],"wp:attachment":[{"href":"https:\/\/www.cmiile.com\/da\/wp-json\/wp\/v2\/media?parent=58"}],"wp:term":[{"taxonomy":"product_brand","embeddable":true,"href":"https:\/\/www.cmiile.com\/da\/wp-json\/wp\/v2\/product_brand?post=58"},{"taxonomy":"product_cat","embeddable":true,"href":"https:\/\/www.cmiile.com\/da\/wp-json\/wp\/v2\/product_cat?post=58"},{"taxonomy":"product_tag","embeddable":true,"href":"https:\/\/www.cmiile.com\/da\/wp-json\/wp\/v2\/product_tag?post=58"}],"curies":[{"name":"wp","href":"https:\/\/api.w.org\/{rel}","templated":true}]}}