{"id":22813,"date":"2024-09-12T14:06:13","date_gmt":"2024-09-12T12:06:13","guid":{"rendered":"https:\/\/www.cmiile.com\/da\/?post_type=product&#038;p=22813"},"modified":"2026-04-13T20:10:23","modified_gmt":"2026-04-13T18:10:23","slug":"pap-powder","status":"publish","type":"product","link":"https:\/\/www.cmiile.com\/da\/produkt\/pap-powder\/","title":{"rendered":"PAP Powder"},"content":{"rendered":"<p>Forny dit smil med vores revolutionerende PAP Powder, der forvandler din yndlingstandpasta til en effektiv daglig blegningsbehandling. Sikkert at bruge med eller uden tandpasta, fjerner effektivt pletter og misfarvninger.<\/p>\n<p>&nbsp;<\/p>\n","protected":false},"excerpt":{"rendered":"<p>Sig farvel til gule t\u00e6nder og misfarvninger!<\/p>\n<p>PAP Powder undg\u00e5r skrappe slibemidler og bruger vores unikke formel til at oxidere misfarvninger for et lysere og sundere smil. PAP (Phthalimidoperoxycaproic acid) nedbryder effektivt pletter og misfarvninger uden at for\u00e5rsage smerte, f\u00f8lsomhed eller irritation af tandk\u00f8det.<\/p>\n<ul>\n<li>Ingen f\u00f8lsomhed<\/li>\n<li>Peroxid-fri<\/li>\n<li>Emaljesikker, ingen skadelige slibemidler<\/li>\n<li>F\u00f8lelse af professionel tandrensning<\/li>\n<li>Frisk mintsmag<\/li>\n<\/ul>\n","protected":false},"featured_media":22816,"comment_status":"open","ping_status":"closed","template":"","meta":{"_custom_body_class":""},"product_brand":[],"product_cat":[16],"product_tag":[],"class_list":{"0":"post-22813","1":"product","2":"type-product","3":"status-publish","4":"has-post-thumbnail","6":"product_cat-products","8":"first","9":"instock","10":"sale","11":"featured","12":"taxable","13":"shipping-taxable","14":"purchasable","15":"product-type-simple"},"bundled_by":[],"bundle_stock_status":"instock","bundle_stock_quantity":null,"bundle_virtual":false,"bundle_layout":"","bundle_add_to_cart_form_location":"","bundle_editable_in_cart":false,"bundle_sold_individually_context":"","bundle_item_grouping":"","bundle_min_size":"","bundle_max_size":"","bundled_items":[],"bundle_sell_ids":[],"yoast_head":"<!-- This site is optimized with the Yoast SEO plugin v27.3 - https:\/\/yoast.com\/product\/yoast-seo-wordpress\/ -->\n<title>PAP Powder - Cmiile<\/title>\n<meta name=\"robots\" content=\"index, follow, max-snippet:-1, max-image-preview:large, max-video-preview:-1\" \/>\n<link rel=\"canonical\" href=\"https:\/\/www.cmiile.com\/da\/produkt\/pap-powder\/\" \/>\n<meta property=\"og:locale\" content=\"da_DK\" \/>\n<meta property=\"og:type\" content=\"article\" \/>\n<meta property=\"og:title\" content=\"PAP Powder - Cmiile\" \/>\n<meta property=\"og:description\" content=\"Sig farvel til gule t\u00e6nder og misfarvninger!  PAP Powder undg\u00e5r skrappe slibemidler og bruger vores unikke formel til at oxidere misfarvninger for et lysere og sundere smil. PAP (Phthalimidoperoxycaproic acid) nedbryder effektivt pletter og misfarvninger uden at for\u00e5rsage smerte, f\u00f8lsomhed eller irritation af tandk\u00f8det.   Ingen f\u00f8lsomhed  Peroxid-fri  Emaljesikker, ingen skadelige slibemidler  F\u00f8lelse af professionel tandrensning  Frisk mintsmag\" \/>\n<meta property=\"og:url\" content=\"https:\/\/www.cmiile.com\/da\/produkt\/pap-powder\/\" \/>\n<meta property=\"og:site_name\" content=\"Cmiile\" \/>\n<meta property=\"article:modified_time\" content=\"2026-04-13T18:10:23+00:00\" \/>\n<meta property=\"og:image\" content=\"https:\/\/www.cmiile.com\/da\/wp-content\/uploads\/sites\/13\/2024\/09\/8.jpg\" \/>\n\t<meta property=\"og:image:width\" content=\"1000\" \/>\n\t<meta property=\"og:image:height\" content=\"1000\" \/>\n\t<meta property=\"og:image:type\" content=\"image\/jpeg\" \/>\n<meta name=\"twitter:card\" content=\"summary_large_image\" \/>\n<script type=\"application\/ld+json\" class=\"yoast-schema-graph\">{\"@context\":\"https:\\\/\\\/schema.org\",\"@graph\":[{\"@type\":\"WebPage\",\"@id\":\"https:\\\/\\\/www.cmiile.com\\\/da\\\/produkt\\\/pap-powder\\\/\",\"url\":\"https:\\\/\\\/www.cmiile.com\\\/da\\\/produkt\\\/pap-powder\\\/\",\"name\":\"PAP Powder - Cmiile\",\"isPartOf\":{\"@id\":\"https:\\\/\\\/www.cmiile.com\\\/da\\\/#website\"},\"primaryImageOfPage\":{\"@id\":\"https:\\\/\\\/www.cmiile.com\\\/da\\\/produkt\\\/pap-powder\\\/#primaryimage\"},\"image\":{\"@id\":\"https:\\\/\\\/www.cmiile.com\\\/da\\\/produkt\\\/pap-powder\\\/#primaryimage\"},\"thumbnailUrl\":\"https:\\\/\\\/i0.wp.com\\\/www.cmiile.com\\\/da\\\/wp-content\\\/uploads\\\/sites\\\/13\\\/2024\\\/09\\\/8.jpg?fit=1000%2C1000&ssl=1\",\"datePublished\":\"2024-09-12T12:06:13+00:00\",\"dateModified\":\"2026-04-13T18:10:23+00:00\",\"breadcrumb\":{\"@id\":\"https:\\\/\\\/www.cmiile.com\\\/da\\\/produkt\\\/pap-powder\\\/#breadcrumb\"},\"inLanguage\":\"da-DK\",\"potentialAction\":[{\"@type\":\"ReadAction\",\"target\":[\"https:\\\/\\\/www.cmiile.com\\\/da\\\/produkt\\\/pap-powder\\\/\"]}]},{\"@type\":\"ImageObject\",\"inLanguage\":\"da-DK\",\"@id\":\"https:\\\/\\\/www.cmiile.com\\\/da\\\/produkt\\\/pap-powder\\\/#primaryimage\",\"url\":\"https:\\\/\\\/i0.wp.com\\\/www.cmiile.com\\\/da\\\/wp-content\\\/uploads\\\/sites\\\/13\\\/2024\\\/09\\\/8.jpg?fit=1000%2C1000&ssl=1\",\"contentUrl\":\"https:\\\/\\\/i0.wp.com\\\/www.cmiile.com\\\/da\\\/wp-content\\\/uploads\\\/sites\\\/13\\\/2024\\\/09\\\/8.jpg?fit=1000%2C1000&ssl=1\",\"width\":1000,\"height\":1000,\"caption\":\"PAP Powder 2\"},{\"@type\":\"BreadcrumbList\",\"@id\":\"https:\\\/\\\/www.cmiile.com\\\/da\\\/produkt\\\/pap-powder\\\/#breadcrumb\",\"itemListElement\":[{\"@type\":\"ListItem\",\"position\":1,\"name\":\"Produkter\",\"item\":\"https:\\\/\\\/www.cmiile.com\\\/da\\\/produkter\\\/\"},{\"@type\":\"ListItem\",\"position\":2,\"name\":\"PAP Powder\"}]},{\"@type\":\"WebSite\",\"@id\":\"https:\\\/\\\/www.cmiile.com\\\/da\\\/#website\",\"url\":\"https:\\\/\\\/www.cmiile.com\\\/da\\\/\",\"name\":\"Cmiile\",\"description\":\"Hvad dit cmiile mangler\",\"potentialAction\":[{\"@type\":\"SearchAction\",\"target\":{\"@type\":\"EntryPoint\",\"urlTemplate\":\"https:\\\/\\\/www.cmiile.com\\\/da\\\/?s={search_term_string}\"},\"query-input\":{\"@type\":\"PropertyValueSpecification\",\"valueRequired\":true,\"valueName\":\"search_term_string\"}}],\"inLanguage\":\"da-DK\"}]}<\/script>\n<!-- \/ Yoast SEO plugin. -->","yoast_head_json":{"title":"PAP Powder - Cmiile","robots":{"index":"index","follow":"follow","max-snippet":"max-snippet:-1","max-image-preview":"max-image-preview:large","max-video-preview":"max-video-preview:-1"},"canonical":"https:\/\/www.cmiile.com\/da\/produkt\/pap-powder\/","og_locale":"da_DK","og_type":"article","og_title":"PAP Powder - Cmiile","og_description":"Sig farvel til gule t\u00e6nder og misfarvninger!  PAP Powder undg\u00e5r skrappe slibemidler og bruger vores unikke formel til at oxidere misfarvninger for et lysere og sundere smil. PAP (Phthalimidoperoxycaproic acid) nedbryder effektivt pletter og misfarvninger uden at for\u00e5rsage smerte, f\u00f8lsomhed eller irritation af tandk\u00f8det.   Ingen f\u00f8lsomhed  Peroxid-fri  Emaljesikker, ingen skadelige slibemidler  F\u00f8lelse af professionel tandrensning  Frisk mintsmag","og_url":"https:\/\/www.cmiile.com\/da\/produkt\/pap-powder\/","og_site_name":"Cmiile","article_modified_time":"2026-04-13T18:10:23+00:00","og_image":[{"width":1000,"height":1000,"url":"https:\/\/www.cmiile.com\/da\/wp-content\/uploads\/sites\/13\/2024\/09\/8.jpg","type":"image\/jpeg"}],"twitter_card":"summary_large_image","schema":{"@context":"https:\/\/schema.org","@graph":[{"@type":"WebPage","@id":"https:\/\/www.cmiile.com\/da\/produkt\/pap-powder\/","url":"https:\/\/www.cmiile.com\/da\/produkt\/pap-powder\/","name":"PAP Powder - Cmiile","isPartOf":{"@id":"https:\/\/www.cmiile.com\/da\/#website"},"primaryImageOfPage":{"@id":"https:\/\/www.cmiile.com\/da\/produkt\/pap-powder\/#primaryimage"},"image":{"@id":"https:\/\/www.cmiile.com\/da\/produkt\/pap-powder\/#primaryimage"},"thumbnailUrl":"https:\/\/i0.wp.com\/www.cmiile.com\/da\/wp-content\/uploads\/sites\/13\/2024\/09\/8.jpg?fit=1000%2C1000&ssl=1","datePublished":"2024-09-12T12:06:13+00:00","dateModified":"2026-04-13T18:10:23+00:00","breadcrumb":{"@id":"https:\/\/www.cmiile.com\/da\/produkt\/pap-powder\/#breadcrumb"},"inLanguage":"da-DK","potentialAction":[{"@type":"ReadAction","target":["https:\/\/www.cmiile.com\/da\/produkt\/pap-powder\/"]}]},{"@type":"ImageObject","inLanguage":"da-DK","@id":"https:\/\/www.cmiile.com\/da\/produkt\/pap-powder\/#primaryimage","url":"https:\/\/i0.wp.com\/www.cmiile.com\/da\/wp-content\/uploads\/sites\/13\/2024\/09\/8.jpg?fit=1000%2C1000&ssl=1","contentUrl":"https:\/\/i0.wp.com\/www.cmiile.com\/da\/wp-content\/uploads\/sites\/13\/2024\/09\/8.jpg?fit=1000%2C1000&ssl=1","width":1000,"height":1000,"caption":"PAP Powder 2"},{"@type":"BreadcrumbList","@id":"https:\/\/www.cmiile.com\/da\/produkt\/pap-powder\/#breadcrumb","itemListElement":[{"@type":"ListItem","position":1,"name":"Produkter","item":"https:\/\/www.cmiile.com\/da\/produkter\/"},{"@type":"ListItem","position":2,"name":"PAP Powder"}]},{"@type":"WebSite","@id":"https:\/\/www.cmiile.com\/da\/#website","url":"https:\/\/www.cmiile.com\/da\/","name":"Cmiile","description":"Hvad dit cmiile mangler","potentialAction":[{"@type":"SearchAction","target":{"@type":"EntryPoint","urlTemplate":"https:\/\/www.cmiile.com\/da\/?s={search_term_string}"},"query-input":{"@type":"PropertyValueSpecification","valueRequired":true,"valueName":"search_term_string"}}],"inLanguage":"da-DK"}]}},"jetpack_sharing_enabled":true,"_links":{"self":[{"href":"https:\/\/www.cmiile.com\/da\/wp-json\/wp\/v2\/product\/22813","targetHints":{"allow":["GET"]}}],"collection":[{"href":"https:\/\/www.cmiile.com\/da\/wp-json\/wp\/v2\/product"}],"about":[{"href":"https:\/\/www.cmiile.com\/da\/wp-json\/wp\/v2\/types\/product"}],"replies":[{"embeddable":true,"href":"https:\/\/www.cmiile.com\/da\/wp-json\/wp\/v2\/comments?post=22813"}],"wp:featuredmedia":[{"embeddable":true,"href":"https:\/\/www.cmiile.com\/da\/wp-json\/wp\/v2\/media\/22816"}],"wp:attachment":[{"href":"https:\/\/www.cmiile.com\/da\/wp-json\/wp\/v2\/media?parent=22813"}],"wp:term":[{"taxonomy":"product_brand","embeddable":true,"href":"https:\/\/www.cmiile.com\/da\/wp-json\/wp\/v2\/product_brand?post=22813"},{"taxonomy":"product_cat","embeddable":true,"href":"https:\/\/www.cmiile.com\/da\/wp-json\/wp\/v2\/product_cat?post=22813"},{"taxonomy":"product_tag","embeddable":true,"href":"https:\/\/www.cmiile.com\/da\/wp-json\/wp\/v2\/product_tag?post=22813"}],"curies":[{"name":"wp","href":"https:\/\/api.w.org\/{rel}","templated":true}]}}