{"id":22503,"date":"2022-10-17T15:46:14","date_gmt":"2022-10-17T13:46:14","guid":{"rendered":"https:\/\/www.cmiile.com\/da\/?post_type=product&#038;p=22503"},"modified":"2026-05-11T12:45:40","modified_gmt":"2026-05-11T10:45:40","slug":"tandblegningsstrips","status":"publish","type":"product","link":"https:\/\/www.cmiile.com\/da\/produkt\/tandblegningsstrips\/","title":{"rendered":"Tandblegningsstrips"},"content":{"rendered":"","protected":false},"excerpt":{"rendered":"<p>F\u00e5 hvidere t\u00e6nder allerede efter f\u00e5 behandlinger uden brug af hydrogenperoxid. Vores tandbegningsstrips er sikre for emalje og t\u00e6nder. I mods\u00e6tning til andre tandblegningsprodukter der bruger peroxider, angriber vores PAP formel ikke t\u00e6nder eller frigiver radikaler, der kan for\u00e5rsage skade p\u00e5 dine t\u00e6nder eller emalje.\u00a0 Vores blegningsingredienser er klinisk bevist til at blege t\u00e6nderne med vores hovedingrediens PAP. Opn\u00e5 professionelle blegningsresultater uden de traditionelle bivirkninger. Bleg dine t\u00e6nder hvor som helst og n\u00e5r som helst.<\/p>\n<ul>\n<li>Se resultater efter f\u00e5 behandlinger<\/li>\n<li>Ingen smerte eller sensitivitet<\/li>\n<li>Fri for hydrogenperoxid og skadelige kemikalier<\/li>\n<li>30 min pr. behandling<\/li>\n<li>Indeholder 14 behandlinger<\/li>\n<\/ul>\n","protected":false},"featured_media":22528,"comment_status":"open","ping_status":"closed","template":"","meta":{"_custom_body_class":""},"product_brand":[],"product_cat":[16],"product_tag":[],"class_list":{"0":"post-22503","1":"product","2":"type-product","3":"status-publish","4":"has-post-thumbnail","6":"product_cat-products","8":"first","9":"instock","10":"featured","11":"taxable","12":"shipping-taxable","13":"purchasable","14":"product-type-simple"},"bundled_by":["21893"],"bundle_stock_status":"instock","bundle_stock_quantity":null,"bundle_virtual":false,"bundle_layout":"","bundle_add_to_cart_form_location":"","bundle_editable_in_cart":false,"bundle_sold_individually_context":"","bundle_item_grouping":"","bundle_min_size":"","bundle_max_size":"","bundled_items":[],"bundle_sell_ids":[22808,22813],"yoast_head":"<!-- This site is optimized with the Yoast SEO plugin v27.5 - https:\/\/yoast.com\/product\/yoast-seo-wordpress\/ -->\n<title>Tandblegningsstrips - Cmiile<\/title>\n<meta name=\"robots\" content=\"index, follow, max-snippet:-1, max-image-preview:large, max-video-preview:-1\" \/>\n<link rel=\"canonical\" href=\"https:\/\/www.cmiile.com\/da\/produkt\/tandblegningsstrips\/\" \/>\n<meta property=\"og:locale\" content=\"da_DK\" \/>\n<meta property=\"og:type\" content=\"article\" \/>\n<meta property=\"og:title\" content=\"Tandblegningsstrips - Cmiile\" \/>\n<meta property=\"og:description\" content=\"F\u00e5 hvidere t\u00e6nder allerede efter f\u00e5 behandlinger uden brug af hydrogenperoxid. Vores tandbegningsstrips er sikre for emalje og t\u00e6nder. I mods\u00e6tning til andre tandblegningsprodukter der bruger peroxider, angriber vores PAP formel ikke t\u00e6nder eller frigiver radikaler, der kan for\u00e5rsage skade p\u00e5 dine t\u00e6nder eller emalje.\u00a0 Vores blegningsingredienser er klinisk bevist til at blege t\u00e6nderne med vores hovedingrediens PAP. Opn\u00e5 professionelle blegningsresultater uden de traditionelle bivirkninger. Bleg dine t\u00e6nder hvor som helst og n\u00e5r som helst.   Se resultater efter f\u00e5 behandlinger  Ingen smerte eller sensitivitet  Fri for hydrogenperoxid og skadelige kemikalier  30 min pr. behandling  Indeholder 14 behandlinger\" \/>\n<meta property=\"og:url\" content=\"https:\/\/www.cmiile.com\/da\/produkt\/tandblegningsstrips\/\" \/>\n<meta property=\"og:site_name\" content=\"Cmiile\" \/>\n<meta property=\"article:modified_time\" content=\"2026-05-11T10:45:40+00:00\" \/>\n<meta property=\"og:image\" content=\"https:\/\/www.cmiile.com\/da\/wp-content\/uploads\/sites\/13\/2022\/10\/cmiile-strips-221022-1200-02-WEB1.jpg\" \/>\n\t<meta property=\"og:image:width\" content=\"1024\" \/>\n\t<meta property=\"og:image:height\" content=\"1024\" \/>\n\t<meta property=\"og:image:type\" content=\"image\/jpeg\" \/>\n<meta name=\"twitter:card\" content=\"summary_large_image\" \/>\n<script type=\"application\/ld+json\" class=\"yoast-schema-graph\">{\"@context\":\"https:\\\/\\\/schema.org\",\"@graph\":[{\"@type\":\"WebPage\",\"@id\":\"https:\\\/\\\/www.cmiile.com\\\/da\\\/produkt\\\/tandblegningsstrips\\\/\",\"url\":\"https:\\\/\\\/www.cmiile.com\\\/da\\\/produkt\\\/tandblegningsstrips\\\/\",\"name\":\"Tandblegningsstrips - Cmiile\",\"isPartOf\":{\"@id\":\"https:\\\/\\\/www.cmiile.com\\\/da\\\/#website\"},\"primaryImageOfPage\":{\"@id\":\"https:\\\/\\\/www.cmiile.com\\\/da\\\/produkt\\\/tandblegningsstrips\\\/#primaryimage\"},\"image\":{\"@id\":\"https:\\\/\\\/www.cmiile.com\\\/da\\\/produkt\\\/tandblegningsstrips\\\/#primaryimage\"},\"thumbnailUrl\":\"https:\\\/\\\/i0.wp.com\\\/www.cmiile.com\\\/da\\\/wp-content\\\/uploads\\\/sites\\\/13\\\/2022\\\/10\\\/cmiile-strips-221022-1200-02-WEB1.jpg?fit=1024%2C1024&ssl=1\",\"datePublished\":\"2022-10-17T13:46:14+00:00\",\"dateModified\":\"2026-05-11T10:45:40+00:00\",\"breadcrumb\":{\"@id\":\"https:\\\/\\\/www.cmiile.com\\\/da\\\/produkt\\\/tandblegningsstrips\\\/#breadcrumb\"},\"inLanguage\":\"da-DK\",\"potentialAction\":[{\"@type\":\"ReadAction\",\"target\":[\"https:\\\/\\\/www.cmiile.com\\\/da\\\/produkt\\\/tandblegningsstrips\\\/\"]}]},{\"@type\":\"ImageObject\",\"inLanguage\":\"da-DK\",\"@id\":\"https:\\\/\\\/www.cmiile.com\\\/da\\\/produkt\\\/tandblegningsstrips\\\/#primaryimage\",\"url\":\"https:\\\/\\\/i0.wp.com\\\/www.cmiile.com\\\/da\\\/wp-content\\\/uploads\\\/sites\\\/13\\\/2022\\\/10\\\/cmiile-strips-221022-1200-02-WEB1.jpg?fit=1024%2C1024&ssl=1\",\"contentUrl\":\"https:\\\/\\\/i0.wp.com\\\/www.cmiile.com\\\/da\\\/wp-content\\\/uploads\\\/sites\\\/13\\\/2022\\\/10\\\/cmiile-strips-221022-1200-02-WEB1.jpg?fit=1024%2C1024&ssl=1\",\"width\":1024,\"height\":1024,\"caption\":\"Tandblegningsstrimler\"},{\"@type\":\"BreadcrumbList\",\"@id\":\"https:\\\/\\\/www.cmiile.com\\\/da\\\/produkt\\\/tandblegningsstrips\\\/#breadcrumb\",\"itemListElement\":[{\"@type\":\"ListItem\",\"position\":1,\"name\":\"Produkter\",\"item\":\"https:\\\/\\\/www.cmiile.com\\\/da\\\/produkter\\\/\"},{\"@type\":\"ListItem\",\"position\":2,\"name\":\"Tandblegningsstrips\"}]},{\"@type\":\"WebSite\",\"@id\":\"https:\\\/\\\/www.cmiile.com\\\/da\\\/#website\",\"url\":\"https:\\\/\\\/www.cmiile.com\\\/da\\\/\",\"name\":\"Cmiile\",\"description\":\"Hvad dit cmiile mangler\",\"potentialAction\":[{\"@type\":\"SearchAction\",\"target\":{\"@type\":\"EntryPoint\",\"urlTemplate\":\"https:\\\/\\\/www.cmiile.com\\\/da\\\/?s={search_term_string}\"},\"query-input\":{\"@type\":\"PropertyValueSpecification\",\"valueRequired\":true,\"valueName\":\"search_term_string\"}}],\"inLanguage\":\"da-DK\"}]}<\/script>\n<!-- \/ Yoast SEO plugin. -->","yoast_head_json":{"title":"Tandblegningsstrips - Cmiile","robots":{"index":"index","follow":"follow","max-snippet":"max-snippet:-1","max-image-preview":"max-image-preview:large","max-video-preview":"max-video-preview:-1"},"canonical":"https:\/\/www.cmiile.com\/da\/produkt\/tandblegningsstrips\/","og_locale":"da_DK","og_type":"article","og_title":"Tandblegningsstrips - Cmiile","og_description":"F\u00e5 hvidere t\u00e6nder allerede efter f\u00e5 behandlinger uden brug af hydrogenperoxid. Vores tandbegningsstrips er sikre for emalje og t\u00e6nder. I mods\u00e6tning til andre tandblegningsprodukter der bruger peroxider, angriber vores PAP formel ikke t\u00e6nder eller frigiver radikaler, der kan for\u00e5rsage skade p\u00e5 dine t\u00e6nder eller emalje.\u00a0 Vores blegningsingredienser er klinisk bevist til at blege t\u00e6nderne med vores hovedingrediens PAP. Opn\u00e5 professionelle blegningsresultater uden de traditionelle bivirkninger. Bleg dine t\u00e6nder hvor som helst og n\u00e5r som helst.   Se resultater efter f\u00e5 behandlinger  Ingen smerte eller sensitivitet  Fri for hydrogenperoxid og skadelige kemikalier  30 min pr. behandling  Indeholder 14 behandlinger","og_url":"https:\/\/www.cmiile.com\/da\/produkt\/tandblegningsstrips\/","og_site_name":"Cmiile","article_modified_time":"2026-05-11T10:45:40+00:00","og_image":[{"width":1024,"height":1024,"url":"https:\/\/www.cmiile.com\/da\/wp-content\/uploads\/sites\/13\/2022\/10\/cmiile-strips-221022-1200-02-WEB1.jpg","type":"image\/jpeg"}],"twitter_card":"summary_large_image","schema":{"@context":"https:\/\/schema.org","@graph":[{"@type":"WebPage","@id":"https:\/\/www.cmiile.com\/da\/produkt\/tandblegningsstrips\/","url":"https:\/\/www.cmiile.com\/da\/produkt\/tandblegningsstrips\/","name":"Tandblegningsstrips - Cmiile","isPartOf":{"@id":"https:\/\/www.cmiile.com\/da\/#website"},"primaryImageOfPage":{"@id":"https:\/\/www.cmiile.com\/da\/produkt\/tandblegningsstrips\/#primaryimage"},"image":{"@id":"https:\/\/www.cmiile.com\/da\/produkt\/tandblegningsstrips\/#primaryimage"},"thumbnailUrl":"https:\/\/i0.wp.com\/www.cmiile.com\/da\/wp-content\/uploads\/sites\/13\/2022\/10\/cmiile-strips-221022-1200-02-WEB1.jpg?fit=1024%2C1024&ssl=1","datePublished":"2022-10-17T13:46:14+00:00","dateModified":"2026-05-11T10:45:40+00:00","breadcrumb":{"@id":"https:\/\/www.cmiile.com\/da\/produkt\/tandblegningsstrips\/#breadcrumb"},"inLanguage":"da-DK","potentialAction":[{"@type":"ReadAction","target":["https:\/\/www.cmiile.com\/da\/produkt\/tandblegningsstrips\/"]}]},{"@type":"ImageObject","inLanguage":"da-DK","@id":"https:\/\/www.cmiile.com\/da\/produkt\/tandblegningsstrips\/#primaryimage","url":"https:\/\/i0.wp.com\/www.cmiile.com\/da\/wp-content\/uploads\/sites\/13\/2022\/10\/cmiile-strips-221022-1200-02-WEB1.jpg?fit=1024%2C1024&ssl=1","contentUrl":"https:\/\/i0.wp.com\/www.cmiile.com\/da\/wp-content\/uploads\/sites\/13\/2022\/10\/cmiile-strips-221022-1200-02-WEB1.jpg?fit=1024%2C1024&ssl=1","width":1024,"height":1024,"caption":"Tandblegningsstrimler"},{"@type":"BreadcrumbList","@id":"https:\/\/www.cmiile.com\/da\/produkt\/tandblegningsstrips\/#breadcrumb","itemListElement":[{"@type":"ListItem","position":1,"name":"Produkter","item":"https:\/\/www.cmiile.com\/da\/produkter\/"},{"@type":"ListItem","position":2,"name":"Tandblegningsstrips"}]},{"@type":"WebSite","@id":"https:\/\/www.cmiile.com\/da\/#website","url":"https:\/\/www.cmiile.com\/da\/","name":"Cmiile","description":"Hvad dit cmiile mangler","potentialAction":[{"@type":"SearchAction","target":{"@type":"EntryPoint","urlTemplate":"https:\/\/www.cmiile.com\/da\/?s={search_term_string}"},"query-input":{"@type":"PropertyValueSpecification","valueRequired":true,"valueName":"search_term_string"}}],"inLanguage":"da-DK"}]}},"jetpack_sharing_enabled":true,"_links":{"self":[{"href":"https:\/\/www.cmiile.com\/da\/wp-json\/wp\/v2\/product\/22503","targetHints":{"allow":["GET"]}}],"collection":[{"href":"https:\/\/www.cmiile.com\/da\/wp-json\/wp\/v2\/product"}],"about":[{"href":"https:\/\/www.cmiile.com\/da\/wp-json\/wp\/v2\/types\/product"}],"replies":[{"embeddable":true,"href":"https:\/\/www.cmiile.com\/da\/wp-json\/wp\/v2\/comments?post=22503"}],"wp:featuredmedia":[{"embeddable":true,"href":"https:\/\/www.cmiile.com\/da\/wp-json\/wp\/v2\/media\/22528"}],"wp:attachment":[{"href":"https:\/\/www.cmiile.com\/da\/wp-json\/wp\/v2\/media?parent=22503"}],"wp:term":[{"taxonomy":"product_brand","embeddable":true,"href":"https:\/\/www.cmiile.com\/da\/wp-json\/wp\/v2\/product_brand?post=22503"},{"taxonomy":"product_cat","embeddable":true,"href":"https:\/\/www.cmiile.com\/da\/wp-json\/wp\/v2\/product_cat?post=22503"},{"taxonomy":"product_tag","embeddable":true,"href":"https:\/\/www.cmiile.com\/da\/wp-json\/wp\/v2\/product_tag?post=22503"}],"curies":[{"name":"wp","href":"https:\/\/api.w.org\/{rel}","templated":true}]}}