{"id":14396,"date":"2019-09-27T19:02:13","date_gmt":"2019-09-27T17:02:13","guid":{"rendered":"https:\/\/www.cmiile.com\/da\/?post_type=product&#038;p=14396"},"modified":"2024-07-09T03:26:22","modified_gmt":"2024-07-09T01:26:22","slug":"bambus-tandboerste","status":"publish","type":"product","link":"https:\/\/www.cmiile.com\/da\/produkt\/bambus-tandboerste\/","title":{"rendered":"Bambus Tandb\u00f8rste"},"content":{"rendered":"<p>&nbsp;<\/p>\n<p><span class=\"embed-youtube\" style=\"text-align:center; display: block;\"><iframe loading=\"lazy\" class=\"youtube-player\" width=\"640\" height=\"360\" src=\"https:\/\/www.youtube.com\/embed\/-l6FH1f3KHU?version=3&#038;rel=1&#038;showsearch=0&#038;showinfo=1&#038;iv_load_policy=1&#038;fs=1&#038;hl=da-DK&#038;autohide=2&#038;wmode=transparent\" allowfullscreen=\"true\" style=\"border:0;\" sandbox=\"allow-scripts allow-same-origin allow-popups allow-presentation allow-popups-to-escape-sandbox\"><\/iframe><\/span><\/p>\n<p>&nbsp;<\/p>\n","protected":false},"excerpt":{"rendered":"<p>Pas godt p\u00e5 dine t\u00e6nder og b\u00f8rst dem med vores milj\u00f8venlige samt sk\u00e5nsomme tandb\u00f8rste lavet af bambus. Tandb\u00f8rsten er sk\u00e5nsom mod t\u00e6nderne, samtidig med den er lavet af robust samt naturlig materiale. Produktet er vegansk, ikke testet p\u00e5 dyr (cruelty free), indpakningen er af genbrugsmateriale og tandb\u00f8rsten er 100% bionedbrydelig.<\/p>\n<ul class=\"checkmark\">\n<li>Indpakningen er lavet af genbrugsmateriale<\/li>\n<li>100% bionedbrydelig<\/li>\n<li>Ikke testet p\u00e5 dyr<\/li>\n<li>Vegansk<\/li>\n<\/ul>\n","protected":false},"featured_media":22360,"comment_status":"open","ping_status":"closed","template":"","meta":{"_custom_body_class":""},"product_brand":[],"product_cat":[16],"product_tag":[],"class_list":{"0":"post-14396","1":"product","2":"type-product","3":"status-publish","4":"has-post-thumbnail","6":"product_cat-products","8":"first","9":"instock","10":"taxable","11":"shipping-taxable","12":"purchasable","13":"product-type-simple"},"bundled_by":["21328"],"bundle_stock_status":"instock","bundle_stock_quantity":null,"bundle_virtual":false,"bundle_layout":"","bundle_add_to_cart_form_location":"","bundle_editable_in_cart":false,"bundle_sold_individually_context":"","bundle_item_grouping":"","bundle_min_size":"","bundle_max_size":"","bundled_items":[],"bundle_sell_ids":[],"yoast_head":"<!-- This site is optimized with the Yoast SEO plugin v27.3 - https:\/\/yoast.com\/product\/yoast-seo-wordpress\/ -->\n<title>Cmiile tandb\u00f8rste - Milj\u00f8venlig Bambus tandb\u00f8rste<\/title>\n<meta name=\"description\" content=\"Bambus tandb\u00f8rsten er vegansk, ikke testet p\u00e5 dyr, indpakningen er af genbrugsmateriale. 100% bionedbrydelig bambus tandb\u00f8rste.\" \/>\n<meta name=\"robots\" content=\"index, follow, max-snippet:-1, max-image-preview:large, max-video-preview:-1\" \/>\n<link rel=\"canonical\" href=\"https:\/\/www.cmiile.com\/da\/produkt\/bambus-tandboerste\/\" \/>\n<meta property=\"og:locale\" content=\"da_DK\" \/>\n<meta property=\"og:type\" content=\"article\" \/>\n<meta property=\"og:title\" content=\"Cmiile tandb\u00f8rste - Milj\u00f8venlig Bambus tandb\u00f8rste\" \/>\n<meta property=\"og:description\" content=\"Bambus tandb\u00f8rsten er vegansk, ikke testet p\u00e5 dyr, indpakningen er af genbrugsmateriale. 100% bionedbrydelig bambus tandb\u00f8rste.\" \/>\n<meta property=\"og:url\" content=\"https:\/\/www.cmiile.com\/da\/produkt\/bambus-tandboerste\/\" \/>\n<meta property=\"og:site_name\" content=\"Cmiile\" \/>\n<meta property=\"article:modified_time\" content=\"2024-07-09T01:26:22+00:00\" \/>\n<meta property=\"og:image\" content=\"https:\/\/www.cmiile.com\/da\/wp-content\/uploads\/sites\/13\/2019\/09\/Cmiile_2021-09-141047.jpg\" \/>\n\t<meta property=\"og:image:width\" content=\"1200\" \/>\n\t<meta property=\"og:image:height\" content=\"1200\" \/>\n\t<meta property=\"og:image:type\" content=\"image\/jpeg\" \/>\n<meta name=\"twitter:card\" content=\"summary_large_image\" \/>\n<script type=\"application\/ld+json\" class=\"yoast-schema-graph\">{\"@context\":\"https:\\\/\\\/schema.org\",\"@graph\":[{\"@type\":\"WebPage\",\"@id\":\"https:\\\/\\\/www.cmiile.com\\\/da\\\/produkt\\\/bambus-tandboerste\\\/\",\"url\":\"https:\\\/\\\/www.cmiile.com\\\/da\\\/produkt\\\/bambus-tandboerste\\\/\",\"name\":\"Cmiile tandb\u00f8rste - Milj\u00f8venlig Bambus tandb\u00f8rste\",\"isPartOf\":{\"@id\":\"https:\\\/\\\/www.cmiile.com\\\/da\\\/#website\"},\"primaryImageOfPage\":{\"@id\":\"https:\\\/\\\/www.cmiile.com\\\/da\\\/produkt\\\/bambus-tandboerste\\\/#primaryimage\"},\"image\":{\"@id\":\"https:\\\/\\\/www.cmiile.com\\\/da\\\/produkt\\\/bambus-tandboerste\\\/#primaryimage\"},\"thumbnailUrl\":\"https:\\\/\\\/i0.wp.com\\\/www.cmiile.com\\\/da\\\/wp-content\\\/uploads\\\/sites\\\/13\\\/2019\\\/09\\\/Cmiile_2021-09-141047.jpg?fit=1200%2C1200&ssl=1\",\"datePublished\":\"2019-09-27T17:02:13+00:00\",\"dateModified\":\"2024-07-09T01:26:22+00:00\",\"description\":\"Bambus tandb\u00f8rsten er vegansk, ikke testet p\u00e5 dyr, indpakningen er af genbrugsmateriale. 100% bionedbrydelig bambus tandb\u00f8rste.\",\"breadcrumb\":{\"@id\":\"https:\\\/\\\/www.cmiile.com\\\/da\\\/produkt\\\/bambus-tandboerste\\\/#breadcrumb\"},\"inLanguage\":\"da-DK\",\"potentialAction\":[{\"@type\":\"ReadAction\",\"target\":[\"https:\\\/\\\/www.cmiile.com\\\/da\\\/produkt\\\/bambus-tandboerste\\\/\"]}]},{\"@type\":\"ImageObject\",\"inLanguage\":\"da-DK\",\"@id\":\"https:\\\/\\\/www.cmiile.com\\\/da\\\/produkt\\\/bambus-tandboerste\\\/#primaryimage\",\"url\":\"https:\\\/\\\/i0.wp.com\\\/www.cmiile.com\\\/da\\\/wp-content\\\/uploads\\\/sites\\\/13\\\/2019\\\/09\\\/Cmiile_2021-09-141047.jpg?fit=1200%2C1200&ssl=1\",\"contentUrl\":\"https:\\\/\\\/i0.wp.com\\\/www.cmiile.com\\\/da\\\/wp-content\\\/uploads\\\/sites\\\/13\\\/2019\\\/09\\\/Cmiile_2021-09-141047.jpg?fit=1200%2C1200&ssl=1\",\"width\":1200,\"height\":1200,\"caption\":\"Bamboo Toothbrush\"},{\"@type\":\"BreadcrumbList\",\"@id\":\"https:\\\/\\\/www.cmiile.com\\\/da\\\/produkt\\\/bambus-tandboerste\\\/#breadcrumb\",\"itemListElement\":[{\"@type\":\"ListItem\",\"position\":1,\"name\":\"Produkter\",\"item\":\"https:\\\/\\\/www.cmiile.com\\\/da\\\/produkter\\\/\"},{\"@type\":\"ListItem\",\"position\":2,\"name\":\"Bambus Tandb\u00f8rste\"}]},{\"@type\":\"WebSite\",\"@id\":\"https:\\\/\\\/www.cmiile.com\\\/da\\\/#website\",\"url\":\"https:\\\/\\\/www.cmiile.com\\\/da\\\/\",\"name\":\"Cmiile\",\"description\":\"Hvad dit cmiile mangler\",\"potentialAction\":[{\"@type\":\"SearchAction\",\"target\":{\"@type\":\"EntryPoint\",\"urlTemplate\":\"https:\\\/\\\/www.cmiile.com\\\/da\\\/?s={search_term_string}\"},\"query-input\":{\"@type\":\"PropertyValueSpecification\",\"valueRequired\":true,\"valueName\":\"search_term_string\"}}],\"inLanguage\":\"da-DK\"}]}<\/script>\n<!-- \/ Yoast SEO plugin. -->","yoast_head_json":{"title":"Cmiile tandb\u00f8rste - Milj\u00f8venlig Bambus tandb\u00f8rste","description":"Bambus tandb\u00f8rsten er vegansk, ikke testet p\u00e5 dyr, indpakningen er af genbrugsmateriale. 100% bionedbrydelig bambus tandb\u00f8rste.","robots":{"index":"index","follow":"follow","max-snippet":"max-snippet:-1","max-image-preview":"max-image-preview:large","max-video-preview":"max-video-preview:-1"},"canonical":"https:\/\/www.cmiile.com\/da\/produkt\/bambus-tandboerste\/","og_locale":"da_DK","og_type":"article","og_title":"Cmiile tandb\u00f8rste - Milj\u00f8venlig Bambus tandb\u00f8rste","og_description":"Bambus tandb\u00f8rsten er vegansk, ikke testet p\u00e5 dyr, indpakningen er af genbrugsmateriale. 100% bionedbrydelig bambus tandb\u00f8rste.","og_url":"https:\/\/www.cmiile.com\/da\/produkt\/bambus-tandboerste\/","og_site_name":"Cmiile","article_modified_time":"2024-07-09T01:26:22+00:00","og_image":[{"width":1200,"height":1200,"url":"https:\/\/www.cmiile.com\/da\/wp-content\/uploads\/sites\/13\/2019\/09\/Cmiile_2021-09-141047.jpg","type":"image\/jpeg"}],"twitter_card":"summary_large_image","schema":{"@context":"https:\/\/schema.org","@graph":[{"@type":"WebPage","@id":"https:\/\/www.cmiile.com\/da\/produkt\/bambus-tandboerste\/","url":"https:\/\/www.cmiile.com\/da\/produkt\/bambus-tandboerste\/","name":"Cmiile tandb\u00f8rste - Milj\u00f8venlig Bambus tandb\u00f8rste","isPartOf":{"@id":"https:\/\/www.cmiile.com\/da\/#website"},"primaryImageOfPage":{"@id":"https:\/\/www.cmiile.com\/da\/produkt\/bambus-tandboerste\/#primaryimage"},"image":{"@id":"https:\/\/www.cmiile.com\/da\/produkt\/bambus-tandboerste\/#primaryimage"},"thumbnailUrl":"https:\/\/i0.wp.com\/www.cmiile.com\/da\/wp-content\/uploads\/sites\/13\/2019\/09\/Cmiile_2021-09-141047.jpg?fit=1200%2C1200&ssl=1","datePublished":"2019-09-27T17:02:13+00:00","dateModified":"2024-07-09T01:26:22+00:00","description":"Bambus tandb\u00f8rsten er vegansk, ikke testet p\u00e5 dyr, indpakningen er af genbrugsmateriale. 100% bionedbrydelig bambus tandb\u00f8rste.","breadcrumb":{"@id":"https:\/\/www.cmiile.com\/da\/produkt\/bambus-tandboerste\/#breadcrumb"},"inLanguage":"da-DK","potentialAction":[{"@type":"ReadAction","target":["https:\/\/www.cmiile.com\/da\/produkt\/bambus-tandboerste\/"]}]},{"@type":"ImageObject","inLanguage":"da-DK","@id":"https:\/\/www.cmiile.com\/da\/produkt\/bambus-tandboerste\/#primaryimage","url":"https:\/\/i0.wp.com\/www.cmiile.com\/da\/wp-content\/uploads\/sites\/13\/2019\/09\/Cmiile_2021-09-141047.jpg?fit=1200%2C1200&ssl=1","contentUrl":"https:\/\/i0.wp.com\/www.cmiile.com\/da\/wp-content\/uploads\/sites\/13\/2019\/09\/Cmiile_2021-09-141047.jpg?fit=1200%2C1200&ssl=1","width":1200,"height":1200,"caption":"Bamboo Toothbrush"},{"@type":"BreadcrumbList","@id":"https:\/\/www.cmiile.com\/da\/produkt\/bambus-tandboerste\/#breadcrumb","itemListElement":[{"@type":"ListItem","position":1,"name":"Produkter","item":"https:\/\/www.cmiile.com\/da\/produkter\/"},{"@type":"ListItem","position":2,"name":"Bambus Tandb\u00f8rste"}]},{"@type":"WebSite","@id":"https:\/\/www.cmiile.com\/da\/#website","url":"https:\/\/www.cmiile.com\/da\/","name":"Cmiile","description":"Hvad dit cmiile mangler","potentialAction":[{"@type":"SearchAction","target":{"@type":"EntryPoint","urlTemplate":"https:\/\/www.cmiile.com\/da\/?s={search_term_string}"},"query-input":{"@type":"PropertyValueSpecification","valueRequired":true,"valueName":"search_term_string"}}],"inLanguage":"da-DK"}]}},"jetpack_sharing_enabled":true,"_links":{"self":[{"href":"https:\/\/www.cmiile.com\/da\/wp-json\/wp\/v2\/product\/14396","targetHints":{"allow":["GET"]}}],"collection":[{"href":"https:\/\/www.cmiile.com\/da\/wp-json\/wp\/v2\/product"}],"about":[{"href":"https:\/\/www.cmiile.com\/da\/wp-json\/wp\/v2\/types\/product"}],"replies":[{"embeddable":true,"href":"https:\/\/www.cmiile.com\/da\/wp-json\/wp\/v2\/comments?post=14396"}],"wp:featuredmedia":[{"embeddable":true,"href":"https:\/\/www.cmiile.com\/da\/wp-json\/wp\/v2\/media\/22360"}],"wp:attachment":[{"href":"https:\/\/www.cmiile.com\/da\/wp-json\/wp\/v2\/media?parent=14396"}],"wp:term":[{"taxonomy":"product_brand","embeddable":true,"href":"https:\/\/www.cmiile.com\/da\/wp-json\/wp\/v2\/product_brand?post=14396"},{"taxonomy":"product_cat","embeddable":true,"href":"https:\/\/www.cmiile.com\/da\/wp-json\/wp\/v2\/product_cat?post=14396"},{"taxonomy":"product_tag","embeddable":true,"href":"https:\/\/www.cmiile.com\/da\/wp-json\/wp\/v2\/product_tag?post=14396"}],"curies":[{"name":"wp","href":"https:\/\/api.w.org\/{rel}","templated":true}]}}