{"id":1252,"date":"2019-07-05T11:23:33","date_gmt":"2019-07-05T09:23:33","guid":{"rendered":"https:\/\/www.tillty.com\/cmiile-da\/?post_type=product&#038;p=1252"},"modified":"2026-04-13T20:09:59","modified_gmt":"2026-04-13T18:09:59","slug":"mundskyller","status":"publish","type":"product","link":"https:\/\/www.cmiile.com\/da\/produkt\/mundskyller\/","title":{"rendered":"Mundskyller"},"content":{"rendered":"<p><a href=\"https:\/\/www.youtube.com\/watch?v=iwJefCC3-9Q\">Cmiile\u2019s Mundskyller <\/a>renser munden p\u00e5 30 sek.<\/p>\n<p>Den er et perfekt alternativ til tandtr\u00e5den, og til dem der har sv\u00e6rt ved at bruge tandtr\u00e5d. Den fjerner bakterier, plak og madrester der sidder mellem t\u00e6nderne, i tandk\u00f8ds-linjen og dybt nede i tandk\u00f8dslommerne, der hvor tandb\u00f8rsten har sv\u00e6rt ved at n\u00e5. Den reducerer risikoen for tandk\u00f8dsbet\u00e6ndelse og paradentose.<\/p>\n<p>For dem, der ikke bruger tandtr\u00e5d konsekvent, er vores mundskyller en nem m\u00e5de at starte p\u00e5 at reng\u00f8re mellem t\u00e6nderne. Du kan blande mundskyl og vand i din mundskyller. Det er dog vigtigt at rense den med vand efterf\u00f8lgende for at levetiden ikke forkortes.<\/p>\n<p>Den er s\u00e6rlig velegnet til brug ved tandimplantater, b\u00f8jler og broer, og generelt alle som gerne vil have en bedre mundhygiejne. Den renser og masserer tandk\u00f8det og derved \u00f8ger blodcirkulationen.<\/p>\n<ul class=\"checkmark\">\n<li>Kapacitet: 200 ml, tr\u00e5dl\u00f8s<\/li>\n<li>Lavt batteri indikator<\/li>\n<li>Trykstyringssystem med 3 indstillinger<\/li>\n<li>Tryk: 60-120 PSI<\/li>\n<li>Opladning: 4 timer<\/li>\n<li>3 tips i forskellige st\u00f8rrelser og tungeskraber<\/li>\n<\/ul>\n<p><span class=\"embed-youtube\" style=\"text-align:center; display: block;\"><iframe loading=\"lazy\" class=\"youtube-player\" width=\"640\" height=\"360\" src=\"https:\/\/www.youtube.com\/embed\/YeB0kqiZHtE?version=3&#038;rel=1&#038;showsearch=0&#038;showinfo=1&#038;iv_load_policy=1&#038;fs=1&#038;hl=da-DK&#038;autohide=2&#038;wmode=transparent\" allowfullscreen=\"true\" style=\"border:0;\" sandbox=\"allow-scripts allow-same-origin allow-popups allow-presentation allow-popups-to-escape-sandbox\"><\/iframe><\/span><\/p>\n<p>&nbsp;<\/p>\n","protected":false},"excerpt":{"rendered":"<div data-offset-key=\"cao7v-0-0\">\n<div class=\"\" data-block=\"true\" data-editor=\"8ppki\" data-offset-key=\"cao7v-0-0\"><\/div>\n<\/div>\n<p>Cmiile\u2019s Mundskyller renser munden p\u00e5 30 sek.<\/p>\n<p>Den er et perfekt alternativ til tandtr\u00e5den, og til dem der har sv\u00e6rt ved at bruge tandtr\u00e5d. Den fjerner bakterier, plak og madrester der sidder mellem t\u00e6nderne, i tandk\u00f8ds-linjen og dybt nede i tandk\u00f8dslommerne, der hvor tandb\u00f8rsten har sv\u00e6rt ved at n\u00e5. Den reducerer risikoen for tandk\u00f8dsbet\u00e6ndelse og paradentose.<\/p>\n<ul class=\"checkmark\">\n<li>Renser munden p\u00e5 kun 30 sekunder<\/li>\n<li>Til reng\u00f8ring af mellemrum, implantater, kroner, broer og b\u00f8jler<\/li>\n<li>Forebygger paradentose<\/li>\n<li>Fjerner bakterier og plak mellem t\u00e6nderne<\/li>\n<\/ul>\n","protected":false},"featured_media":22188,"comment_status":"open","ping_status":"closed","template":"","meta":{"_custom_body_class":""},"product_brand":[],"product_cat":[16],"product_tag":[],"class_list":{"0":"post-1252","1":"product","2":"type-product","3":"status-publish","4":"has-post-thumbnail","6":"product_cat-products","8":"first","9":"instock","10":"featured","11":"taxable","12":"shipping-taxable","13":"purchasable","14":"product-type-simple"},"bundled_by":["21892","21893"],"bundle_stock_status":"instock","bundle_stock_quantity":null,"bundle_virtual":false,"bundle_layout":"","bundle_add_to_cart_form_location":"","bundle_editable_in_cart":false,"bundle_sold_individually_context":"","bundle_item_grouping":"","bundle_min_size":"","bundle_max_size":"","bundled_items":[],"bundle_sell_ids":[72],"yoast_head":"<!-- This site is optimized with the Yoast SEO plugin v27.3 - https:\/\/yoast.com\/product\/yoast-seo-wordpress\/ -->\n<title>Mundskyller til effektiv tandrens derhjemme eller p\u00e5 farten<\/title>\n<meta name=\"description\" content=\"Cmiile&#039;s tr\u00e5dl\u00f8se mundskyller er effektiv til reng\u00f8ring af mellemrum, implantater, kroner, broer og b\u00f8jler. Kapacitet: 240 ml. Pris 599,95 kr.\" \/>\n<meta name=\"robots\" content=\"index, follow, max-snippet:-1, max-image-preview:large, max-video-preview:-1\" \/>\n<link rel=\"canonical\" href=\"https:\/\/www.cmiile.com\/da\/produkt\/mundskyller\/\" \/>\n<meta property=\"og:locale\" content=\"da_DK\" \/>\n<meta property=\"og:type\" content=\"article\" \/>\n<meta property=\"og:title\" content=\"Mundskyller til effektiv tandrens derhjemme eller p\u00e5 farten\" \/>\n<meta property=\"og:description\" content=\"Cmiile&#039;s tr\u00e5dl\u00f8se mundskyller er effektiv til reng\u00f8ring af mellemrum, implantater, kroner, broer og b\u00f8jler. Kapacitet: 240 ml. Pris 599,95 kr.\" \/>\n<meta property=\"og:url\" content=\"https:\/\/www.cmiile.com\/da\/produkt\/mundskyller\/\" \/>\n<meta property=\"og:site_name\" content=\"Cmiile\" \/>\n<meta property=\"article:modified_time\" content=\"2026-04-13T18:09:59+00:00\" \/>\n<meta property=\"og:image\" content=\"https:\/\/www.cmiile.com\/da\/wp-content\/uploads\/sites\/13\/2019\/07\/Waterflosser.jpg\" \/>\n\t<meta property=\"og:image:width\" content=\"1200\" \/>\n\t<meta property=\"og:image:height\" content=\"1200\" \/>\n\t<meta property=\"og:image:type\" content=\"image\/jpeg\" \/>\n<meta name=\"twitter:card\" content=\"summary_large_image\" \/>\n<script type=\"application\/ld+json\" class=\"yoast-schema-graph\">{\"@context\":\"https:\\\/\\\/schema.org\",\"@graph\":[{\"@type\":\"WebPage\",\"@id\":\"https:\\\/\\\/www.cmiile.com\\\/da\\\/produkt\\\/mundskyller\\\/\",\"url\":\"https:\\\/\\\/www.cmiile.com\\\/da\\\/produkt\\\/mundskyller\\\/\",\"name\":\"Mundskyller til effektiv tandrens derhjemme eller p\u00e5 farten\",\"isPartOf\":{\"@id\":\"https:\\\/\\\/www.cmiile.com\\\/da\\\/#website\"},\"primaryImageOfPage\":{\"@id\":\"https:\\\/\\\/www.cmiile.com\\\/da\\\/produkt\\\/mundskyller\\\/#primaryimage\"},\"image\":{\"@id\":\"https:\\\/\\\/www.cmiile.com\\\/da\\\/produkt\\\/mundskyller\\\/#primaryimage\"},\"thumbnailUrl\":\"https:\\\/\\\/i0.wp.com\\\/www.cmiile.com\\\/da\\\/wp-content\\\/uploads\\\/sites\\\/13\\\/2019\\\/07\\\/Waterflosser.jpg?fit=1200%2C1200&ssl=1\",\"datePublished\":\"2019-07-05T09:23:33+00:00\",\"dateModified\":\"2026-04-13T18:09:59+00:00\",\"description\":\"Cmiile's tr\u00e5dl\u00f8se mundskyller er effektiv til reng\u00f8ring af mellemrum, implantater, kroner, broer og b\u00f8jler. Kapacitet: 240 ml. Pris 599,95 kr.\",\"breadcrumb\":{\"@id\":\"https:\\\/\\\/www.cmiile.com\\\/da\\\/produkt\\\/mundskyller\\\/#breadcrumb\"},\"inLanguage\":\"da-DK\",\"potentialAction\":[{\"@type\":\"ReadAction\",\"target\":[\"https:\\\/\\\/www.cmiile.com\\\/da\\\/produkt\\\/mundskyller\\\/\"]}]},{\"@type\":\"ImageObject\",\"inLanguage\":\"da-DK\",\"@id\":\"https:\\\/\\\/www.cmiile.com\\\/da\\\/produkt\\\/mundskyller\\\/#primaryimage\",\"url\":\"https:\\\/\\\/i0.wp.com\\\/www.cmiile.com\\\/da\\\/wp-content\\\/uploads\\\/sites\\\/13\\\/2019\\\/07\\\/Waterflosser.jpg?fit=1200%2C1200&ssl=1\",\"contentUrl\":\"https:\\\/\\\/i0.wp.com\\\/www.cmiile.com\\\/da\\\/wp-content\\\/uploads\\\/sites\\\/13\\\/2019\\\/07\\\/Waterflosser.jpg?fit=1200%2C1200&ssl=1\",\"width\":1200,\"height\":1200,\"caption\":\"Mundskyller\"},{\"@type\":\"BreadcrumbList\",\"@id\":\"https:\\\/\\\/www.cmiile.com\\\/da\\\/produkt\\\/mundskyller\\\/#breadcrumb\",\"itemListElement\":[{\"@type\":\"ListItem\",\"position\":1,\"name\":\"Produkter\",\"item\":\"https:\\\/\\\/www.cmiile.com\\\/da\\\/produkter\\\/\"},{\"@type\":\"ListItem\",\"position\":2,\"name\":\"Mundskyller\"}]},{\"@type\":\"WebSite\",\"@id\":\"https:\\\/\\\/www.cmiile.com\\\/da\\\/#website\",\"url\":\"https:\\\/\\\/www.cmiile.com\\\/da\\\/\",\"name\":\"Cmiile\",\"description\":\"Hvad dit cmiile mangler\",\"potentialAction\":[{\"@type\":\"SearchAction\",\"target\":{\"@type\":\"EntryPoint\",\"urlTemplate\":\"https:\\\/\\\/www.cmiile.com\\\/da\\\/?s={search_term_string}\"},\"query-input\":{\"@type\":\"PropertyValueSpecification\",\"valueRequired\":true,\"valueName\":\"search_term_string\"}}],\"inLanguage\":\"da-DK\"}]}<\/script>\n<!-- \/ Yoast SEO plugin. -->","yoast_head_json":{"title":"Mundskyller til effektiv tandrens derhjemme eller p\u00e5 farten","description":"Cmiile's tr\u00e5dl\u00f8se mundskyller er effektiv til reng\u00f8ring af mellemrum, implantater, kroner, broer og b\u00f8jler. Kapacitet: 240 ml. Pris 599,95 kr.","robots":{"index":"index","follow":"follow","max-snippet":"max-snippet:-1","max-image-preview":"max-image-preview:large","max-video-preview":"max-video-preview:-1"},"canonical":"https:\/\/www.cmiile.com\/da\/produkt\/mundskyller\/","og_locale":"da_DK","og_type":"article","og_title":"Mundskyller til effektiv tandrens derhjemme eller p\u00e5 farten","og_description":"Cmiile's tr\u00e5dl\u00f8se mundskyller er effektiv til reng\u00f8ring af mellemrum, implantater, kroner, broer og b\u00f8jler. Kapacitet: 240 ml. Pris 599,95 kr.","og_url":"https:\/\/www.cmiile.com\/da\/produkt\/mundskyller\/","og_site_name":"Cmiile","article_modified_time":"2026-04-13T18:09:59+00:00","og_image":[{"width":1200,"height":1200,"url":"https:\/\/www.cmiile.com\/da\/wp-content\/uploads\/sites\/13\/2019\/07\/Waterflosser.jpg","type":"image\/jpeg"}],"twitter_card":"summary_large_image","schema":{"@context":"https:\/\/schema.org","@graph":[{"@type":"WebPage","@id":"https:\/\/www.cmiile.com\/da\/produkt\/mundskyller\/","url":"https:\/\/www.cmiile.com\/da\/produkt\/mundskyller\/","name":"Mundskyller til effektiv tandrens derhjemme eller p\u00e5 farten","isPartOf":{"@id":"https:\/\/www.cmiile.com\/da\/#website"},"primaryImageOfPage":{"@id":"https:\/\/www.cmiile.com\/da\/produkt\/mundskyller\/#primaryimage"},"image":{"@id":"https:\/\/www.cmiile.com\/da\/produkt\/mundskyller\/#primaryimage"},"thumbnailUrl":"https:\/\/i0.wp.com\/www.cmiile.com\/da\/wp-content\/uploads\/sites\/13\/2019\/07\/Waterflosser.jpg?fit=1200%2C1200&ssl=1","datePublished":"2019-07-05T09:23:33+00:00","dateModified":"2026-04-13T18:09:59+00:00","description":"Cmiile's tr\u00e5dl\u00f8se mundskyller er effektiv til reng\u00f8ring af mellemrum, implantater, kroner, broer og b\u00f8jler. Kapacitet: 240 ml. Pris 599,95 kr.","breadcrumb":{"@id":"https:\/\/www.cmiile.com\/da\/produkt\/mundskyller\/#breadcrumb"},"inLanguage":"da-DK","potentialAction":[{"@type":"ReadAction","target":["https:\/\/www.cmiile.com\/da\/produkt\/mundskyller\/"]}]},{"@type":"ImageObject","inLanguage":"da-DK","@id":"https:\/\/www.cmiile.com\/da\/produkt\/mundskyller\/#primaryimage","url":"https:\/\/i0.wp.com\/www.cmiile.com\/da\/wp-content\/uploads\/sites\/13\/2019\/07\/Waterflosser.jpg?fit=1200%2C1200&ssl=1","contentUrl":"https:\/\/i0.wp.com\/www.cmiile.com\/da\/wp-content\/uploads\/sites\/13\/2019\/07\/Waterflosser.jpg?fit=1200%2C1200&ssl=1","width":1200,"height":1200,"caption":"Mundskyller"},{"@type":"BreadcrumbList","@id":"https:\/\/www.cmiile.com\/da\/produkt\/mundskyller\/#breadcrumb","itemListElement":[{"@type":"ListItem","position":1,"name":"Produkter","item":"https:\/\/www.cmiile.com\/da\/produkter\/"},{"@type":"ListItem","position":2,"name":"Mundskyller"}]},{"@type":"WebSite","@id":"https:\/\/www.cmiile.com\/da\/#website","url":"https:\/\/www.cmiile.com\/da\/","name":"Cmiile","description":"Hvad dit cmiile mangler","potentialAction":[{"@type":"SearchAction","target":{"@type":"EntryPoint","urlTemplate":"https:\/\/www.cmiile.com\/da\/?s={search_term_string}"},"query-input":{"@type":"PropertyValueSpecification","valueRequired":true,"valueName":"search_term_string"}}],"inLanguage":"da-DK"}]}},"jetpack_sharing_enabled":true,"_links":{"self":[{"href":"https:\/\/www.cmiile.com\/da\/wp-json\/wp\/v2\/product\/1252","targetHints":{"allow":["GET"]}}],"collection":[{"href":"https:\/\/www.cmiile.com\/da\/wp-json\/wp\/v2\/product"}],"about":[{"href":"https:\/\/www.cmiile.com\/da\/wp-json\/wp\/v2\/types\/product"}],"replies":[{"embeddable":true,"href":"https:\/\/www.cmiile.com\/da\/wp-json\/wp\/v2\/comments?post=1252"}],"wp:featuredmedia":[{"embeddable":true,"href":"https:\/\/www.cmiile.com\/da\/wp-json\/wp\/v2\/media\/22188"}],"wp:attachment":[{"href":"https:\/\/www.cmiile.com\/da\/wp-json\/wp\/v2\/media?parent=1252"}],"wp:term":[{"taxonomy":"product_brand","embeddable":true,"href":"https:\/\/www.cmiile.com\/da\/wp-json\/wp\/v2\/product_brand?post=1252"},{"taxonomy":"product_cat","embeddable":true,"href":"https:\/\/www.cmiile.com\/da\/wp-json\/wp\/v2\/product_cat?post=1252"},{"taxonomy":"product_tag","embeddable":true,"href":"https:\/\/www.cmiile.com\/da\/wp-json\/wp\/v2\/product_tag?post=1252"}],"curies":[{"name":"wp","href":"https:\/\/api.w.org\/{rel}","templated":true}]}}