{"id":22338,"date":"2022-03-02T16:18:56","date_gmt":"2022-03-02T15:18:56","guid":{"rendered":"https:\/\/www.cmiile.com\/da\/?page_id=22338"},"modified":"2022-03-03T21:48:25","modified_gmt":"2022-03-03T20:48:25","slug":"cmiile","status":"publish","type":"page","link":"https:\/\/www.cmiile.com\/da\/","title":{"rendered":"Cmiile"},"content":{"rendered":"\n<div class=\"wp-block-group\"><div class=\"wp-block-group__inner-container is-layout-flow wp-block-group-is-layout-flow\"><div class=\"woocommerce columns-4 \"><ul class=\"products columns-4\">\n<li class=\"product type-product post-22813 status-publish first instock product_cat-products has-post-thumbnail sale featured taxable shipping-taxable purchasable product-type-simple\">\n\t<a href=\"https:\/\/www.cmiile.com\/da\/produkt\/pap-powder\/\" class=\"woocommerce-LoopProduct-link woocommerce-loop-product__link\">\n\t<span class=\"onsale\">Tilbud!<\/span>\n\t<img loading=\"lazy\" decoding=\"async\" width=\"300\" height=\"300\" src=\"https:\/\/i0.wp.com\/www.cmiile.com\/da\/wp-content\/uploads\/sites\/13\/2024\/09\/8.jpg?resize=300%2C300&amp;ssl=1\" class=\"attachment-woocommerce_thumbnail size-woocommerce_thumbnail\" alt=\"PAP Powder 2\" srcset=\"https:\/\/i0.wp.com\/www.cmiile.com\/da\/wp-content\/uploads\/sites\/13\/2024\/09\/8.jpg?w=1000&amp;ssl=1 1000w, https:\/\/i0.wp.com\/www.cmiile.com\/da\/wp-content\/uploads\/sites\/13\/2024\/09\/8.jpg?resize=300%2C300&amp;ssl=1 300w, https:\/\/i0.wp.com\/www.cmiile.com\/da\/wp-content\/uploads\/sites\/13\/2024\/09\/8.jpg?resize=150%2C150&amp;ssl=1 150w, https:\/\/i0.wp.com\/www.cmiile.com\/da\/wp-content\/uploads\/sites\/13\/2024\/09\/8.jpg?resize=768%2C768&amp;ssl=1 768w, https:\/\/i0.wp.com\/www.cmiile.com\/da\/wp-content\/uploads\/sites\/13\/2024\/09\/8.jpg?resize=600%2C600&amp;ssl=1 600w, https:\/\/i0.wp.com\/www.cmiile.com\/da\/wp-content\/uploads\/sites\/13\/2024\/09\/8.jpg?resize=100%2C100&amp;ssl=1 100w\" sizes=\"auto, (max-width: 300px) 100vw, 300px\" \/><h2 class=\"woocommerce-loop-product__title\">PAP Powder<\/h2>\n\t<span class=\"price\"><del aria-hidden=\"true\"><span class=\"woocommerce-Price-amount amount\"><bdi><span class=\"woocommerce-Price-currencySymbol\">kr.<\/span>&nbsp;199,95<\/bdi><\/span><\/del> <span class=\"screen-reader-text\">Den oprindelige pris var: kr.&nbsp;199,95.<\/span><ins aria-hidden=\"true\"><span class=\"woocommerce-Price-amount amount\"><bdi><span class=\"woocommerce-Price-currencySymbol\">kr.<\/span>&nbsp;139,95<\/bdi><\/span><\/ins><span class=\"screen-reader-text\">Den aktuelle pris er: kr.&nbsp;139,95.<\/span><\/span>\n<\/a><div class=\"ViabillPricetagHolder\" style=\"clear: both;display: inline-block;\"><div class=\"viabill-pricetag\" view=\"list\" price=\"139.95\"><\/div><\/div><a href=\"\/da\/wp-json\/wp\/v2\/pages\/22338?add-to-cart=22813\" aria-describedby=\"woocommerce_loop_add_to_cart_link_describedby_22813\" data-quantity=\"1\" class=\"button product_type_simple add_to_cart_button ajax_add_to_cart\" data-product_id=\"22813\" data-product_sku=\"5700002054807\" aria-label=\"L\u00e6g i kurv: &ldquo;PAP Powder&rdquo;\" rel=\"nofollow\" data-success_message=\"&ldquo;PAP Powder&rdquo; er blevet tilf\u00f8jet til din kurv\">Tilf\u00f8j til kurv<\/a>\t<span id=\"woocommerce_loop_add_to_cart_link_describedby_22813\" class=\"screen-reader-text\">\n\t\t\t<\/span>\n<\/li>\n<li class=\"product type-product post-22808 status-publish instock product_cat-products has-post-thumbnail sale featured taxable shipping-taxable purchasable product-type-simple\">\n\t<a href=\"https:\/\/www.cmiile.com\/da\/produkt\/color-corrector-serum\/\" class=\"woocommerce-LoopProduct-link woocommerce-loop-product__link\">\n\t<span class=\"onsale\">Tilbud!<\/span>\n\t<img loading=\"lazy\" decoding=\"async\" width=\"300\" height=\"300\" src=\"https:\/\/i0.wp.com\/www.cmiile.com\/da\/wp-content\/uploads\/sites\/13\/2024\/09\/4.jpg?resize=300%2C300&amp;ssl=1\" class=\"attachment-woocommerce_thumbnail size-woocommerce_thumbnail\" alt=\"Color Corrector Serum 2\" srcset=\"https:\/\/i0.wp.com\/www.cmiile.com\/da\/wp-content\/uploads\/sites\/13\/2024\/09\/4.jpg?w=1000&amp;ssl=1 1000w, https:\/\/i0.wp.com\/www.cmiile.com\/da\/wp-content\/uploads\/sites\/13\/2024\/09\/4.jpg?resize=300%2C300&amp;ssl=1 300w, https:\/\/i0.wp.com\/www.cmiile.com\/da\/wp-content\/uploads\/sites\/13\/2024\/09\/4.jpg?resize=150%2C150&amp;ssl=1 150w, https:\/\/i0.wp.com\/www.cmiile.com\/da\/wp-content\/uploads\/sites\/13\/2024\/09\/4.jpg?resize=768%2C768&amp;ssl=1 768w, https:\/\/i0.wp.com\/www.cmiile.com\/da\/wp-content\/uploads\/sites\/13\/2024\/09\/4.jpg?resize=600%2C600&amp;ssl=1 600w, https:\/\/i0.wp.com\/www.cmiile.com\/da\/wp-content\/uploads\/sites\/13\/2024\/09\/4.jpg?resize=100%2C100&amp;ssl=1 100w\" sizes=\"auto, (max-width: 300px) 100vw, 300px\" \/><h2 class=\"woocommerce-loop-product__title\">Color Corrector Serum<\/h2>\n\t<span class=\"price\"><del aria-hidden=\"true\"><span class=\"woocommerce-Price-amount amount\"><bdi><span class=\"woocommerce-Price-currencySymbol\">kr.<\/span>&nbsp;179,95<\/bdi><\/span><\/del> <span class=\"screen-reader-text\">Den oprindelige pris var: kr.&nbsp;179,95.<\/span><ins aria-hidden=\"true\"><span class=\"woocommerce-Price-amount amount\"><bdi><span class=\"woocommerce-Price-currencySymbol\">kr.<\/span>&nbsp;139,95<\/bdi><\/span><\/ins><span class=\"screen-reader-text\">Den aktuelle pris er: kr.&nbsp;139,95.<\/span><\/span>\n<\/a><div class=\"ViabillPricetagHolder\" style=\"clear: both;display: inline-block;\"><div class=\"viabill-pricetag\" view=\"list\" price=\"139.95\"><\/div><\/div><a href=\"\/da\/wp-json\/wp\/v2\/pages\/22338?add-to-cart=22808\" aria-describedby=\"woocommerce_loop_add_to_cart_link_describedby_22808\" data-quantity=\"1\" class=\"button product_type_simple add_to_cart_button ajax_add_to_cart\" data-product_id=\"22808\" data-product_sku=\"5700002054890\" aria-label=\"L\u00e6g i kurv: &ldquo;Color Corrector Serum&rdquo;\" rel=\"nofollow\" data-success_message=\"&ldquo;Color Corrector Serum&rdquo; er blevet tilf\u00f8jet til din kurv\">Tilf\u00f8j til kurv<\/a>\t<span id=\"woocommerce_loop_add_to_cart_link_describedby_22808\" class=\"screen-reader-text\">\n\t\t\t<\/span>\n<\/li>\n<li class=\"product type-product post-22503 status-publish instock product_cat-products has-post-thumbnail featured taxable shipping-taxable purchasable product-type-simple\">\n\t<a href=\"https:\/\/www.cmiile.com\/da\/produkt\/tandblegningsstrips\/\" class=\"woocommerce-LoopProduct-link woocommerce-loop-product__link\"><img loading=\"lazy\" decoding=\"async\" width=\"300\" height=\"300\" src=\"https:\/\/i0.wp.com\/www.cmiile.com\/da\/wp-content\/uploads\/sites\/13\/2022\/10\/cmiile-strips-221022-1200-02-WEB1.jpg?resize=300%2C300&amp;ssl=1\" class=\"attachment-woocommerce_thumbnail size-woocommerce_thumbnail\" alt=\"Tandblegningsstrimler\" srcset=\"https:\/\/i0.wp.com\/www.cmiile.com\/da\/wp-content\/uploads\/sites\/13\/2022\/10\/cmiile-strips-221022-1200-02-WEB1.jpg?w=1024&amp;ssl=1 1024w, https:\/\/i0.wp.com\/www.cmiile.com\/da\/wp-content\/uploads\/sites\/13\/2022\/10\/cmiile-strips-221022-1200-02-WEB1.jpg?resize=300%2C300&amp;ssl=1 300w, https:\/\/i0.wp.com\/www.cmiile.com\/da\/wp-content\/uploads\/sites\/13\/2022\/10\/cmiile-strips-221022-1200-02-WEB1.jpg?resize=150%2C150&amp;ssl=1 150w, https:\/\/i0.wp.com\/www.cmiile.com\/da\/wp-content\/uploads\/sites\/13\/2022\/10\/cmiile-strips-221022-1200-02-WEB1.jpg?resize=768%2C768&amp;ssl=1 768w, https:\/\/i0.wp.com\/www.cmiile.com\/da\/wp-content\/uploads\/sites\/13\/2022\/10\/cmiile-strips-221022-1200-02-WEB1.jpg?resize=600%2C600&amp;ssl=1 600w, https:\/\/i0.wp.com\/www.cmiile.com\/da\/wp-content\/uploads\/sites\/13\/2022\/10\/cmiile-strips-221022-1200-02-WEB1.jpg?resize=100%2C100&amp;ssl=1 100w\" sizes=\"auto, (max-width: 300px) 100vw, 300px\" \/><h2 class=\"woocommerce-loop-product__title\">Tandblegningsstrips<\/h2>\n\t<span class=\"price\"><span class=\"woocommerce-Price-amount amount\"><bdi><span class=\"woocommerce-Price-currencySymbol\">kr.<\/span>&nbsp;229,95<\/bdi><\/span><\/span>\n<\/a><div class=\"ViabillPricetagHolder\" style=\"clear: both;display: inline-block;\"><div class=\"viabill-pricetag\" view=\"list\" price=\"229.95\"><\/div><\/div><a href=\"\/da\/wp-json\/wp\/v2\/pages\/22338?add-to-cart=22503\" aria-describedby=\"woocommerce_loop_add_to_cart_link_describedby_22503\" data-quantity=\"1\" class=\"button product_type_simple add_to_cart_button ajax_add_to_cart\" data-product_id=\"22503\" data-product_sku=\"5700002054876\" aria-label=\"L\u00e6g i kurv: &ldquo;Tandblegningsstrips&rdquo;\" rel=\"nofollow\" data-success_message=\"&ldquo;Tandblegningsstrips&rdquo; er blevet tilf\u00f8jet til din kurv\">Tilf\u00f8j til kurv<\/a>\t<span id=\"woocommerce_loop_add_to_cart_link_describedby_22503\" class=\"screen-reader-text\">\n\t\t\t<\/span>\n<\/li>\n<li class=\"product type-product post-1252 status-publish last instock product_cat-products has-post-thumbnail featured taxable shipping-taxable purchasable product-type-simple\">\n\t<a href=\"https:\/\/www.cmiile.com\/da\/produkt\/mundskyller\/\" class=\"woocommerce-LoopProduct-link woocommerce-loop-product__link\"><img loading=\"lazy\" decoding=\"async\" width=\"300\" height=\"300\" src=\"https:\/\/i0.wp.com\/www.cmiile.com\/da\/wp-content\/uploads\/sites\/13\/2019\/07\/Waterflosser.jpg?resize=300%2C300&amp;ssl=1\" class=\"attachment-woocommerce_thumbnail size-woocommerce_thumbnail\" alt=\"Mundskyller\" srcset=\"https:\/\/i0.wp.com\/www.cmiile.com\/da\/wp-content\/uploads\/sites\/13\/2019\/07\/Waterflosser.jpg?w=1200&amp;ssl=1 1200w, https:\/\/i0.wp.com\/www.cmiile.com\/da\/wp-content\/uploads\/sites\/13\/2019\/07\/Waterflosser.jpg?resize=300%2C300&amp;ssl=1 300w, https:\/\/i0.wp.com\/www.cmiile.com\/da\/wp-content\/uploads\/sites\/13\/2019\/07\/Waterflosser.jpg?resize=1024%2C1024&amp;ssl=1 1024w, https:\/\/i0.wp.com\/www.cmiile.com\/da\/wp-content\/uploads\/sites\/13\/2019\/07\/Waterflosser.jpg?resize=150%2C150&amp;ssl=1 150w, https:\/\/i0.wp.com\/www.cmiile.com\/da\/wp-content\/uploads\/sites\/13\/2019\/07\/Waterflosser.jpg?resize=768%2C768&amp;ssl=1 768w, https:\/\/i0.wp.com\/www.cmiile.com\/da\/wp-content\/uploads\/sites\/13\/2019\/07\/Waterflosser.jpg?resize=600%2C600&amp;ssl=1 600w, https:\/\/i0.wp.com\/www.cmiile.com\/da\/wp-content\/uploads\/sites\/13\/2019\/07\/Waterflosser.jpg?resize=100%2C100&amp;ssl=1 100w\" sizes=\"auto, (max-width: 300px) 100vw, 300px\" \/><h2 class=\"woocommerce-loop-product__title\">Mundskyller<\/h2><div class=\"star-rating\" role=\"img\" aria-label=\"Vurderet 5.00 ud af 5\"><span style=\"width:100%\">Vurderet <strong class=\"rating\">5.00<\/strong> ud af 5<\/span><\/div>\n\t<span class=\"price\"><span class=\"woocommerce-Price-amount amount\"><bdi><span class=\"woocommerce-Price-currencySymbol\">kr.<\/span>&nbsp;499,95<\/bdi><\/span><\/span>\n<\/a><div class=\"ViabillPricetagHolder\" style=\"clear: both;display: inline-block;\"><div class=\"viabill-pricetag\" view=\"list\" price=\"499.95\"><\/div><\/div><a href=\"\/da\/wp-json\/wp\/v2\/pages\/22338?add-to-cart=1252\" aria-describedby=\"woocommerce_loop_add_to_cart_link_describedby_1252\" data-quantity=\"1\" class=\"button product_type_simple add_to_cart_button ajax_add_to_cart\" data-product_id=\"1252\" data-product_sku=\"5700002054814\" aria-label=\"L\u00e6g i kurv: &ldquo;Mundskyller&rdquo;\" rel=\"nofollow\" data-success_message=\"&ldquo;Mundskyller&rdquo; er blevet tilf\u00f8jet til din kurv\">Tilf\u00f8j til kurv<\/a>\t<span id=\"woocommerce_loop_add_to_cart_link_describedby_1252\" class=\"screen-reader-text\">\n\t\t\t<\/span>\n<\/li>\n<\/ul>\n<\/div>\n\n\n\n<div class=\"wp-block-buttons is-horizontal is-content-justification-center is-layout-flex wp-container-core-buttons-is-layout-499968f5 wp-block-buttons-is-layout-flex\">\n<div class=\"wp-block-button is-style-fill\"><a class=\"wp-block-button__link\" href=\"https:\/\/www.cmiile.com\/da\/produkter\/\">Se alle produkter<\/a><\/div>\n<\/div>\n<\/div><\/div>\n\n\n\n<div class=\"wp-block-group full-width-section\"><div class=\"wp-block-group__inner-container is-layout-flow wp-block-group-is-layout-flow\">\n<div class=\"wp-block-columns is-layout-flex wp-container-core-columns-is-layout-9d6595d7 wp-block-columns-is-layout-flex\">\n<div class=\"wp-block-column is-layout-flow wp-block-column-is-layout-flow\">\n<i class=\"fas fa-clock\"><\/i>\n\n\n\n<h4 class=\"has-text-align-center wp-block-heading\">Hvidere t\u00e6nder p\u00e5 10 min <\/h4>\n\n\n\n<p class=\"has-text-align-center\">Vores tandblegningskit er udviklet i samarbejde med tandl\u00e6ger og er klinisk bevist til at blege. Vi bruger den nyeste blege formel indenfor tandl\u00e6gevidenskab med den aktive blegningsingrediens PAP. <\/p>\n<\/div>\n\n\n\n<div class=\"wp-block-column is-layout-flow wp-block-column-is-layout-flow\">\n<i class=\"fas fa-tooth\"><\/i>\n\n\n\n<h4 class=\"has-text-align-center wp-block-heading\">Op til 8 nuancer hvidere<\/h4>\n\n\n\n<p class=\"has-text-align-center\">Kombinationen af LED-lys, mundstykke og gel\u00e9en, giver dig hvidere t\u00e6nder p\u00e5 kun 10 minutter og op til 8 nuancer hvidere t\u00e6nder efter kun 6 behandlinger. Brug vores shade guide til at se dine fremskridt. <\/p>\n<\/div>\n\n\n\n<div class=\"wp-block-column is-layout-flow wp-block-column-is-layout-flow\">\n<i class=\"fas fa-leaf\"><\/i>\n\n\n\n<h4 class=\"has-text-align-center wp-block-heading\">Smertefri behandling<\/h4>\n\n\n\n<p class=\"has-text-align-center\">Vores ingredienser er testet og  n\u00f8je udvalgt i samarbejde med tandl\u00e6ger.  Vi bruger ikke hydrogenperoxid ogs\u00e5 kaldet brintoverilte, for at sk\u00e5ne t\u00e6nderne for efterf\u00f8lgende smerter og sensitivitet. <\/p>\n<\/div>\n<\/div>\n<\/div><\/div>\n","protected":false},"excerpt":{"rendered":"<p> [&hellip;]<\/p>\n","protected":false},"author":1,"featured_media":0,"parent":0,"menu_order":0,"comment_status":"closed","ping_status":"closed","template":"","meta":{"_custom_body_class":"","_disable_title":true,"footnotes":""},"class_list":["post-22338","page","type-page","status-publish","hentry"],"yoast_head":"<!-- This site is optimized with the Yoast SEO plugin v27.3 - https:\/\/yoast.com\/product\/yoast-seo-wordpress\/ -->\n<title>Cmiile - Cmiile<\/title>\n<meta name=\"robots\" content=\"index, follow, max-snippet:-1, max-image-preview:large, max-video-preview:-1\" \/>\n<link rel=\"canonical\" href=\"https:\/\/www.cmiile.com\/da\/\" \/>\n<meta property=\"og:locale\" content=\"da_DK\" \/>\n<meta property=\"og:type\" content=\"article\" \/>\n<meta property=\"og:title\" content=\"Cmiile - Cmiile\" \/>\n<meta property=\"og:description\" content=\"[&hellip;]\" \/>\n<meta property=\"og:url\" content=\"https:\/\/www.cmiile.com\/da\/\" \/>\n<meta property=\"og:site_name\" content=\"Cmiile\" \/>\n<meta property=\"article:modified_time\" content=\"2022-03-03T20:48:25+00:00\" \/>\n<meta name=\"twitter:card\" content=\"summary_large_image\" \/>\n<script type=\"application\/ld+json\" class=\"yoast-schema-graph\">{\"@context\":\"https:\\\/\\\/schema.org\",\"@graph\":[{\"@type\":\"WebPage\",\"@id\":\"https:\\\/\\\/www.cmiile.com\\\/da\\\/\",\"url\":\"https:\\\/\\\/www.cmiile.com\\\/da\\\/\",\"name\":\"Cmiile - Cmiile\",\"isPartOf\":{\"@id\":\"https:\\\/\\\/www.cmiile.com\\\/da\\\/#website\"},\"datePublished\":\"2022-03-02T15:18:56+00:00\",\"dateModified\":\"2022-03-03T20:48:25+00:00\",\"inLanguage\":\"da-DK\",\"potentialAction\":[{\"@type\":\"ReadAction\",\"target\":[\"https:\\\/\\\/www.cmiile.com\\\/da\\\/\"]}]},{\"@type\":\"WebSite\",\"@id\":\"https:\\\/\\\/www.cmiile.com\\\/da\\\/#website\",\"url\":\"https:\\\/\\\/www.cmiile.com\\\/da\\\/\",\"name\":\"Cmiile\",\"description\":\"Hvad dit cmiile mangler\",\"potentialAction\":[{\"@type\":\"SearchAction\",\"target\":{\"@type\":\"EntryPoint\",\"urlTemplate\":\"https:\\\/\\\/www.cmiile.com\\\/da\\\/?s={search_term_string}\"},\"query-input\":{\"@type\":\"PropertyValueSpecification\",\"valueRequired\":true,\"valueName\":\"search_term_string\"}}],\"inLanguage\":\"da-DK\"}]}<\/script>\n<!-- \/ Yoast SEO plugin. -->","yoast_head_json":{"title":"Cmiile - Cmiile","robots":{"index":"index","follow":"follow","max-snippet":"max-snippet:-1","max-image-preview":"max-image-preview:large","max-video-preview":"max-video-preview:-1"},"canonical":"https:\/\/www.cmiile.com\/da\/","og_locale":"da_DK","og_type":"article","og_title":"Cmiile - Cmiile","og_description":"[&hellip;]","og_url":"https:\/\/www.cmiile.com\/da\/","og_site_name":"Cmiile","article_modified_time":"2022-03-03T20:48:25+00:00","twitter_card":"summary_large_image","schema":{"@context":"https:\/\/schema.org","@graph":[{"@type":"WebPage","@id":"https:\/\/www.cmiile.com\/da\/","url":"https:\/\/www.cmiile.com\/da\/","name":"Cmiile - Cmiile","isPartOf":{"@id":"https:\/\/www.cmiile.com\/da\/#website"},"datePublished":"2022-03-02T15:18:56+00:00","dateModified":"2022-03-03T20:48:25+00:00","inLanguage":"da-DK","potentialAction":[{"@type":"ReadAction","target":["https:\/\/www.cmiile.com\/da\/"]}]},{"@type":"WebSite","@id":"https:\/\/www.cmiile.com\/da\/#website","url":"https:\/\/www.cmiile.com\/da\/","name":"Cmiile","description":"Hvad dit cmiile mangler","potentialAction":[{"@type":"SearchAction","target":{"@type":"EntryPoint","urlTemplate":"https:\/\/www.cmiile.com\/da\/?s={search_term_string}"},"query-input":{"@type":"PropertyValueSpecification","valueRequired":true,"valueName":"search_term_string"}}],"inLanguage":"da-DK"}]}},"jetpack_sharing_enabled":true,"_links":{"self":[{"href":"https:\/\/www.cmiile.com\/da\/wp-json\/wp\/v2\/pages\/22338","targetHints":{"allow":["GET"]}}],"collection":[{"href":"https:\/\/www.cmiile.com\/da\/wp-json\/wp\/v2\/pages"}],"about":[{"href":"https:\/\/www.cmiile.com\/da\/wp-json\/wp\/v2\/types\/page"}],"author":[{"embeddable":true,"href":"https:\/\/www.cmiile.com\/da\/wp-json\/wp\/v2\/users\/1"}],"replies":[{"embeddable":true,"href":"https:\/\/www.cmiile.com\/da\/wp-json\/wp\/v2\/comments?post=22338"}],"version-history":[{"count":5,"href":"https:\/\/www.cmiile.com\/da\/wp-json\/wp\/v2\/pages\/22338\/revisions"}],"predecessor-version":[{"id":22363,"href":"https:\/\/www.cmiile.com\/da\/wp-json\/wp\/v2\/pages\/22338\/revisions\/22363"}],"wp:attachment":[{"href":"https:\/\/www.cmiile.com\/da\/wp-json\/wp\/v2\/media?parent=22338"}],"curies":[{"name":"wp","href":"https:\/\/api.w.org\/{rel}","templated":true}]}}