{"id":22332,"date":"2022-03-02T16:03:51","date_gmt":"2022-03-02T15:03:51","guid":{"rendered":"https:\/\/www.cmiile.com\/da\/?page_id=22332"},"modified":"2025-01-06T15:35:42","modified_gmt":"2025-01-06T14:35:42","slug":"faq","status":"publish","type":"page","link":"https:\/\/www.cmiile.com\/da\/faq\/","title":{"rendered":"FAQ"},"content":{"rendered":"\n<div class=\"wp-block-columns faq-section is-layout-flex wp-container-core-columns-is-layout-9d6595d7 wp-block-columns-is-layout-flex\">\n<div class=\"wp-block-column is-layout-flow wp-block-column-is-layout-flow\" style=\"flex-basis:33.33%\">\n<figure class=\"wp-block-image size-full\"><img data-recalc-dims=\"1\" loading=\"lazy\" decoding=\"async\" width=\"1024\" height=\"1024\" src=\"https:\/\/i0.wp.com\/www.cmiile.com\/da\/wp-content\/uploads\/sites\/13\/2022\/03\/Cmiile_2021-09-141043-1.jpeg?resize=1024%2C1024&#038;ssl=1\" alt=\"\" class=\"wp-image-22333\" srcset=\"https:\/\/i0.wp.com\/www.cmiile.com\/da\/wp-content\/uploads\/sites\/13\/2022\/03\/Cmiile_2021-09-141043-1.jpeg?w=1024&amp;ssl=1 1024w, https:\/\/i0.wp.com\/www.cmiile.com\/da\/wp-content\/uploads\/sites\/13\/2022\/03\/Cmiile_2021-09-141043-1.jpeg?resize=300%2C300&amp;ssl=1 300w, https:\/\/i0.wp.com\/www.cmiile.com\/da\/wp-content\/uploads\/sites\/13\/2022\/03\/Cmiile_2021-09-141043-1.jpeg?resize=150%2C150&amp;ssl=1 150w, https:\/\/i0.wp.com\/www.cmiile.com\/da\/wp-content\/uploads\/sites\/13\/2022\/03\/Cmiile_2021-09-141043-1.jpeg?resize=768%2C768&amp;ssl=1 768w, https:\/\/i0.wp.com\/www.cmiile.com\/da\/wp-content\/uploads\/sites\/13\/2022\/03\/Cmiile_2021-09-141043-1.jpeg?resize=600%2C600&amp;ssl=1 600w, https:\/\/i0.wp.com\/www.cmiile.com\/da\/wp-content\/uploads\/sites\/13\/2022\/03\/Cmiile_2021-09-141043-1.jpeg?resize=100%2C100&amp;ssl=1 100w\" sizes=\"auto, (max-width: 1000px) 100vw, 1000px\" \/><\/figure>\n\n\n\n<h2 class=\"wp-block-heading\">Teeth Whitening Kit<\/h2>\n<\/div>\n\n\n\n<div class=\"wp-block-column is-layout-flow wp-block-column-is-layout-flow\" style=\"flex-basis:66.66%\">\n<h2 class=\"wp-block-heading\">Er det sikkert at anvende?<\/h2>\n\n\n\n<div class=\"wp-block-group\"><div class=\"wp-block-group__inner-container is-layout-flow wp-block-group-is-layout-flow\">\n<p>For at undg\u00e5 de potentielle negative bivirkninger af tandblegning, bruger vi en unik blegningsformel med den aktive blegnings ingrediens PAP i stedet for hydrogenperoxid. PAP kan effektivt blege t\u00e6nder uden at skade t\u00e6ndernes sundhed.<\/p>\n<\/div><\/div>\n\n\n\n<h2 class=\"wp-block-heading\">Hvor hurtigt kan jeg se resultater?<\/h2>\n\n\n\n<div class=\"wp-block-group\"><div class=\"wp-block-group__inner-container is-layout-flow wp-block-group-is-layout-flow\">\n<p>Vores blegningsformel er designet til at give resultater allerede efter 1 behandling. Maksimale resultater ses ofte efter 4-6 behandlinger. Resultater varierer dog fra person til person og nogle har brug for flere behandlinger. Man kan vedligholde sine resultater ved at bruge vores Day &amp; Night Toothpaste og enheden engang imellem.<\/p>\n<\/div><\/div>\n\n\n\n<h2 class=\"wp-block-heading\">Hvor tit kan jeg bruge det?<\/h2>\n\n\n\n<div class=\"wp-block-group\"><div class=\"wp-block-group__inner-container is-layout-flow wp-block-group-is-layout-flow\">\n<p>Vi anbefaler at man f\u00f8rste gang bruger det 6 dage i tr\u00e6k for de mest optimale resultater. Efterf\u00f8lgende kan man bruge det f\u00f8r en begivenhed for at top-up. Vi anbefaler at man ikke bruger det mere end 12 gange om m\u00e5neden.<\/p>\n<\/div><\/div>\n\n\n\n<h2 class=\"wp-block-heading\">Hvordan bleger PAP formlen?<\/h2>\n\n\n\n<div class=\"wp-block-group\"><div class=\"wp-block-group__inner-container is-layout-flow wp-block-group-is-layout-flow\">\n<p>N\u00e5r PAP&nbsp;bleger, oxiderer det misfarvninger uden at frigive skadelige molekyler kendt som frie radikaler. Disse radikaler er hvad der skader emaljen og for\u00e5rsager alvorlig f\u00f8lsomhed.<\/p>\n\n\n\n<p>Dette betyder, at der under blegning processen ikke er nogen skade eller erosion af emaljen, hvilket betyder, at de ydre lag af tanden forbliver intakte og kan forts\u00e6tte med at beskytte nerverne, mens de bliver bleget effektivt.<\/p>\n\n\n\n<h2 class=\"wp-block-heading\">Virker det p\u00e5 implamantater, plast og broer?<\/h2>\n\n\n\n<p>Blegningsformelen virker kun p\u00e5 naturlige t\u00e6nder.<\/p>\n<\/div><\/div>\n<\/div>\n<\/div>\n\n\n\n<div class=\"wp-block-columns faq-section is-layout-flex wp-container-core-columns-is-layout-9d6595d7 wp-block-columns-is-layout-flex\">\n<div class=\"wp-block-column is-layout-flow wp-block-column-is-layout-flow\" style=\"flex-basis:33.33%\">\n<figure class=\"wp-block-image size-full\"><img data-recalc-dims=\"1\" loading=\"lazy\" decoding=\"async\" width=\"1024\" height=\"1024\" src=\"https:\/\/i0.wp.com\/www.cmiile.com\/da\/wp-content\/uploads\/sites\/13\/2022\/10\/cmiile-strips-221022-1200-02-WEB1.jpg?resize=1024%2C1024&#038;ssl=1\" alt=\"Tandblegningsstrimler\" class=\"wp-image-22528\" srcset=\"https:\/\/i0.wp.com\/www.cmiile.com\/da\/wp-content\/uploads\/sites\/13\/2022\/10\/cmiile-strips-221022-1200-02-WEB1.jpg?w=1024&amp;ssl=1 1024w, https:\/\/i0.wp.com\/www.cmiile.com\/da\/wp-content\/uploads\/sites\/13\/2022\/10\/cmiile-strips-221022-1200-02-WEB1.jpg?resize=300%2C300&amp;ssl=1 300w, https:\/\/i0.wp.com\/www.cmiile.com\/da\/wp-content\/uploads\/sites\/13\/2022\/10\/cmiile-strips-221022-1200-02-WEB1.jpg?resize=150%2C150&amp;ssl=1 150w, https:\/\/i0.wp.com\/www.cmiile.com\/da\/wp-content\/uploads\/sites\/13\/2022\/10\/cmiile-strips-221022-1200-02-WEB1.jpg?resize=768%2C768&amp;ssl=1 768w, https:\/\/i0.wp.com\/www.cmiile.com\/da\/wp-content\/uploads\/sites\/13\/2022\/10\/cmiile-strips-221022-1200-02-WEB1.jpg?resize=600%2C600&amp;ssl=1 600w, https:\/\/i0.wp.com\/www.cmiile.com\/da\/wp-content\/uploads\/sites\/13\/2022\/10\/cmiile-strips-221022-1200-02-WEB1.jpg?resize=100%2C100&amp;ssl=1 100w\" sizes=\"auto, (max-width: 1000px) 100vw, 1000px\" \/><\/figure>\n\n\n\n<h2 class=\"wp-block-heading\">Teeth Whitening Strips<\/h2>\n<\/div>\n\n\n\n<div class=\"wp-block-column is-layout-flow wp-block-column-is-layout-flow\" style=\"flex-basis:66.66%\">\n<h2 class=\"wp-block-heading\">Er det sikkert at anvende?<\/h2>\n\n\n\n<div class=\"wp-block-group\"><div class=\"wp-block-group__inner-container is-layout-flow wp-block-group-is-layout-flow\">\n<p>For at undg\u00e5 de potentielle negative bivirkninger af tandblegning, bruger vi en unik blegningsformel med den aktive blegnings ingrediens PAP i stedet for hydrogenperoxid. PAP kan effektivt blege t\u00e6nder uden at skade t\u00e6ndernes sundhed.<\/p>\n<\/div><\/div>\n\n\n\n<h2 class=\"wp-block-heading\">Hvor hurtigt kan jeg se resultater?<\/h2>\n\n\n\n<div class=\"wp-block-group\"><div class=\"wp-block-group__inner-container is-layout-flow wp-block-group-is-layout-flow\">\n<p>Efter f\u00e5 behandlinger ville du f\u00e5 hvidere t\u00e6nder.<\/p>\n<\/div><\/div>\n\n\n\n<h2 class=\"wp-block-heading\">Hvor tit kan jeg bruge det?<\/h2>\n\n\n\n<div class=\"wp-block-group\"><div class=\"wp-block-group__inner-container is-layout-flow wp-block-group-is-layout-flow\">\n<p>Vi anbefaler at man bruger produktet 14 dage i tr\u00e6k f\u00f8rste gang. Efterf\u00f8lgende kan man bruge det efter behov, fx en dag hvor man skal ud eller til en begivenhed.<\/p>\n\n\n\n<p>Vi anbefaler at man max bruger det 14 gange om m\u00e5neden.<\/p>\n<\/div><\/div>\n\n\n\n<h2 class=\"wp-block-heading\">Hvordan bleger PAP formlen?<\/h2>\n\n\n\n<div class=\"wp-block-group\"><div class=\"wp-block-group__inner-container is-layout-flow wp-block-group-is-layout-flow\">\n<p>N\u00e5r PAP&nbsp;bleger, oxiderer det misfarvninger uden at frigive skadelige molekyler kendt som frie radikaler. Disse radikaler er hvad der skader emaljen og for\u00e5rsager alvorlig f\u00f8lsomhed.<\/p>\n\n\n\n<p>Dette betyder, at der under blegning processen ikke er nogen skade eller erosion af emaljen, hvilket betyder, at de ydre lag af tanden forbliver intakte og kan forts\u00e6tte med at beskytte nerverne, mens de bliver bleget effektivt.<\/p>\n\n\n\n<h2 class=\"wp-block-heading\"><\/h2>\n\n\n\n<p><\/p>\n<\/div><\/div>\n<\/div>\n<\/div>\n\n\n\n<div class=\"wp-block-columns faq-section is-layout-flex wp-container-core-columns-is-layout-9d6595d7 wp-block-columns-is-layout-flex\">\n<div class=\"wp-block-column is-layout-flow wp-block-column-is-layout-flow\" style=\"flex-basis:33.33%\">\n<figure class=\"wp-block-image size-full\"><img data-recalc-dims=\"1\" loading=\"lazy\" decoding=\"async\" width=\"1024\" height=\"1024\" src=\"https:\/\/i0.wp.com\/www.cmiile.com\/da\/wp-content\/uploads\/sites\/13\/2022\/03\/Cmiile_2021-09-141045.jpeg?resize=1024%2C1024&#038;ssl=1\" alt=\"\" class=\"wp-image-22334\" srcset=\"https:\/\/i0.wp.com\/www.cmiile.com\/da\/wp-content\/uploads\/sites\/13\/2022\/03\/Cmiile_2021-09-141045.jpeg?w=1024&amp;ssl=1 1024w, https:\/\/i0.wp.com\/www.cmiile.com\/da\/wp-content\/uploads\/sites\/13\/2022\/03\/Cmiile_2021-09-141045.jpeg?resize=300%2C300&amp;ssl=1 300w, https:\/\/i0.wp.com\/www.cmiile.com\/da\/wp-content\/uploads\/sites\/13\/2022\/03\/Cmiile_2021-09-141045.jpeg?resize=150%2C150&amp;ssl=1 150w, https:\/\/i0.wp.com\/www.cmiile.com\/da\/wp-content\/uploads\/sites\/13\/2022\/03\/Cmiile_2021-09-141045.jpeg?resize=768%2C768&amp;ssl=1 768w, https:\/\/i0.wp.com\/www.cmiile.com\/da\/wp-content\/uploads\/sites\/13\/2022\/03\/Cmiile_2021-09-141045.jpeg?resize=600%2C600&amp;ssl=1 600w, https:\/\/i0.wp.com\/www.cmiile.com\/da\/wp-content\/uploads\/sites\/13\/2022\/03\/Cmiile_2021-09-141045.jpeg?resize=100%2C100&amp;ssl=1 100w\" sizes=\"auto, (max-width: 1000px) 100vw, 1000px\" \/><\/figure>\n\n\n\n<h2 class=\"wp-block-heading\">Teeth Whitening Gel<\/h2>\n<\/div>\n\n\n\n<div class=\"wp-block-column is-layout-flow wp-block-column-is-layout-flow\" style=\"flex-basis:66.66%\">\n<h2 class=\"wp-block-heading\">WHAT ARE GEL REFILLS?<\/h2>\n\n\n\n<div class=\"wp-block-group answers hide\"><div class=\"wp-block-group__inner-container is-layout-flow wp-block-group-is-layout-flow\">\n<p>The Gel Refills are for when you have completed the initial 6 day period and want to maintain your whitening results.<\/p>\n<\/div><\/div>\n\n\n\n<h2 class=\"wp-block-heading\">HOW MANY APPLICATIONS DO I GET OUT OF EACH PACK?<\/h2>\n\n\n\n<div class=\"wp-block-group answers hide\"><div class=\"wp-block-group__inner-container is-layout-flow wp-block-group-is-layout-flow\">\n<p>There are 6 treatments in the 3 gel syringes included in the pack.<\/p>\n<\/div><\/div>\n<\/div>\n<\/div>\n\n\n\n<div class=\"wp-block-columns faq-section is-layout-flex wp-container-core-columns-is-layout-9d6595d7 wp-block-columns-is-layout-flex\">\n<div class=\"wp-block-column is-layout-flow wp-block-column-is-layout-flow\" style=\"flex-basis:33.33%\">\n<figure class=\"wp-block-image size-large\"><img data-recalc-dims=\"1\" loading=\"lazy\" decoding=\"async\" width=\"1024\" height=\"1024\" src=\"https:\/\/i0.wp.com\/www.cmiile.com\/da\/wp-content\/uploads\/sites\/13\/2019\/06\/Cmiile_2021-09-141222.jpg?resize=1024%2C1024&#038;ssl=1\" alt=\"Whitening Tandpasta\" class=\"wp-image-22179\" srcset=\"https:\/\/i0.wp.com\/www.cmiile.com\/da\/wp-content\/uploads\/sites\/13\/2019\/06\/Cmiile_2021-09-141222.jpg?resize=1024%2C1024&amp;ssl=1 1024w, https:\/\/i0.wp.com\/www.cmiile.com\/da\/wp-content\/uploads\/sites\/13\/2019\/06\/Cmiile_2021-09-141222.jpg?resize=300%2C300&amp;ssl=1 300w, https:\/\/i0.wp.com\/www.cmiile.com\/da\/wp-content\/uploads\/sites\/13\/2019\/06\/Cmiile_2021-09-141222.jpg?resize=150%2C150&amp;ssl=1 150w, https:\/\/i0.wp.com\/www.cmiile.com\/da\/wp-content\/uploads\/sites\/13\/2019\/06\/Cmiile_2021-09-141222.jpg?resize=768%2C768&amp;ssl=1 768w, https:\/\/i0.wp.com\/www.cmiile.com\/da\/wp-content\/uploads\/sites\/13\/2019\/06\/Cmiile_2021-09-141222.jpg?resize=600%2C600&amp;ssl=1 600w, https:\/\/i0.wp.com\/www.cmiile.com\/da\/wp-content\/uploads\/sites\/13\/2019\/06\/Cmiile_2021-09-141222.jpg?resize=100%2C100&amp;ssl=1 100w, https:\/\/i0.wp.com\/www.cmiile.com\/da\/wp-content\/uploads\/sites\/13\/2019\/06\/Cmiile_2021-09-141222.jpg?w=1200&amp;ssl=1 1200w\" sizes=\"auto, (max-width: 1000px) 100vw, 1000px\" \/><\/figure>\n\n\n\n<h2 class=\"wp-block-heading\">Day &amp; Night Toothpaste<\/h2>\n<\/div>\n\n\n\n<div class=\"wp-block-column is-layout-flow wp-block-column-is-layout-flow\" style=\"flex-basis:66.66%\">\n<h2 class=\"wp-block-heading\">HOW DOES THE DAY &amp; NIGHT TOOTHPASTE WORK?<\/h2>\n\n\n\n<div class=\"wp-block-group answers hide\"><div class=\"wp-block-group__inner-container is-layout-flow wp-block-group-is-layout-flow\">\n<p>We have carefully formulated two different types of toothpaste \u2013 one for day and one for the night as your teeth need different things at different times of the day.&nbsp;<\/p>\n\n\n\n<p>Our Day Toothpaste is designed to protect your teeth from stains caused by food or drink consumed throughout the day.<\/p>\n\n\n\n<p>Our Night Toothpaste is designed to detoxify and whiten your teeth.&nbsp;&nbsp;<\/p>\n\n\n\n<p>They are both 100% natural, vegan and cruelty-free.<\/p>\n<\/div><\/div>\n\n\n\n<h2 class=\"wp-block-heading\">WHAT\u2019S THE DIFFERENCE BETWEEN THE DAY &amp; NIGHT FORMULA?<\/h2>\n\n\n\n<div class=\"wp-block-group answers hide\"><div class=\"wp-block-group__inner-container is-layout-flow wp-block-group-is-layout-flow\">\n<p>The Day Toothpaste is designed to prevent stains from occurring and the Night Toothpaste is designed to remove stains and whiten teeth.<\/p>\n<\/div><\/div>\n<\/div>\n<\/div>\n\n\n\n<div class=\"wp-block-columns faq-section is-layout-flex wp-container-core-columns-is-layout-9d6595d7 wp-block-columns-is-layout-flex\">\n<div class=\"wp-block-column is-layout-flow wp-block-column-is-layout-flow\" style=\"flex-basis:33.33%\">\n<figure class=\"wp-block-image size-full\"><img data-recalc-dims=\"1\" loading=\"lazy\" decoding=\"async\" width=\"1024\" height=\"1024\" src=\"https:\/\/i0.wp.com\/www.cmiile.com\/da\/wp-content\/uploads\/sites\/13\/2022\/03\/Cmiile_2021-09-141080.jpeg?resize=1024%2C1024&#038;ssl=1\" alt=\"\" class=\"wp-image-22336\" srcset=\"https:\/\/i0.wp.com\/www.cmiile.com\/da\/wp-content\/uploads\/sites\/13\/2022\/03\/Cmiile_2021-09-141080.jpeg?w=1024&amp;ssl=1 1024w, https:\/\/i0.wp.com\/www.cmiile.com\/da\/wp-content\/uploads\/sites\/13\/2022\/03\/Cmiile_2021-09-141080.jpeg?resize=300%2C300&amp;ssl=1 300w, https:\/\/i0.wp.com\/www.cmiile.com\/da\/wp-content\/uploads\/sites\/13\/2022\/03\/Cmiile_2021-09-141080.jpeg?resize=150%2C150&amp;ssl=1 150w, https:\/\/i0.wp.com\/www.cmiile.com\/da\/wp-content\/uploads\/sites\/13\/2022\/03\/Cmiile_2021-09-141080.jpeg?resize=768%2C768&amp;ssl=1 768w, https:\/\/i0.wp.com\/www.cmiile.com\/da\/wp-content\/uploads\/sites\/13\/2022\/03\/Cmiile_2021-09-141080.jpeg?resize=600%2C600&amp;ssl=1 600w, https:\/\/i0.wp.com\/www.cmiile.com\/da\/wp-content\/uploads\/sites\/13\/2022\/03\/Cmiile_2021-09-141080.jpeg?resize=100%2C100&amp;ssl=1 100w\" sizes=\"auto, (max-width: 1000px) 100vw, 1000px\" \/><\/figure>\n\n\n\n<h2 class=\"wp-block-heading\">Natural Whitening Coco<\/h2>\n<\/div>\n\n\n\n<div class=\"wp-block-column is-layout-flow wp-block-column-is-layout-flow\" style=\"flex-basis:66.66%\">\n<h2 class=\"wp-block-heading\">WHAT IS COCO POWDER?<\/h2>\n\n\n\n<div class=\"wp-block-group answers hide\"><div class=\"wp-block-group__inner-container is-layout-flow wp-block-group-is-layout-flow\">\n<p>Cmiile Coco is a 100% natural teeth whitener, which is based on activated charcoal from natural coconut shell, which actively fights stains, discoloration, plaque, gingivitis, bacteria, and bad breath. Cmiile Coco detoxes your mouth and body.<\/p>\n\n\n\n<p>This natural formula, reduces bacteria build up and plaque while removing spots and stains gently and effectively. Gives you whiter teeth within 7 days.<\/p>\n<\/div><\/div>\n\n\n\n<h2 class=\"wp-block-heading\">HOW DO I USE COCO POWDER?<\/h2>\n\n\n\n<div class=\"wp-block-group answers hide\"><div class=\"wp-block-group__inner-container is-layout-flow wp-block-group-is-layout-flow\">\n<p>Dip your toothbrush into the jar of Coco Powder and brush in little circles for 2-4 minutes. Spit out, rinse your teeth thoroughly and then you are done. Your mouth will feel amazingly fresh and clean. By brushing your teeth 1-2 times daily for 7 days with this natural formula, your teeth will become whiter, more clean and healthier.<\/p>\n<\/div><\/div>\n<\/div>\n<\/div>\n\n\n\n<div class=\"wp-block-columns faq-section is-layout-flex wp-container-core-columns-is-layout-9d6595d7 wp-block-columns-is-layout-flex\">\n<div class=\"wp-block-column is-layout-flow wp-block-column-is-layout-flow\" style=\"flex-basis:33.33%\">\n<figure class=\"wp-block-image size-full\"><img data-recalc-dims=\"1\" loading=\"lazy\" decoding=\"async\" width=\"512\" height=\"512\" src=\"https:\/\/i0.wp.com\/www.cmiile.com\/da\/wp-content\/uploads\/sites\/13\/2022\/03\/cropped-favicon.png?resize=512%2C512&#038;ssl=1\" alt=\"\" class=\"wp-image-22326\" srcset=\"https:\/\/i0.wp.com\/www.cmiile.com\/da\/wp-content\/uploads\/sites\/13\/2022\/03\/cropped-favicon.png?w=512&amp;ssl=1 512w, https:\/\/i0.wp.com\/www.cmiile.com\/da\/wp-content\/uploads\/sites\/13\/2022\/03\/cropped-favicon.png?resize=300%2C300&amp;ssl=1 300w, https:\/\/i0.wp.com\/www.cmiile.com\/da\/wp-content\/uploads\/sites\/13\/2022\/03\/cropped-favicon.png?resize=150%2C150&amp;ssl=1 150w, https:\/\/i0.wp.com\/www.cmiile.com\/da\/wp-content\/uploads\/sites\/13\/2022\/03\/cropped-favicon.png?resize=100%2C100&amp;ssl=1 100w\" sizes=\"auto, (max-width: 512px) 100vw, 512px\" \/><\/figure>\n\n\n\n<h2 class=\"wp-block-heading\">Shipping<\/h2>\n<\/div>\n\n\n\n<div class=\"wp-block-column is-layout-flow wp-block-column-is-layout-flow\" style=\"flex-basis:66.66%\">\n<h2 class=\"wp-block-heading\">Leveringstid?<\/h2>\n\n\n\n<div class=\"wp-block-group answers hide\"><div class=\"wp-block-group__inner-container is-layout-flow wp-block-group-is-layout-flow\">\n<p>1-3 hverdage.<\/p>\n<\/div><\/div>\n\n\n\n<h2 class=\"wp-block-heading\">Hvilke lande sender i til?<\/h2>\n\n\n\n<div class=\"wp-block-group answers hide\"><div class=\"wp-block-group__inner-container is-layout-flow wp-block-group-is-layout-flow\">\n<p>Vi sender til hele verden. K\u00f8bere uden for EU skal dog v\u00e6re opm\u00e6rksomme p\u00e5 told..<\/p>\n<\/div><\/div>\n<\/div>\n<\/div>\n","protected":false},"excerpt":{"rendered":"<p> [&hellip;]<\/p>\n","protected":false},"author":135874,"featured_media":0,"parent":0,"menu_order":0,"comment_status":"closed","ping_status":"closed","template":"","meta":{"_custom_body_class":"","_disable_title":true,"footnotes":""},"class_list":["post-22332","page","type-page","status-publish","hentry"],"yoast_head":"<!-- This site is optimized with the Yoast SEO plugin v27.3 - https:\/\/yoast.com\/product\/yoast-seo-wordpress\/ -->\n<title>FAQ - Cmiile<\/title>\n<meta name=\"robots\" content=\"index, follow, max-snippet:-1, max-image-preview:large, max-video-preview:-1\" \/>\n<link rel=\"canonical\" href=\"https:\/\/www.cmiile.com\/da\/faq\/\" \/>\n<meta property=\"og:locale\" content=\"da_DK\" \/>\n<meta property=\"og:type\" content=\"article\" \/>\n<meta property=\"og:title\" content=\"FAQ - Cmiile\" \/>\n<meta property=\"og:description\" content=\"[&hellip;]\" \/>\n<meta property=\"og:url\" content=\"https:\/\/www.cmiile.com\/da\/faq\/\" \/>\n<meta property=\"og:site_name\" content=\"Cmiile\" \/>\n<meta property=\"article:modified_time\" content=\"2025-01-06T14:35:42+00:00\" \/>\n<meta property=\"og:image\" content=\"https:\/\/www.cmiile.com\/da\/wp-content\/uploads\/sites\/13\/2022\/03\/Cmiile_2021-09-141043-1.jpeg\" \/>\n<meta name=\"twitter:card\" content=\"summary_large_image\" \/>\n<script type=\"application\/ld+json\" class=\"yoast-schema-graph\">{\"@context\":\"https:\\\/\\\/schema.org\",\"@graph\":[{\"@type\":\"WebPage\",\"@id\":\"https:\\\/\\\/www.cmiile.com\\\/da\\\/faq\\\/\",\"url\":\"https:\\\/\\\/www.cmiile.com\\\/da\\\/faq\\\/\",\"name\":\"FAQ - Cmiile\",\"isPartOf\":{\"@id\":\"https:\\\/\\\/www.cmiile.com\\\/da\\\/#website\"},\"primaryImageOfPage\":{\"@id\":\"https:\\\/\\\/www.cmiile.com\\\/da\\\/faq\\\/#primaryimage\"},\"image\":{\"@id\":\"https:\\\/\\\/www.cmiile.com\\\/da\\\/faq\\\/#primaryimage\"},\"thumbnailUrl\":\"https:\\\/\\\/www.cmiile.com\\\/da\\\/wp-content\\\/uploads\\\/sites\\\/13\\\/2022\\\/03\\\/Cmiile_2021-09-141043-1.jpeg\",\"datePublished\":\"2022-03-02T15:03:51+00:00\",\"dateModified\":\"2025-01-06T14:35:42+00:00\",\"inLanguage\":\"da-DK\",\"potentialAction\":[{\"@type\":\"ReadAction\",\"target\":[\"https:\\\/\\\/www.cmiile.com\\\/da\\\/faq\\\/\"]}]},{\"@type\":\"ImageObject\",\"inLanguage\":\"da-DK\",\"@id\":\"https:\\\/\\\/www.cmiile.com\\\/da\\\/faq\\\/#primaryimage\",\"url\":\"https:\\\/\\\/i0.wp.com\\\/www.cmiile.com\\\/da\\\/wp-content\\\/uploads\\\/sites\\\/13\\\/2022\\\/03\\\/Cmiile_2021-09-141043-1.jpeg?fit=1024%2C1024&ssl=1\",\"contentUrl\":\"https:\\\/\\\/i0.wp.com\\\/www.cmiile.com\\\/da\\\/wp-content\\\/uploads\\\/sites\\\/13\\\/2022\\\/03\\\/Cmiile_2021-09-141043-1.jpeg?fit=1024%2C1024&ssl=1\",\"width\":1024,\"height\":1024},{\"@type\":\"WebSite\",\"@id\":\"https:\\\/\\\/www.cmiile.com\\\/da\\\/#website\",\"url\":\"https:\\\/\\\/www.cmiile.com\\\/da\\\/\",\"name\":\"Cmiile\",\"description\":\"Hvad dit cmiile mangler\",\"potentialAction\":[{\"@type\":\"SearchAction\",\"target\":{\"@type\":\"EntryPoint\",\"urlTemplate\":\"https:\\\/\\\/www.cmiile.com\\\/da\\\/?s={search_term_string}\"},\"query-input\":{\"@type\":\"PropertyValueSpecification\",\"valueRequired\":true,\"valueName\":\"search_term_string\"}}],\"inLanguage\":\"da-DK\"}]}<\/script>\n<!-- \/ Yoast SEO plugin. -->","yoast_head_json":{"title":"FAQ - Cmiile","robots":{"index":"index","follow":"follow","max-snippet":"max-snippet:-1","max-image-preview":"max-image-preview:large","max-video-preview":"max-video-preview:-1"},"canonical":"https:\/\/www.cmiile.com\/da\/faq\/","og_locale":"da_DK","og_type":"article","og_title":"FAQ - Cmiile","og_description":"[&hellip;]","og_url":"https:\/\/www.cmiile.com\/da\/faq\/","og_site_name":"Cmiile","article_modified_time":"2025-01-06T14:35:42+00:00","og_image":[{"url":"https:\/\/www.cmiile.com\/da\/wp-content\/uploads\/sites\/13\/2022\/03\/Cmiile_2021-09-141043-1.jpeg","type":"","width":"","height":""}],"twitter_card":"summary_large_image","schema":{"@context":"https:\/\/schema.org","@graph":[{"@type":"WebPage","@id":"https:\/\/www.cmiile.com\/da\/faq\/","url":"https:\/\/www.cmiile.com\/da\/faq\/","name":"FAQ - Cmiile","isPartOf":{"@id":"https:\/\/www.cmiile.com\/da\/#website"},"primaryImageOfPage":{"@id":"https:\/\/www.cmiile.com\/da\/faq\/#primaryimage"},"image":{"@id":"https:\/\/www.cmiile.com\/da\/faq\/#primaryimage"},"thumbnailUrl":"https:\/\/www.cmiile.com\/da\/wp-content\/uploads\/sites\/13\/2022\/03\/Cmiile_2021-09-141043-1.jpeg","datePublished":"2022-03-02T15:03:51+00:00","dateModified":"2025-01-06T14:35:42+00:00","inLanguage":"da-DK","potentialAction":[{"@type":"ReadAction","target":["https:\/\/www.cmiile.com\/da\/faq\/"]}]},{"@type":"ImageObject","inLanguage":"da-DK","@id":"https:\/\/www.cmiile.com\/da\/faq\/#primaryimage","url":"https:\/\/i0.wp.com\/www.cmiile.com\/da\/wp-content\/uploads\/sites\/13\/2022\/03\/Cmiile_2021-09-141043-1.jpeg?fit=1024%2C1024&ssl=1","contentUrl":"https:\/\/i0.wp.com\/www.cmiile.com\/da\/wp-content\/uploads\/sites\/13\/2022\/03\/Cmiile_2021-09-141043-1.jpeg?fit=1024%2C1024&ssl=1","width":1024,"height":1024},{"@type":"WebSite","@id":"https:\/\/www.cmiile.com\/da\/#website","url":"https:\/\/www.cmiile.com\/da\/","name":"Cmiile","description":"Hvad dit cmiile mangler","potentialAction":[{"@type":"SearchAction","target":{"@type":"EntryPoint","urlTemplate":"https:\/\/www.cmiile.com\/da\/?s={search_term_string}"},"query-input":{"@type":"PropertyValueSpecification","valueRequired":true,"valueName":"search_term_string"}}],"inLanguage":"da-DK"}]}},"jetpack_sharing_enabled":true,"_links":{"self":[{"href":"https:\/\/www.cmiile.com\/da\/wp-json\/wp\/v2\/pages\/22332","targetHints":{"allow":["GET"]}}],"collection":[{"href":"https:\/\/www.cmiile.com\/da\/wp-json\/wp\/v2\/pages"}],"about":[{"href":"https:\/\/www.cmiile.com\/da\/wp-json\/wp\/v2\/types\/page"}],"author":[{"embeddable":true,"href":"https:\/\/www.cmiile.com\/da\/wp-json\/wp\/v2\/users\/135874"}],"replies":[{"embeddable":true,"href":"https:\/\/www.cmiile.com\/da\/wp-json\/wp\/v2\/comments?post=22332"}],"version-history":[{"count":23,"href":"https:\/\/www.cmiile.com\/da\/wp-json\/wp\/v2\/pages\/22332\/revisions"}],"predecessor-version":[{"id":22874,"href":"https:\/\/www.cmiile.com\/da\/wp-json\/wp\/v2\/pages\/22332\/revisions\/22874"}],"wp:attachment":[{"href":"https:\/\/www.cmiile.com\/da\/wp-json\/wp\/v2\/media?parent=22332"}],"curies":[{"name":"wp","href":"https:\/\/api.w.org\/{rel}","templated":true}]}}