{"id":22329,"date":"2022-03-02T15:58:50","date_gmt":"2022-03-02T14:58:50","guid":{"rendered":"https:\/\/www.cmiile.com\/da\/?page_id=22329"},"modified":"2022-03-10T15:09:43","modified_gmt":"2022-03-10T14:09:43","slug":"resultater","status":"publish","type":"page","link":"https:\/\/www.cmiile.com\/da\/resultater\/","title":{"rendered":"Resultater"},"content":{"rendered":"\n<div class=\"wp-block-columns boxed is-layout-flex wp-container-core-columns-is-layout-9d6595d7 wp-block-columns-is-layout-flex\">\n<div class=\"wp-block-column text is-layout-flow wp-block-column-is-layout-flow\">\n<h4 class=\"text wp-block-heading\"><strong>For at opn\u00e5 de bedste resultater, anbefaler vi f\u00f8lgende tips:<\/strong><\/h4>\n\n\n\n<ul class=\"text, ticks wp-block-list\"><li>Vi anbefaler 6 behandlinger i tr\u00e6k f\u00f8rste gang. 1 om dagen i 6 dage.<\/li><li>Du kan blege dine t\u00e6nder op til 12 dage i streg.<\/li><li>Tilf\u00f8j noget af gel\u00e9n direkte p\u00e5 t\u00e6nderne.<\/li><li>Det er ikke anbefalet af blege dine t\u00e6nder mere end 2 gange om dagen og kombineret 12 gange om m\u00e5neden.<\/li><li>Husk at tage et f\u00f8r og efter billede for at f\u00f8lge udviklingen.<\/li><li>Anvend din cmiile lige f\u00f8r sengetid, s\u00e5 dine t\u00e6nder f\u00e5r en lang pause fra mad og drikke.<\/li><li>Tilf\u00f8j ekstra 5 minutter pr behandling. N\u00e5r bippet lyder f\u00f8rste gang, pres knappen igen og giv den 5 minutter ekstra.<\/li><li>Vedligehold dine resultater ved at anvende din cmiile 1 gang hver 14. dag. <\/li><\/ul>\n\n\n\n<div class=\"wp-block-buttons is-layout-flex wp-block-buttons-is-layout-flex\">\n<div class=\"wp-block-button\"><a class=\"wp-block-button__link\" href=\"https:\/\/www.cmiile.com\/da\/produkter\/\">K\u00f8b her<\/a><\/div>\n<\/div>\n<\/div>\n\n\n\n<div class=\"wp-block-column is-layout-flow wp-block-column-is-layout-flow\">\n<figure class=\"wp-block-image size-large\"><img data-recalc-dims=\"1\" loading=\"lazy\" decoding=\"async\" width=\"1024\" height=\"576\" src=\"https:\/\/i0.wp.com\/www.cmiile.com\/da\/wp-content\/uploads\/sites\/13\/2022\/03\/Teeth-Whitening-Kit-5-Web.jpg?resize=1024%2C576&#038;ssl=1\" alt=\"\" class=\"wp-image-22379\" srcset=\"https:\/\/i0.wp.com\/www.cmiile.com\/da\/wp-content\/uploads\/sites\/13\/2022\/03\/Teeth-Whitening-Kit-5-Web.jpg?resize=1024%2C576&amp;ssl=1 1024w, https:\/\/i0.wp.com\/www.cmiile.com\/da\/wp-content\/uploads\/sites\/13\/2022\/03\/Teeth-Whitening-Kit-5-Web.jpg?resize=300%2C169&amp;ssl=1 300w, https:\/\/i0.wp.com\/www.cmiile.com\/da\/wp-content\/uploads\/sites\/13\/2022\/03\/Teeth-Whitening-Kit-5-Web.jpg?resize=768%2C432&amp;ssl=1 768w, https:\/\/i0.wp.com\/www.cmiile.com\/da\/wp-content\/uploads\/sites\/13\/2022\/03\/Teeth-Whitening-Kit-5-Web.jpg?resize=1536%2C865&amp;ssl=1 1536w, https:\/\/i0.wp.com\/www.cmiile.com\/da\/wp-content\/uploads\/sites\/13\/2022\/03\/Teeth-Whitening-Kit-5-Web.jpg?resize=600%2C338&amp;ssl=1 600w, https:\/\/i0.wp.com\/www.cmiile.com\/da\/wp-content\/uploads\/sites\/13\/2022\/03\/Teeth-Whitening-Kit-5-Web.jpg?w=1821&amp;ssl=1 1821w\" sizes=\"auto, (max-width: 1000px) 100vw, 1000px\" \/><\/figure>\n<\/div>\n<\/div>\n","protected":false},"excerpt":{"rendered":"<p> [&hellip;]<\/p>\n","protected":false},"author":135874,"featured_media":0,"parent":0,"menu_order":0,"comment_status":"closed","ping_status":"closed","template":"","meta":{"_custom_body_class":"","_disable_title":true,"footnotes":""},"class_list":["post-22329","page","type-page","status-publish","hentry"],"yoast_head":"<!-- This site is optimized with the Yoast SEO plugin v27.3 - https:\/\/yoast.com\/product\/yoast-seo-wordpress\/ -->\n<title>Resultater - Cmiile<\/title>\n<meta name=\"robots\" content=\"index, follow, max-snippet:-1, max-image-preview:large, max-video-preview:-1\" \/>\n<link rel=\"canonical\" href=\"https:\/\/www.cmiile.com\/da\/resultater\/\" \/>\n<meta property=\"og:locale\" content=\"da_DK\" \/>\n<meta property=\"og:type\" content=\"article\" \/>\n<meta property=\"og:title\" content=\"Resultater - Cmiile\" \/>\n<meta property=\"og:description\" content=\"[&hellip;]\" \/>\n<meta property=\"og:url\" content=\"https:\/\/www.cmiile.com\/da\/resultater\/\" \/>\n<meta property=\"og:site_name\" content=\"Cmiile\" \/>\n<meta property=\"article:modified_time\" content=\"2022-03-10T14:09:43+00:00\" \/>\n<meta property=\"og:image\" content=\"https:\/\/www.cmiile.com\/da\/wp-content\/uploads\/sites\/13\/2022\/03\/Teeth-Whitening-Kit-5-Web-1024x576.jpg\" \/>\n<meta name=\"twitter:card\" content=\"summary_large_image\" \/>\n<script type=\"application\/ld+json\" class=\"yoast-schema-graph\">{\"@context\":\"https:\\\/\\\/schema.org\",\"@graph\":[{\"@type\":\"WebPage\",\"@id\":\"https:\\\/\\\/www.cmiile.com\\\/da\\\/resultater\\\/\",\"url\":\"https:\\\/\\\/www.cmiile.com\\\/da\\\/resultater\\\/\",\"name\":\"Resultater - Cmiile\",\"isPartOf\":{\"@id\":\"https:\\\/\\\/www.cmiile.com\\\/da\\\/#website\"},\"primaryImageOfPage\":{\"@id\":\"https:\\\/\\\/www.cmiile.com\\\/da\\\/resultater\\\/#primaryimage\"},\"image\":{\"@id\":\"https:\\\/\\\/www.cmiile.com\\\/da\\\/resultater\\\/#primaryimage\"},\"thumbnailUrl\":\"https:\\\/\\\/www.cmiile.com\\\/da\\\/wp-content\\\/uploads\\\/sites\\\/13\\\/2022\\\/03\\\/Teeth-Whitening-Kit-5-Web-1024x576.jpg\",\"datePublished\":\"2022-03-02T14:58:50+00:00\",\"dateModified\":\"2022-03-10T14:09:43+00:00\",\"inLanguage\":\"da-DK\",\"potentialAction\":[{\"@type\":\"ReadAction\",\"target\":[\"https:\\\/\\\/www.cmiile.com\\\/da\\\/resultater\\\/\"]}]},{\"@type\":\"ImageObject\",\"inLanguage\":\"da-DK\",\"@id\":\"https:\\\/\\\/www.cmiile.com\\\/da\\\/resultater\\\/#primaryimage\",\"url\":\"https:\\\/\\\/i0.wp.com\\\/www.cmiile.com\\\/da\\\/wp-content\\\/uploads\\\/sites\\\/13\\\/2022\\\/03\\\/Teeth-Whitening-Kit-5-Web.jpg?fit=1821%2C1025&ssl=1\",\"contentUrl\":\"https:\\\/\\\/i0.wp.com\\\/www.cmiile.com\\\/da\\\/wp-content\\\/uploads\\\/sites\\\/13\\\/2022\\\/03\\\/Teeth-Whitening-Kit-5-Web.jpg?fit=1821%2C1025&ssl=1\",\"width\":1821,\"height\":1025},{\"@type\":\"WebSite\",\"@id\":\"https:\\\/\\\/www.cmiile.com\\\/da\\\/#website\",\"url\":\"https:\\\/\\\/www.cmiile.com\\\/da\\\/\",\"name\":\"Cmiile\",\"description\":\"Hvad dit cmiile mangler\",\"potentialAction\":[{\"@type\":\"SearchAction\",\"target\":{\"@type\":\"EntryPoint\",\"urlTemplate\":\"https:\\\/\\\/www.cmiile.com\\\/da\\\/?s={search_term_string}\"},\"query-input\":{\"@type\":\"PropertyValueSpecification\",\"valueRequired\":true,\"valueName\":\"search_term_string\"}}],\"inLanguage\":\"da-DK\"}]}<\/script>\n<!-- \/ Yoast SEO plugin. -->","yoast_head_json":{"title":"Resultater - Cmiile","robots":{"index":"index","follow":"follow","max-snippet":"max-snippet:-1","max-image-preview":"max-image-preview:large","max-video-preview":"max-video-preview:-1"},"canonical":"https:\/\/www.cmiile.com\/da\/resultater\/","og_locale":"da_DK","og_type":"article","og_title":"Resultater - Cmiile","og_description":"[&hellip;]","og_url":"https:\/\/www.cmiile.com\/da\/resultater\/","og_site_name":"Cmiile","article_modified_time":"2022-03-10T14:09:43+00:00","og_image":[{"url":"https:\/\/www.cmiile.com\/da\/wp-content\/uploads\/sites\/13\/2022\/03\/Teeth-Whitening-Kit-5-Web-1024x576.jpg","type":"","width":"","height":""}],"twitter_card":"summary_large_image","schema":{"@context":"https:\/\/schema.org","@graph":[{"@type":"WebPage","@id":"https:\/\/www.cmiile.com\/da\/resultater\/","url":"https:\/\/www.cmiile.com\/da\/resultater\/","name":"Resultater - Cmiile","isPartOf":{"@id":"https:\/\/www.cmiile.com\/da\/#website"},"primaryImageOfPage":{"@id":"https:\/\/www.cmiile.com\/da\/resultater\/#primaryimage"},"image":{"@id":"https:\/\/www.cmiile.com\/da\/resultater\/#primaryimage"},"thumbnailUrl":"https:\/\/www.cmiile.com\/da\/wp-content\/uploads\/sites\/13\/2022\/03\/Teeth-Whitening-Kit-5-Web-1024x576.jpg","datePublished":"2022-03-02T14:58:50+00:00","dateModified":"2022-03-10T14:09:43+00:00","inLanguage":"da-DK","potentialAction":[{"@type":"ReadAction","target":["https:\/\/www.cmiile.com\/da\/resultater\/"]}]},{"@type":"ImageObject","inLanguage":"da-DK","@id":"https:\/\/www.cmiile.com\/da\/resultater\/#primaryimage","url":"https:\/\/i0.wp.com\/www.cmiile.com\/da\/wp-content\/uploads\/sites\/13\/2022\/03\/Teeth-Whitening-Kit-5-Web.jpg?fit=1821%2C1025&ssl=1","contentUrl":"https:\/\/i0.wp.com\/www.cmiile.com\/da\/wp-content\/uploads\/sites\/13\/2022\/03\/Teeth-Whitening-Kit-5-Web.jpg?fit=1821%2C1025&ssl=1","width":1821,"height":1025},{"@type":"WebSite","@id":"https:\/\/www.cmiile.com\/da\/#website","url":"https:\/\/www.cmiile.com\/da\/","name":"Cmiile","description":"Hvad dit cmiile mangler","potentialAction":[{"@type":"SearchAction","target":{"@type":"EntryPoint","urlTemplate":"https:\/\/www.cmiile.com\/da\/?s={search_term_string}"},"query-input":{"@type":"PropertyValueSpecification","valueRequired":true,"valueName":"search_term_string"}}],"inLanguage":"da-DK"}]}},"jetpack_sharing_enabled":true,"_links":{"self":[{"href":"https:\/\/www.cmiile.com\/da\/wp-json\/wp\/v2\/pages\/22329","targetHints":{"allow":["GET"]}}],"collection":[{"href":"https:\/\/www.cmiile.com\/da\/wp-json\/wp\/v2\/pages"}],"about":[{"href":"https:\/\/www.cmiile.com\/da\/wp-json\/wp\/v2\/types\/page"}],"author":[{"embeddable":true,"href":"https:\/\/www.cmiile.com\/da\/wp-json\/wp\/v2\/users\/135874"}],"replies":[{"embeddable":true,"href":"https:\/\/www.cmiile.com\/da\/wp-json\/wp\/v2\/comments?post=22329"}],"version-history":[{"count":3,"href":"https:\/\/www.cmiile.com\/da\/wp-json\/wp\/v2\/pages\/22329\/revisions"}],"predecessor-version":[{"id":22398,"href":"https:\/\/www.cmiile.com\/da\/wp-json\/wp\/v2\/pages\/22329\/revisions\/22398"}],"wp:attachment":[{"href":"https:\/\/www.cmiile.com\/da\/wp-json\/wp\/v2\/media?parent=22329"}],"curies":[{"name":"wp","href":"https:\/\/api.w.org\/{rel}","templated":true}]}}