{"id":22325,"date":"2022-03-02T15:55:34","date_gmt":"2022-03-02T14:55:34","guid":{"rendered":"https:\/\/www.cmiile.com\/da\/?page_id=22325"},"modified":"2022-11-14T16:25:36","modified_gmt":"2022-11-14T15:25:36","slug":"hvorfor-vaelge-cmiile","status":"publish","type":"page","link":"https:\/\/www.cmiile.com\/da\/hvorfor-vaelge-cmiile\/","title":{"rendered":"Hvorfor v\u00e6lge cmiile?"},"content":{"rendered":"\n<div class=\"wp-block-group full-width-section\"><div class=\"wp-block-group__inner-container is-layout-flow wp-block-group-is-layout-flow\">\n<div class=\"wp-block-columns boxed is-layout-flex wp-container-core-columns-is-layout-9d6595d7 wp-block-columns-is-layout-flex\">\n<div class=\"wp-block-column text is-layout-flow wp-block-column-is-layout-flow\">\n<h4 class=\"has-text-align-left wp-block-heading\">Hvorfor v\u00e6lge cmiile?<\/h4>\n\n\n\n<p class=\"has-text-align-left\">Vores tandblegningss\u00e6t er klinisk bevist til at blege t\u00e6nderne. Vores tandblegningsgel er peroxid-fri. Det vil sige det ikke indeholder hydrogen-peroxid ogs\u00e5 kaldet brintoverilte. Vi bruger derimod det aktive blegemiddel PAP (Phthalimidoperoxycaproic acid). PAP er en sikker blegningsingrediens til at blege t\u00e6nderne. Vores gel formel er udviklet og testet i samarbejde med tandl\u00e6ger.<\/p>\n\n\n\n<p class=\"has-text-align-left\">Hver behandling tager kun 10 minutter. Perfekt til forberedelse til arrangementer. Et behandlingsforl\u00f8b p\u00e5 6 behandlinger kan afsluttes p\u00e5 6 dage med 1 behandling om dagen. Du kan lave op til 12 behandlinger om m\u00e5neden.<\/p>\n\n\n\n<p class=\"has-text-align-left\">N\u00e5r hydrogen peroxid bliver anvendt i tandblegningsprodukter, leder det typisk til en lang liste af bivirkninger for brugerne. <\/p>\n<\/div>\n\n\n\n<div class=\"wp-block-column is-layout-flow wp-block-column-is-layout-flow\"><div class=\"wp-block-image\">\n<figure class=\"aligncenter size-full\"><img data-recalc-dims=\"1\" loading=\"lazy\" decoding=\"async\" width=\"512\" height=\"512\" src=\"https:\/\/i0.wp.com\/www.cmiile.com\/da\/wp-content\/uploads\/sites\/13\/2022\/03\/cropped-favicon.png?resize=512%2C512&#038;ssl=1\" alt=\"\" class=\"wp-image-22326\" srcset=\"https:\/\/i0.wp.com\/www.cmiile.com\/da\/wp-content\/uploads\/sites\/13\/2022\/03\/cropped-favicon.png?w=512&amp;ssl=1 512w, https:\/\/i0.wp.com\/www.cmiile.com\/da\/wp-content\/uploads\/sites\/13\/2022\/03\/cropped-favicon.png?resize=300%2C300&amp;ssl=1 300w, https:\/\/i0.wp.com\/www.cmiile.com\/da\/wp-content\/uploads\/sites\/13\/2022\/03\/cropped-favicon.png?resize=150%2C150&amp;ssl=1 150w, https:\/\/i0.wp.com\/www.cmiile.com\/da\/wp-content\/uploads\/sites\/13\/2022\/03\/cropped-favicon.png?resize=100%2C100&amp;ssl=1 100w\" sizes=\"auto, (max-width: 512px) 100vw, 512px\" \/><\/figure>\n<\/div><\/div>\n<\/div>\n<\/div><\/div>\n\n\n\n<div class=\"wp-block-columns boxed is-layout-flex wp-container-core-columns-is-layout-9d6595d7 wp-block-columns-is-layout-flex\">\n<div class=\"wp-block-column is-layout-flow wp-block-column-is-layout-flow\">\n<figure class=\"wp-block-image size-large\"><img data-recalc-dims=\"1\" loading=\"lazy\" decoding=\"async\" width=\"1024\" height=\"1024\" src=\"https:\/\/i0.wp.com\/www.cmiile.com\/da\/wp-content\/uploads\/sites\/13\/2019\/06\/Cmiile_2021-09-141043.jpg?resize=1024%2C1024&#038;ssl=1\" alt=\"Tandblegning\" class=\"wp-image-22277\" srcset=\"https:\/\/i0.wp.com\/www.cmiile.com\/da\/wp-content\/uploads\/sites\/13\/2019\/06\/Cmiile_2021-09-141043.jpg?resize=1024%2C1024&amp;ssl=1 1024w, https:\/\/i0.wp.com\/www.cmiile.com\/da\/wp-content\/uploads\/sites\/13\/2019\/06\/Cmiile_2021-09-141043.jpg?resize=300%2C300&amp;ssl=1 300w, https:\/\/i0.wp.com\/www.cmiile.com\/da\/wp-content\/uploads\/sites\/13\/2019\/06\/Cmiile_2021-09-141043.jpg?resize=150%2C150&amp;ssl=1 150w, https:\/\/i0.wp.com\/www.cmiile.com\/da\/wp-content\/uploads\/sites\/13\/2019\/06\/Cmiile_2021-09-141043.jpg?resize=768%2C768&amp;ssl=1 768w, https:\/\/i0.wp.com\/www.cmiile.com\/da\/wp-content\/uploads\/sites\/13\/2019\/06\/Cmiile_2021-09-141043.jpg?resize=600%2C600&amp;ssl=1 600w, https:\/\/i0.wp.com\/www.cmiile.com\/da\/wp-content\/uploads\/sites\/13\/2019\/06\/Cmiile_2021-09-141043.jpg?resize=100%2C100&amp;ssl=1 100w, https:\/\/i0.wp.com\/www.cmiile.com\/da\/wp-content\/uploads\/sites\/13\/2019\/06\/Cmiile_2021-09-141043.jpg?w=1200&amp;ssl=1 1200w\" sizes=\"auto, (max-width: 1000px) 100vw, 1000px\" \/><\/figure>\n<\/div>\n\n\n\n<div class=\"wp-block-column text is-layout-flow wp-block-column-is-layout-flow\">\n<h4 class=\"wp-block-heading\">S\u00e5som:<meta charset=\"utf-8\"><\/h4>\n\n\n\n<ul class=\"wp-block-list\">\n<li>Brands\u00e5r p\u00e5 tandk\u00f8d og l\u00e6ber<\/li>\n\n\n\n<li>Bl\u00f8dende tandk\u00f8d<\/li>\n\n\n\n<li>Permanent skade p\u00e5 emaljen<\/li>\n\n\n\n<li>Brune pletter p\u00e5 t\u00e6nderne<\/li>\n\n\n\n<li>Skadet tandk\u00f8d<\/li>\n<\/ul>\n\n\n\n<p><meta charset=\"utf-8\">Ved at v\u00e6lge vores tandblegning, sikrer du dig et sikkert produkt der er klinisk bevist til at blege, samt lever op til den <strong>danske kemikalie lovgivning og EU-lovgivningen.<\/strong> <\/p>\n\n\n\n<div class=\"wp-block-buttons is-layout-flex wp-block-buttons-is-layout-flex\">\n<div class=\"wp-block-button\"><a class=\"wp-block-button__link wp-element-button\" href=\"https:\/\/www.cmiile.com\/da\/produkter\/\">K\u00f8b her<\/a><\/div>\n<\/div>\n<\/div>\n<\/div>\n\n\n\n<div class=\"wp-block-group full-width-section\"><div class=\"wp-block-group__inner-container is-layout-flow wp-block-group-is-layout-flow\">\n<div class=\"wp-block-columns boxed-3-column is-layout-flex wp-container-core-columns-is-layout-9d6595d7 wp-block-columns-is-layout-flex\">\n<div class=\"wp-block-column is-vertically-aligned-center is-layout-flow wp-block-column-is-layout-flow\">\n<i class=\"fas fa-clock\"><\/i>\n\n\n\n<h4 class=\"has-text-align-center wp-block-heading\">Hurtig<\/h4>\n<\/div>\n\n\n\n<div class=\"wp-block-column is-vertically-aligned-center is-layout-flow wp-block-column-is-layout-flow\">\n<i class=\"fas fa-tooth\"><\/i>\n\n\n\n<h4 class=\"has-text-align-center wp-block-heading\">Sikker<\/h4>\n<\/div>\n\n\n\n<div class=\"wp-block-column is-vertically-aligned-center is-layout-flow wp-block-column-is-layout-flow\">\n<i class=\"fas fa-leaf\"><\/i>\n\n\n\n<h4 class=\"has-text-align-center wp-block-heading\">Effektiv<\/h4>\n<\/div>\n<\/div>\n<\/div><\/div>\n\n\n\n<div class=\"wp-block-columns boxed is-layout-flex wp-container-core-columns-is-layout-9d6595d7 wp-block-columns-is-layout-flex\">\n<div class=\"wp-block-column text is-layout-flow wp-block-column-is-layout-flow\">\n<h4 class=\"has-text-align-left wp-block-heading\">Gel ingrediens:<\/h4>\n\n\n\n<p class=\"has-text-align-left\">Sorbitol, Aqua, Propylene Glycol, Glycerin, Potassium Nitrate, PEG-8, Phthalimidoperoxycaproic Acid, Cellulose Gum, Hydroxyapatite, Hydroxyethylcellulose, Xanthan Gum, Menthol, Sodium Saccharin, Methylparaben, Chamomilla Recutita (Chamomile) Leaf Extract, Sodium Bicarbonate, Aloe Barbadensis (Aloe Vera) Leaf Juice, Punica Granatum Seed (Pomegranate) Extract, Propylparaben.<\/p>\n\n\n\n<p class=\"has-text-align-left\">Cmiile\u2019s tandblegnings produkter, efterlader ingen permanent harm eller irritationer p\u00e5 tandk\u00f8det eller p\u00e5 t\u00e6nderne. <\/p>\n\n\n\n<div class=\"wp-block-buttons is-layout-flex wp-block-buttons-is-layout-flex\">\n<div class=\"wp-block-button\"><a class=\"wp-block-button__link wp-element-button\" href=\"https:\/\/www.cmiile.com\/da\/produkter\/\">K\u00f8b her<\/a><\/div>\n<\/div>\n<\/div>\n\n\n\n<div class=\"wp-block-column is-layout-flow wp-block-column-is-layout-flow\">\n<figure class=\"wp-block-image size-large\"><img data-recalc-dims=\"1\" loading=\"lazy\" decoding=\"async\" width=\"1024\" height=\"1024\" src=\"https:\/\/i0.wp.com\/www.cmiile.com\/da\/wp-content\/uploads\/sites\/13\/2019\/06\/Cmiile_2021-09-141043.jpg?resize=1024%2C1024&#038;ssl=1\" alt=\"Tandblegning\" class=\"wp-image-22277\" srcset=\"https:\/\/i0.wp.com\/www.cmiile.com\/da\/wp-content\/uploads\/sites\/13\/2019\/06\/Cmiile_2021-09-141043.jpg?resize=1024%2C1024&amp;ssl=1 1024w, https:\/\/i0.wp.com\/www.cmiile.com\/da\/wp-content\/uploads\/sites\/13\/2019\/06\/Cmiile_2021-09-141043.jpg?resize=300%2C300&amp;ssl=1 300w, https:\/\/i0.wp.com\/www.cmiile.com\/da\/wp-content\/uploads\/sites\/13\/2019\/06\/Cmiile_2021-09-141043.jpg?resize=150%2C150&amp;ssl=1 150w, https:\/\/i0.wp.com\/www.cmiile.com\/da\/wp-content\/uploads\/sites\/13\/2019\/06\/Cmiile_2021-09-141043.jpg?resize=768%2C768&amp;ssl=1 768w, https:\/\/i0.wp.com\/www.cmiile.com\/da\/wp-content\/uploads\/sites\/13\/2019\/06\/Cmiile_2021-09-141043.jpg?resize=600%2C600&amp;ssl=1 600w, https:\/\/i0.wp.com\/www.cmiile.com\/da\/wp-content\/uploads\/sites\/13\/2019\/06\/Cmiile_2021-09-141043.jpg?resize=100%2C100&amp;ssl=1 100w, https:\/\/i0.wp.com\/www.cmiile.com\/da\/wp-content\/uploads\/sites\/13\/2019\/06\/Cmiile_2021-09-141043.jpg?w=1200&amp;ssl=1 1200w\" sizes=\"auto, (max-width: 1000px) 100vw, 1000px\" \/><\/figure>\n<\/div>\n<\/div>\n","protected":false},"excerpt":{"rendered":"<p> [&hellip;]<\/p>\n","protected":false},"author":135874,"featured_media":0,"parent":0,"menu_order":0,"comment_status":"closed","ping_status":"closed","template":"","meta":{"_custom_body_class":"","_disable_title":true,"footnotes":""},"class_list":["post-22325","page","type-page","status-publish","hentry"],"yoast_head":"<!-- This site is optimized with the Yoast SEO plugin v27.3 - https:\/\/yoast.com\/product\/yoast-seo-wordpress\/ -->\n<title>Hvorfor v\u00e6lge cmiile? - Cmiile<\/title>\n<meta name=\"robots\" content=\"index, follow, max-snippet:-1, max-image-preview:large, max-video-preview:-1\" \/>\n<link rel=\"canonical\" href=\"https:\/\/www.cmiile.com\/da\/hvorfor-vaelge-cmiile\/\" \/>\n<meta property=\"og:locale\" content=\"da_DK\" \/>\n<meta property=\"og:type\" content=\"article\" \/>\n<meta property=\"og:title\" content=\"Hvorfor v\u00e6lge cmiile? - Cmiile\" \/>\n<meta property=\"og:description\" content=\"[&hellip;]\" \/>\n<meta property=\"og:url\" content=\"https:\/\/www.cmiile.com\/da\/hvorfor-vaelge-cmiile\/\" \/>\n<meta property=\"og:site_name\" content=\"Cmiile\" \/>\n<meta property=\"article:modified_time\" content=\"2022-11-14T15:25:36+00:00\" \/>\n<meta property=\"og:image\" content=\"https:\/\/www.cmiile.com\/da\/wp-content\/uploads\/sites\/13\/2022\/03\/cropped-favicon.png\" \/>\n<meta name=\"twitter:card\" content=\"summary_large_image\" \/>\n<script type=\"application\/ld+json\" class=\"yoast-schema-graph\">{\"@context\":\"https:\\\/\\\/schema.org\",\"@graph\":[{\"@type\":\"WebPage\",\"@id\":\"https:\\\/\\\/www.cmiile.com\\\/da\\\/hvorfor-vaelge-cmiile\\\/\",\"url\":\"https:\\\/\\\/www.cmiile.com\\\/da\\\/hvorfor-vaelge-cmiile\\\/\",\"name\":\"Hvorfor v\u00e6lge cmiile? - Cmiile\",\"isPartOf\":{\"@id\":\"https:\\\/\\\/www.cmiile.com\\\/da\\\/#website\"},\"primaryImageOfPage\":{\"@id\":\"https:\\\/\\\/www.cmiile.com\\\/da\\\/hvorfor-vaelge-cmiile\\\/#primaryimage\"},\"image\":{\"@id\":\"https:\\\/\\\/www.cmiile.com\\\/da\\\/hvorfor-vaelge-cmiile\\\/#primaryimage\"},\"thumbnailUrl\":\"https:\\\/\\\/www.cmiile.com\\\/da\\\/wp-content\\\/uploads\\\/sites\\\/13\\\/2022\\\/03\\\/cropped-favicon.png\",\"datePublished\":\"2022-03-02T14:55:34+00:00\",\"dateModified\":\"2022-11-14T15:25:36+00:00\",\"inLanguage\":\"da-DK\",\"potentialAction\":[{\"@type\":\"ReadAction\",\"target\":[\"https:\\\/\\\/www.cmiile.com\\\/da\\\/hvorfor-vaelge-cmiile\\\/\"]}]},{\"@type\":\"ImageObject\",\"inLanguage\":\"da-DK\",\"@id\":\"https:\\\/\\\/www.cmiile.com\\\/da\\\/hvorfor-vaelge-cmiile\\\/#primaryimage\",\"url\":\"https:\\\/\\\/i0.wp.com\\\/www.cmiile.com\\\/da\\\/wp-content\\\/uploads\\\/sites\\\/13\\\/2022\\\/03\\\/cropped-favicon.png?fit=512%2C512&ssl=1\",\"contentUrl\":\"https:\\\/\\\/i0.wp.com\\\/www.cmiile.com\\\/da\\\/wp-content\\\/uploads\\\/sites\\\/13\\\/2022\\\/03\\\/cropped-favicon.png?fit=512%2C512&ssl=1\",\"width\":512,\"height\":512},{\"@type\":\"WebSite\",\"@id\":\"https:\\\/\\\/www.cmiile.com\\\/da\\\/#website\",\"url\":\"https:\\\/\\\/www.cmiile.com\\\/da\\\/\",\"name\":\"Cmiile\",\"description\":\"Hvad dit cmiile mangler\",\"potentialAction\":[{\"@type\":\"SearchAction\",\"target\":{\"@type\":\"EntryPoint\",\"urlTemplate\":\"https:\\\/\\\/www.cmiile.com\\\/da\\\/?s={search_term_string}\"},\"query-input\":{\"@type\":\"PropertyValueSpecification\",\"valueRequired\":true,\"valueName\":\"search_term_string\"}}],\"inLanguage\":\"da-DK\"}]}<\/script>\n<!-- \/ Yoast SEO plugin. -->","yoast_head_json":{"title":"Hvorfor v\u00e6lge cmiile? - Cmiile","robots":{"index":"index","follow":"follow","max-snippet":"max-snippet:-1","max-image-preview":"max-image-preview:large","max-video-preview":"max-video-preview:-1"},"canonical":"https:\/\/www.cmiile.com\/da\/hvorfor-vaelge-cmiile\/","og_locale":"da_DK","og_type":"article","og_title":"Hvorfor v\u00e6lge cmiile? - Cmiile","og_description":"[&hellip;]","og_url":"https:\/\/www.cmiile.com\/da\/hvorfor-vaelge-cmiile\/","og_site_name":"Cmiile","article_modified_time":"2022-11-14T15:25:36+00:00","og_image":[{"url":"https:\/\/www.cmiile.com\/da\/wp-content\/uploads\/sites\/13\/2022\/03\/cropped-favicon.png","type":"","width":"","height":""}],"twitter_card":"summary_large_image","schema":{"@context":"https:\/\/schema.org","@graph":[{"@type":"WebPage","@id":"https:\/\/www.cmiile.com\/da\/hvorfor-vaelge-cmiile\/","url":"https:\/\/www.cmiile.com\/da\/hvorfor-vaelge-cmiile\/","name":"Hvorfor v\u00e6lge cmiile? - Cmiile","isPartOf":{"@id":"https:\/\/www.cmiile.com\/da\/#website"},"primaryImageOfPage":{"@id":"https:\/\/www.cmiile.com\/da\/hvorfor-vaelge-cmiile\/#primaryimage"},"image":{"@id":"https:\/\/www.cmiile.com\/da\/hvorfor-vaelge-cmiile\/#primaryimage"},"thumbnailUrl":"https:\/\/www.cmiile.com\/da\/wp-content\/uploads\/sites\/13\/2022\/03\/cropped-favicon.png","datePublished":"2022-03-02T14:55:34+00:00","dateModified":"2022-11-14T15:25:36+00:00","inLanguage":"da-DK","potentialAction":[{"@type":"ReadAction","target":["https:\/\/www.cmiile.com\/da\/hvorfor-vaelge-cmiile\/"]}]},{"@type":"ImageObject","inLanguage":"da-DK","@id":"https:\/\/www.cmiile.com\/da\/hvorfor-vaelge-cmiile\/#primaryimage","url":"https:\/\/i0.wp.com\/www.cmiile.com\/da\/wp-content\/uploads\/sites\/13\/2022\/03\/cropped-favicon.png?fit=512%2C512&ssl=1","contentUrl":"https:\/\/i0.wp.com\/www.cmiile.com\/da\/wp-content\/uploads\/sites\/13\/2022\/03\/cropped-favicon.png?fit=512%2C512&ssl=1","width":512,"height":512},{"@type":"WebSite","@id":"https:\/\/www.cmiile.com\/da\/#website","url":"https:\/\/www.cmiile.com\/da\/","name":"Cmiile","description":"Hvad dit cmiile mangler","potentialAction":[{"@type":"SearchAction","target":{"@type":"EntryPoint","urlTemplate":"https:\/\/www.cmiile.com\/da\/?s={search_term_string}"},"query-input":{"@type":"PropertyValueSpecification","valueRequired":true,"valueName":"search_term_string"}}],"inLanguage":"da-DK"}]}},"jetpack_sharing_enabled":true,"_links":{"self":[{"href":"https:\/\/www.cmiile.com\/da\/wp-json\/wp\/v2\/pages\/22325","targetHints":{"allow":["GET"]}}],"collection":[{"href":"https:\/\/www.cmiile.com\/da\/wp-json\/wp\/v2\/pages"}],"about":[{"href":"https:\/\/www.cmiile.com\/da\/wp-json\/wp\/v2\/types\/page"}],"author":[{"embeddable":true,"href":"https:\/\/www.cmiile.com\/da\/wp-json\/wp\/v2\/users\/135874"}],"replies":[{"embeddable":true,"href":"https:\/\/www.cmiile.com\/da\/wp-json\/wp\/v2\/comments?post=22325"}],"version-history":[{"count":9,"href":"https:\/\/www.cmiile.com\/da\/wp-json\/wp\/v2\/pages\/22325\/revisions"}],"predecessor-version":[{"id":22537,"href":"https:\/\/www.cmiile.com\/da\/wp-json\/wp\/v2\/pages\/22325\/revisions\/22537"}],"wp:attachment":[{"href":"https:\/\/www.cmiile.com\/da\/wp-json\/wp\/v2\/media?parent=22325"}],"curies":[{"name":"wp","href":"https:\/\/api.w.org\/{rel}","templated":true}]}}