{"id":22310,"date":"2022-03-02T15:38:33","date_gmt":"2022-03-02T14:38:33","guid":{"rendered":"https:\/\/www.cmiile.com\/da\/?page_id=22310"},"modified":"2023-10-19T17:52:13","modified_gmt":"2023-10-19T15:52:13","slug":"om-os","status":"publish","type":"page","link":"https:\/\/www.cmiile.com\/da\/om-os\/","title":{"rendered":"Om os"},"content":{"rendered":"\n<div class=\"wp-block-columns boxed is-layout-flex wp-container-core-columns-is-layout-9d6595d7 wp-block-columns-is-layout-flex\">\n<div class=\"wp-block-column text is-layout-flow wp-block-column-is-layout-flow\">\n<p>Cmiile er en dansk virksomhed, som besk\u00e6ftiger sig med udvikling og salg af produkter indenfor tandblegning og tandpleje.<\/p>\n\n\n\n<p>Vores produkter er af h\u00f8j kvalitet og vi er stolte af at introducere verden til vores innovative produkter.<\/p>\n\n\n\n<p class=\"text\">Hos cmiile tror vi p\u00e5, at de sm\u00e5 daglige ting vi foretager os kan v\u00e6re med til at \u00e6ndre vores liv. Noget s\u00e5 trivielt som at vedligeholde ens t\u00e6nder, kan v\u00e6re en oplevelse man finder gl\u00e6de i og kan v\u00e6re stolt af.<\/p>\n\n\n\n<p>Virksomheden blev grundlagt i 2015 for at hj\u00e6lpe mennesker til at smile mere, uden at skulle v\u00e6re flove over deres smil.<\/p>\n<\/div>\n\n\n\n<div class=\"wp-block-column is-layout-flow wp-block-column-is-layout-flow\">\n<figure class=\"wp-block-image size-large\"><img data-recalc-dims=\"1\" loading=\"lazy\" decoding=\"async\" width=\"1024\" height=\"605\" src=\"https:\/\/i0.wp.com\/www.cmiile.com\/da\/wp-content\/uploads\/sites\/13\/2022\/03\/cmiile-frontpage.jpg?resize=1024%2C605&#038;ssl=1\" alt=\"\" class=\"wp-image-22314\" srcset=\"https:\/\/i0.wp.com\/www.cmiile.com\/da\/wp-content\/uploads\/sites\/13\/2022\/03\/cmiile-frontpage.jpg?resize=1024%2C605&amp;ssl=1 1024w, https:\/\/i0.wp.com\/www.cmiile.com\/da\/wp-content\/uploads\/sites\/13\/2022\/03\/cmiile-frontpage.jpg?resize=300%2C177&amp;ssl=1 300w, https:\/\/i0.wp.com\/www.cmiile.com\/da\/wp-content\/uploads\/sites\/13\/2022\/03\/cmiile-frontpage.jpg?resize=768%2C454&amp;ssl=1 768w, https:\/\/i0.wp.com\/www.cmiile.com\/da\/wp-content\/uploads\/sites\/13\/2022\/03\/cmiile-frontpage.jpg?resize=600%2C355&amp;ssl=1 600w, https:\/\/i0.wp.com\/www.cmiile.com\/da\/wp-content\/uploads\/sites\/13\/2022\/03\/cmiile-frontpage.jpg?w=1200&amp;ssl=1 1200w\" sizes=\"auto, (max-width: 1000px) 100vw, 1000px\" \/><\/figure>\n<\/div>\n<\/div>\n\n\n\n<div class=\"wp-block-group full-width-section\"><div class=\"wp-block-group__inner-container is-layout-flow wp-block-group-is-layout-flow\">\n<div class=\"wp-block-columns boxed is-layout-flex wp-container-core-columns-is-layout-9d6595d7 wp-block-columns-is-layout-flex\">\n<div class=\"wp-block-column is-layout-flow wp-block-column-is-layout-flow\">\n<figure class=\"wp-block-image size-full\"><img data-recalc-dims=\"1\" loading=\"lazy\" decoding=\"async\" width=\"1024\" height=\"684\" src=\"https:\/\/i0.wp.com\/www.cmiile.com\/da\/wp-content\/uploads\/sites\/13\/2022\/03\/rsz_2portrait-smiling-dentist-dentist-s-office.jpeg?resize=1024%2C684&#038;ssl=1\" alt=\"\" class=\"wp-image-22317\" srcset=\"https:\/\/i0.wp.com\/www.cmiile.com\/da\/wp-content\/uploads\/sites\/13\/2022\/03\/rsz_2portrait-smiling-dentist-dentist-s-office.jpeg?w=1024&amp;ssl=1 1024w, https:\/\/i0.wp.com\/www.cmiile.com\/da\/wp-content\/uploads\/sites\/13\/2022\/03\/rsz_2portrait-smiling-dentist-dentist-s-office.jpeg?resize=300%2C200&amp;ssl=1 300w, https:\/\/i0.wp.com\/www.cmiile.com\/da\/wp-content\/uploads\/sites\/13\/2022\/03\/rsz_2portrait-smiling-dentist-dentist-s-office.jpeg?resize=768%2C513&amp;ssl=1 768w, https:\/\/i0.wp.com\/www.cmiile.com\/da\/wp-content\/uploads\/sites\/13\/2022\/03\/rsz_2portrait-smiling-dentist-dentist-s-office.jpeg?resize=600%2C401&amp;ssl=1 600w\" sizes=\"auto, (max-width: 1000px) 100vw, 1000px\" \/><\/figure>\n<\/div>\n\n\n\n<div class=\"wp-block-column text is-layout-flow wp-block-column-is-layout-flow\">\n<h4 class=\"wp-block-heading has-text-align-left\">Mission<\/h4>\n\n\n\n<p class=\"has-text-align-left\"><meta charset=\"utf-8\"><\/meta>Cmiile\u2019s mission er at s\u00e6tte fokus p\u00e5 tandpleje og tandblegning og hj\u00e6lpe mennesker til en sundere mundhygiejne og hvidere t\u00e6nder. Det skal v\u00e6re gennem salg af de bedste tandpleje produkter p\u00e5 markedet, som m\u00f8der vores kunders behov i form af sikkerhed, sundhed og kvalitet.<\/p>\n\n\n\n<div class=\"wp-block-buttons is-layout-flex wp-block-buttons-is-layout-flex\">\n<div class=\"wp-block-button\"><a class=\"wp-block-button__link wp-element-button\" href=\"https:\/\/www.cmiile.com\/da\/produkter\/\">K\u00f8b her<\/a><\/div>\n<\/div>\n<\/div>\n<\/div>\n<\/div><\/div>\n\n\n\n<div class=\"wp-block-columns boxed is-layout-flex wp-container-core-columns-is-layout-9d6595d7 wp-block-columns-is-layout-flex\">\n<div class=\"wp-block-column text is-layout-flow wp-block-column-is-layout-flow\">\n<p>Transformering af vores produkter for b\u00e6redygtighed er vigtig for os og for omverden. Vi str\u00e6ber efter at anvende s\u00e5 lidt plastik, som muligt i vores produkter, med henblik p\u00e5 at \u00f8ge kvaliteten af jordens \u00f8kosystemer.<\/p>\n\n\n\n<p>Cmiile g\u00f8r kosmetisk tandblegning mulig for alle ved at tilbyde revolution\u00e6r teknologi, som tidligere kun tandl\u00e6ger har v\u00e6ret i stand til at tilbyde, til priser som ikke er set f\u00f8r, uden at g\u00e5 p\u00e5 kompromis med sikkerhed, kvalitet og virkning.<\/p>\n\n\n\n<p>Vi er jeres dedikerede eksperter, som vil hj\u00e6lpe med at f\u00e5 jeres naturlige smil tilbage, ved at udvikle og tilbyde de seneste produkter indenfor tandpleje.<\/p>\n<\/div>\n\n\n\n<div class=\"wp-block-column is-layout-flow wp-block-column-is-layout-flow\">\n<figure class=\"wp-block-image size-full\"><img data-recalc-dims=\"1\" loading=\"lazy\" decoding=\"async\" width=\"1024\" height=\"658\" src=\"https:\/\/i0.wp.com\/www.cmiile.com\/da\/wp-content\/uploads\/sites\/13\/2022\/03\/Sustainability.jpeg?resize=1024%2C658&#038;ssl=1\" alt=\"\" class=\"wp-image-22319\" srcset=\"https:\/\/i0.wp.com\/www.cmiile.com\/da\/wp-content\/uploads\/sites\/13\/2022\/03\/Sustainability.jpeg?w=1024&amp;ssl=1 1024w, https:\/\/i0.wp.com\/www.cmiile.com\/da\/wp-content\/uploads\/sites\/13\/2022\/03\/Sustainability.jpeg?resize=300%2C193&amp;ssl=1 300w, https:\/\/i0.wp.com\/www.cmiile.com\/da\/wp-content\/uploads\/sites\/13\/2022\/03\/Sustainability.jpeg?resize=768%2C494&amp;ssl=1 768w, https:\/\/i0.wp.com\/www.cmiile.com\/da\/wp-content\/uploads\/sites\/13\/2022\/03\/Sustainability.jpeg?resize=600%2C386&amp;ssl=1 600w\" sizes=\"auto, (max-width: 1000px) 100vw, 1000px\" \/><\/figure>\n<\/div>\n<\/div>\n\n\n\n<div class=\"wp-block-group full-width-section\"><div class=\"wp-block-group__inner-container is-layout-flow wp-block-group-is-layout-flow\">\n<div class=\"wp-block-columns boxed is-layout-flex wp-container-core-columns-is-layout-9d6595d7 wp-block-columns-is-layout-flex\">\n<div class=\"wp-block-column is-layout-flow wp-block-column-is-layout-flow\">\n<figure class=\"wp-block-image size-large\"><img data-recalc-dims=\"1\" loading=\"lazy\" decoding=\"async\" width=\"1024\" height=\"1024\" src=\"https:\/\/i0.wp.com\/www.cmiile.com\/da\/wp-content\/uploads\/sites\/13\/2022\/03\/Design-uden-navn.png?resize=1024%2C1024&#038;ssl=1\" alt=\"\" class=\"wp-image-22399\" srcset=\"https:\/\/i0.wp.com\/www.cmiile.com\/da\/wp-content\/uploads\/sites\/13\/2022\/03\/Design-uden-navn.png?resize=1024%2C1024&amp;ssl=1 1024w, https:\/\/i0.wp.com\/www.cmiile.com\/da\/wp-content\/uploads\/sites\/13\/2022\/03\/Design-uden-navn.png?resize=300%2C300&amp;ssl=1 300w, https:\/\/i0.wp.com\/www.cmiile.com\/da\/wp-content\/uploads\/sites\/13\/2022\/03\/Design-uden-navn.png?resize=150%2C150&amp;ssl=1 150w, https:\/\/i0.wp.com\/www.cmiile.com\/da\/wp-content\/uploads\/sites\/13\/2022\/03\/Design-uden-navn.png?resize=768%2C768&amp;ssl=1 768w, https:\/\/i0.wp.com\/www.cmiile.com\/da\/wp-content\/uploads\/sites\/13\/2022\/03\/Design-uden-navn.png?resize=600%2C600&amp;ssl=1 600w, https:\/\/i0.wp.com\/www.cmiile.com\/da\/wp-content\/uploads\/sites\/13\/2022\/03\/Design-uden-navn.png?resize=100%2C100&amp;ssl=1 100w, https:\/\/i0.wp.com\/www.cmiile.com\/da\/wp-content\/uploads\/sites\/13\/2022\/03\/Design-uden-navn.png?w=1080&amp;ssl=1 1080w\" sizes=\"auto, (max-width: 1000px) 100vw, 1000px\" \/><\/figure>\n<\/div>\n\n\n\n<div class=\"wp-block-column text is-layout-flow wp-block-column-is-layout-flow\">\n<h4 class=\"wp-block-heading has-text-align-left\">Vision<\/h4>\n\n\n\n<p class=\"has-text-align-left\">Cmiile er den dedikerede ekspert inden for kosmetisk tandblegning og tandpleje. Vores vision er at hj\u00e6lpe mennesker med at vedligeholde et sundt og hvidt smil.<\/p>\n\n\n\n<div class=\"wp-block-buttons is-layout-flex wp-block-buttons-is-layout-flex\">\n<div class=\"wp-block-button\"><a class=\"wp-block-button__link wp-element-button\" href=\"https:\/\/www.cmiile.com\/da\/produkter\/\">K\u00f8b her<\/a><\/div>\n<\/div>\n<\/div>\n<\/div>\n<\/div><\/div>\n","protected":false},"excerpt":{"rendered":"<p> [&hellip;]<\/p>\n","protected":false},"author":1,"featured_media":0,"parent":0,"menu_order":0,"comment_status":"closed","ping_status":"closed","template":"","meta":{"_custom_body_class":"","_disable_title":false,"footnotes":""},"class_list":["post-22310","page","type-page","status-publish","hentry"],"yoast_head":"<!-- This site is optimized with the Yoast SEO plugin v27.3 - https:\/\/yoast.com\/product\/yoast-seo-wordpress\/ -->\n<title>Om os - Cmiile<\/title>\n<meta name=\"robots\" content=\"index, follow, max-snippet:-1, max-image-preview:large, max-video-preview:-1\" \/>\n<link rel=\"canonical\" href=\"https:\/\/www.cmiile.com\/da\/om-os\/\" \/>\n<meta property=\"og:locale\" content=\"da_DK\" \/>\n<meta property=\"og:type\" content=\"article\" \/>\n<meta property=\"og:title\" content=\"Om os - Cmiile\" \/>\n<meta property=\"og:description\" content=\"[&hellip;]\" \/>\n<meta property=\"og:url\" content=\"https:\/\/www.cmiile.com\/da\/om-os\/\" \/>\n<meta property=\"og:site_name\" content=\"Cmiile\" \/>\n<meta property=\"article:modified_time\" content=\"2023-10-19T15:52:13+00:00\" \/>\n<meta property=\"og:image\" content=\"https:\/\/www.cmiile.com\/da\/wp-content\/uploads\/sites\/13\/2022\/03\/cmiile-frontpage-1024x605.jpg\" \/>\n<meta name=\"twitter:card\" content=\"summary_large_image\" \/>\n<script type=\"application\/ld+json\" class=\"yoast-schema-graph\">{\"@context\":\"https:\\\/\\\/schema.org\",\"@graph\":[{\"@type\":\"WebPage\",\"@id\":\"https:\\\/\\\/www.cmiile.com\\\/da\\\/om-os\\\/\",\"url\":\"https:\\\/\\\/www.cmiile.com\\\/da\\\/om-os\\\/\",\"name\":\"Om os - Cmiile\",\"isPartOf\":{\"@id\":\"https:\\\/\\\/www.cmiile.com\\\/da\\\/#website\"},\"primaryImageOfPage\":{\"@id\":\"https:\\\/\\\/www.cmiile.com\\\/da\\\/om-os\\\/#primaryimage\"},\"image\":{\"@id\":\"https:\\\/\\\/www.cmiile.com\\\/da\\\/om-os\\\/#primaryimage\"},\"thumbnailUrl\":\"https:\\\/\\\/www.cmiile.com\\\/da\\\/wp-content\\\/uploads\\\/sites\\\/13\\\/2022\\\/03\\\/cmiile-frontpage-1024x605.jpg\",\"datePublished\":\"2022-03-02T14:38:33+00:00\",\"dateModified\":\"2023-10-19T15:52:13+00:00\",\"inLanguage\":\"da-DK\",\"potentialAction\":[{\"@type\":\"ReadAction\",\"target\":[\"https:\\\/\\\/www.cmiile.com\\\/da\\\/om-os\\\/\"]}]},{\"@type\":\"ImageObject\",\"inLanguage\":\"da-DK\",\"@id\":\"https:\\\/\\\/www.cmiile.com\\\/da\\\/om-os\\\/#primaryimage\",\"url\":\"https:\\\/\\\/i0.wp.com\\\/www.cmiile.com\\\/da\\\/wp-content\\\/uploads\\\/sites\\\/13\\\/2022\\\/03\\\/cmiile-frontpage.jpg?fit=1200%2C709&ssl=1\",\"contentUrl\":\"https:\\\/\\\/i0.wp.com\\\/www.cmiile.com\\\/da\\\/wp-content\\\/uploads\\\/sites\\\/13\\\/2022\\\/03\\\/cmiile-frontpage.jpg?fit=1200%2C709&ssl=1\",\"width\":1200,\"height\":709},{\"@type\":\"WebSite\",\"@id\":\"https:\\\/\\\/www.cmiile.com\\\/da\\\/#website\",\"url\":\"https:\\\/\\\/www.cmiile.com\\\/da\\\/\",\"name\":\"Cmiile\",\"description\":\"Hvad dit cmiile mangler\",\"potentialAction\":[{\"@type\":\"SearchAction\",\"target\":{\"@type\":\"EntryPoint\",\"urlTemplate\":\"https:\\\/\\\/www.cmiile.com\\\/da\\\/?s={search_term_string}\"},\"query-input\":{\"@type\":\"PropertyValueSpecification\",\"valueRequired\":true,\"valueName\":\"search_term_string\"}}],\"inLanguage\":\"da-DK\"}]}<\/script>\n<!-- \/ Yoast SEO plugin. -->","yoast_head_json":{"title":"Om os - Cmiile","robots":{"index":"index","follow":"follow","max-snippet":"max-snippet:-1","max-image-preview":"max-image-preview:large","max-video-preview":"max-video-preview:-1"},"canonical":"https:\/\/www.cmiile.com\/da\/om-os\/","og_locale":"da_DK","og_type":"article","og_title":"Om os - Cmiile","og_description":"[&hellip;]","og_url":"https:\/\/www.cmiile.com\/da\/om-os\/","og_site_name":"Cmiile","article_modified_time":"2023-10-19T15:52:13+00:00","og_image":[{"url":"https:\/\/www.cmiile.com\/da\/wp-content\/uploads\/sites\/13\/2022\/03\/cmiile-frontpage-1024x605.jpg","type":"","width":"","height":""}],"twitter_card":"summary_large_image","schema":{"@context":"https:\/\/schema.org","@graph":[{"@type":"WebPage","@id":"https:\/\/www.cmiile.com\/da\/om-os\/","url":"https:\/\/www.cmiile.com\/da\/om-os\/","name":"Om os - Cmiile","isPartOf":{"@id":"https:\/\/www.cmiile.com\/da\/#website"},"primaryImageOfPage":{"@id":"https:\/\/www.cmiile.com\/da\/om-os\/#primaryimage"},"image":{"@id":"https:\/\/www.cmiile.com\/da\/om-os\/#primaryimage"},"thumbnailUrl":"https:\/\/www.cmiile.com\/da\/wp-content\/uploads\/sites\/13\/2022\/03\/cmiile-frontpage-1024x605.jpg","datePublished":"2022-03-02T14:38:33+00:00","dateModified":"2023-10-19T15:52:13+00:00","inLanguage":"da-DK","potentialAction":[{"@type":"ReadAction","target":["https:\/\/www.cmiile.com\/da\/om-os\/"]}]},{"@type":"ImageObject","inLanguage":"da-DK","@id":"https:\/\/www.cmiile.com\/da\/om-os\/#primaryimage","url":"https:\/\/i0.wp.com\/www.cmiile.com\/da\/wp-content\/uploads\/sites\/13\/2022\/03\/cmiile-frontpage.jpg?fit=1200%2C709&ssl=1","contentUrl":"https:\/\/i0.wp.com\/www.cmiile.com\/da\/wp-content\/uploads\/sites\/13\/2022\/03\/cmiile-frontpage.jpg?fit=1200%2C709&ssl=1","width":1200,"height":709},{"@type":"WebSite","@id":"https:\/\/www.cmiile.com\/da\/#website","url":"https:\/\/www.cmiile.com\/da\/","name":"Cmiile","description":"Hvad dit cmiile mangler","potentialAction":[{"@type":"SearchAction","target":{"@type":"EntryPoint","urlTemplate":"https:\/\/www.cmiile.com\/da\/?s={search_term_string}"},"query-input":{"@type":"PropertyValueSpecification","valueRequired":true,"valueName":"search_term_string"}}],"inLanguage":"da-DK"}]}},"jetpack_sharing_enabled":true,"_links":{"self":[{"href":"https:\/\/www.cmiile.com\/da\/wp-json\/wp\/v2\/pages\/22310","targetHints":{"allow":["GET"]}}],"collection":[{"href":"https:\/\/www.cmiile.com\/da\/wp-json\/wp\/v2\/pages"}],"about":[{"href":"https:\/\/www.cmiile.com\/da\/wp-json\/wp\/v2\/types\/page"}],"author":[{"embeddable":true,"href":"https:\/\/www.cmiile.com\/da\/wp-json\/wp\/v2\/users\/1"}],"replies":[{"embeddable":true,"href":"https:\/\/www.cmiile.com\/da\/wp-json\/wp\/v2\/comments?post=22310"}],"version-history":[{"count":11,"href":"https:\/\/www.cmiile.com\/da\/wp-json\/wp\/v2\/pages\/22310\/revisions"}],"predecessor-version":[{"id":22679,"href":"https:\/\/www.cmiile.com\/da\/wp-json\/wp\/v2\/pages\/22310\/revisions\/22679"}],"wp:attachment":[{"href":"https:\/\/www.cmiile.com\/da\/wp-json\/wp\/v2\/media?parent=22310"}],"curies":[{"name":"wp","href":"https:\/\/api.w.org\/{rel}","templated":true}]}}