{"id":1036,"date":"2019-07-02T09:10:58","date_gmt":"2019-07-02T09:10:58","guid":{"rendered":"https:\/\/www.tillty.com\/cmiile-da\/?page_id=1036"},"modified":"2019-07-09T15:02:58","modified_gmt":"2019-07-09T15:02:58","slug":"abonnementsbetingelser","status":"publish","type":"page","link":"https:\/\/www.cmiile.com\/da\/abonnementsbetingelser\/","title":{"rendered":"Abonnementsbetingelser"},"content":{"rendered":"\n<h4 class=\"wp-block-heading\"><strong>Abonnement<\/strong><\/h4>\n\n\n\n<p>N\u00e5r du accepterer abonnementsbetingelserne p\u00e5 cmiile.dk, accepterer du, at Cmiile ApS m\u00e5 tr\u00e6kke det oplyste bel\u00f8b for abonnement, indtil du v\u00e6lger at opsige dit abonnement. Du modtager en kvittering p\u00e5 e-mail ved dit f\u00f8rste k\u00f8b, der indeholder information om dit abonnement. Efterf\u00f8lgende kvitteringer vil kunne findes, n\u00e5r du er logget ind p\u00e5 cmiile.dk, under punktet \u201cMin konto\u201d. <\/p>\n\n\n\n<h4 class=\"wp-block-heading\"><strong>L\u00f8betid<\/strong><\/h4>\n\n\n\n<p>Som kunde betaler du pr. l\u00f8bende m\u00e5ned.&nbsp; Der er ingen binding, og du kan \u00e6ndre eller opsige n\u00e5r du har lyst. <\/p>\n\n\n\n<h4 class=\"wp-block-heading\"><strong>Betaling og fornyelse<\/strong><\/h4>\n\n\n\n<p>Cmiile.com tillader sig at tr\u00e6kke det aftalte bel\u00f8b m\u00e5nedligt, indtil abonnementet opsiges, og det aftalte abonnement er betalt. Dit abonnement bliver automatisk fornyet. <\/p>\n\n\n\n<h4 class=\"wp-block-heading\"><strong>Opsigelse<\/strong><\/h4>\n\n\n\n<p>Hvis du \u00f8nsker at opsige dit abonnement, kan du g\u00f8re det 24 timer f\u00f8r den n\u00e6ste betaling og dit abonnement vil blive opsagt med det samme. For at opsige dit medlemskab skal du g\u00e5 ind p\u00e5 cmiile.dk og logge ind og g\u00e5 ind p\u00e5 \u201cMin konto\u201d og opsige det. <\/p>\n\n\n\n<h4 class=\"wp-block-heading\">Fortrydelsesret<\/h4>\n\n\n\n<p>Du har som kunde 14 dages fortrydelsesret. Din fortrydelsesret er kun g\u00e6ldende fra den dag, aftalen blev indg\u00e5et, og ikke ved den l\u00f8bende abonnementsbetaling. Hvis du \u00f8nsker at fortryde dit abonnement, skal du inden 14 dage fra aftalens indg\u00e5else, sende os en mail p\u00e5 info@cmiile.com<\/p>\n","protected":false},"excerpt":{"rendered":"<p> [&hellip;]<\/p>\n","protected":false},"author":77,"featured_media":0,"parent":0,"menu_order":0,"comment_status":"closed","ping_status":"closed","template":"","meta":{"_custom_body_class":"","_disable_title":false,"footnotes":""},"class_list":["post-1036","page","type-page","status-publish","hentry"],"yoast_head":"<!-- This site is optimized with the Yoast SEO plugin v27.3 - https:\/\/yoast.com\/product\/yoast-seo-wordpress\/ -->\n<title>Abonnementsbetingelser - Cmiile<\/title>\n<meta name=\"robots\" content=\"index, follow, max-snippet:-1, max-image-preview:large, max-video-preview:-1\" \/>\n<link rel=\"canonical\" href=\"https:\/\/www.cmiile.com\/da\/abonnementsbetingelser\/\" \/>\n<meta property=\"og:locale\" content=\"da_DK\" \/>\n<meta property=\"og:type\" content=\"article\" \/>\n<meta property=\"og:title\" content=\"Abonnementsbetingelser - Cmiile\" \/>\n<meta property=\"og:description\" content=\"[&hellip;]\" \/>\n<meta property=\"og:url\" content=\"https:\/\/www.cmiile.com\/da\/abonnementsbetingelser\/\" \/>\n<meta property=\"og:site_name\" content=\"Cmiile\" \/>\n<meta property=\"article:modified_time\" content=\"2019-07-09T15:02:58+00:00\" \/>\n<meta name=\"twitter:card\" content=\"summary_large_image\" \/>\n<script type=\"application\/ld+json\" class=\"yoast-schema-graph\">{\"@context\":\"https:\\\/\\\/schema.org\",\"@graph\":[{\"@type\":\"WebPage\",\"@id\":\"https:\\\/\\\/www.cmiile.com\\\/da\\\/abonnementsbetingelser\\\/\",\"url\":\"https:\\\/\\\/www.cmiile.com\\\/da\\\/abonnementsbetingelser\\\/\",\"name\":\"Abonnementsbetingelser - Cmiile\",\"isPartOf\":{\"@id\":\"https:\\\/\\\/www.cmiile.com\\\/da\\\/#website\"},\"datePublished\":\"2019-07-02T09:10:58+00:00\",\"dateModified\":\"2019-07-09T15:02:58+00:00\",\"inLanguage\":\"da-DK\",\"potentialAction\":[{\"@type\":\"ReadAction\",\"target\":[\"https:\\\/\\\/www.cmiile.com\\\/da\\\/abonnementsbetingelser\\\/\"]}]},{\"@type\":\"WebSite\",\"@id\":\"https:\\\/\\\/www.cmiile.com\\\/da\\\/#website\",\"url\":\"https:\\\/\\\/www.cmiile.com\\\/da\\\/\",\"name\":\"Cmiile\",\"description\":\"Hvad dit cmiile mangler\",\"potentialAction\":[{\"@type\":\"SearchAction\",\"target\":{\"@type\":\"EntryPoint\",\"urlTemplate\":\"https:\\\/\\\/www.cmiile.com\\\/da\\\/?s={search_term_string}\"},\"query-input\":{\"@type\":\"PropertyValueSpecification\",\"valueRequired\":true,\"valueName\":\"search_term_string\"}}],\"inLanguage\":\"da-DK\"}]}<\/script>\n<!-- \/ Yoast SEO plugin. -->","yoast_head_json":{"title":"Abonnementsbetingelser - Cmiile","robots":{"index":"index","follow":"follow","max-snippet":"max-snippet:-1","max-image-preview":"max-image-preview:large","max-video-preview":"max-video-preview:-1"},"canonical":"https:\/\/www.cmiile.com\/da\/abonnementsbetingelser\/","og_locale":"da_DK","og_type":"article","og_title":"Abonnementsbetingelser - Cmiile","og_description":"[&hellip;]","og_url":"https:\/\/www.cmiile.com\/da\/abonnementsbetingelser\/","og_site_name":"Cmiile","article_modified_time":"2019-07-09T15:02:58+00:00","twitter_card":"summary_large_image","schema":{"@context":"https:\/\/schema.org","@graph":[{"@type":"WebPage","@id":"https:\/\/www.cmiile.com\/da\/abonnementsbetingelser\/","url":"https:\/\/www.cmiile.com\/da\/abonnementsbetingelser\/","name":"Abonnementsbetingelser - Cmiile","isPartOf":{"@id":"https:\/\/www.cmiile.com\/da\/#website"},"datePublished":"2019-07-02T09:10:58+00:00","dateModified":"2019-07-09T15:02:58+00:00","inLanguage":"da-DK","potentialAction":[{"@type":"ReadAction","target":["https:\/\/www.cmiile.com\/da\/abonnementsbetingelser\/"]}]},{"@type":"WebSite","@id":"https:\/\/www.cmiile.com\/da\/#website","url":"https:\/\/www.cmiile.com\/da\/","name":"Cmiile","description":"Hvad dit cmiile mangler","potentialAction":[{"@type":"SearchAction","target":{"@type":"EntryPoint","urlTemplate":"https:\/\/www.cmiile.com\/da\/?s={search_term_string}"},"query-input":{"@type":"PropertyValueSpecification","valueRequired":true,"valueName":"search_term_string"}}],"inLanguage":"da-DK"}]}},"jetpack_sharing_enabled":true,"_links":{"self":[{"href":"https:\/\/www.cmiile.com\/da\/wp-json\/wp\/v2\/pages\/1036","targetHints":{"allow":["GET"]}}],"collection":[{"href":"https:\/\/www.cmiile.com\/da\/wp-json\/wp\/v2\/pages"}],"about":[{"href":"https:\/\/www.cmiile.com\/da\/wp-json\/wp\/v2\/types\/page"}],"author":[{"embeddable":true,"href":"https:\/\/www.cmiile.com\/da\/wp-json\/wp\/v2\/users\/77"}],"replies":[{"embeddable":true,"href":"https:\/\/www.cmiile.com\/da\/wp-json\/wp\/v2\/comments?post=1036"}],"version-history":[{"count":5,"href":"https:\/\/www.cmiile.com\/da\/wp-json\/wp\/v2\/pages\/1036\/revisions"}],"predecessor-version":[{"id":1481,"href":"https:\/\/www.cmiile.com\/da\/wp-json\/wp\/v2\/pages\/1036\/revisions\/1481"}],"wp:attachment":[{"href":"https:\/\/www.cmiile.com\/da\/wp-json\/wp\/v2\/media?parent=1036"}],"curies":[{"name":"wp","href":"https:\/\/api.w.org\/{rel}","templated":true}]}}