{"id":1028,"date":"2019-07-02T08:52:39","date_gmt":"2019-07-02T08:52:39","guid":{"rendered":"https:\/\/www.tillty.com\/cmiile-da\/?page_id=1028"},"modified":"2021-07-08T15:57:54","modified_gmt":"2021-07-08T13:57:54","slug":"handelsbetingelser","status":"publish","type":"page","link":"https:\/\/www.cmiile.com\/da\/handelsbetingelser\/","title":{"rendered":"Handelsbetingelser"},"content":{"rendered":"\n<h4 class=\"wp-block-heading\"><strong>Ordrebekr\u00e6ftelse<\/strong><\/h4>\n\n\n\n<p>En ordrebekr\u00e6ftelse sendes automatisk til den e-mail adresse, som du har angivet i dine kundeoplysninger. Det kan v\u00e6re en god ide at gemme denne, hvis du senere f\u00e5r brug for at kontakte vores kundeservice. Kundeservice er \u00e5bent alle hverdage via mail info@cmiile.com. Vi fors\u00f8ger at besvare alle henvendelser indenfor 24 timer.<\/p>\n\n\n\n<h4 class=\"wp-block-heading\">Levering<\/h4>\n\n\n\n<p>Levering sker til den oplyste adresse. Som udgangspunkt sender cmiile.com varerne samme dag, hvis ordren er afgivet inden kl. 13:00. Cmiile.com tager forbehold for udsolgte varer.<\/p>\n\n\n\n<p>Cmiile.com estimerer normalt en leveringstid p\u00e5 1-2 hverdage. Leveringstiden er med forbehold for eksterne forhold, der ligger uden for cmiile.com\u2019s indflydelse. <\/p>\n\n\n\n<h4 class=\"wp-block-heading\"><strong>Forbehold<\/strong><\/h4>\n\n\n\n<p>Cmiile.com forbeholder sig ret til at annullere k\u00f8bers ordre som f\u00f8lge af trykfejl, tekniske problemer, leveringssvigt og lignende situationer.<\/p>\n\n\n\n<p>Cmiile.com tager forbehold for tastefejl, prisfejl, moms- og afgifts\u00e6ndringer, udsolgte \/ udg\u00e5ede varer og leveringssvigt fra vores leverand\u00f8rer.<\/p>\n\n\n\n<h4 class=\"wp-block-heading\">Fragt<\/h4>\n\n\n\n<p>Pakken sendes med DAO eller Post Danmark, hvor der er mulighed for track &amp; trace. <\/p>\n\n\n\n<h4 class=\"wp-block-heading\"><strong>Betaling &amp; gebyrer<\/strong><\/h4>\n\n\n\n<p>Betaling via kreditkort er underlagt kortudsteders betingelser for anvendelse. N\u00e5r k\u00f8ber med kreditkort \u201dreserveres\u201d bel\u00f8bet p\u00e5 k\u00f8bers konto. N\u00e5r leverand\u00f8ren efterf\u00f8lgende har afsendt de bestilte produkter, udsteder cmiile.com et betalingskrav til kortudsteder. Det betyder, at k\u00f8ber ikke kan disponere over det reserverede bel\u00f8b, efter bestillingen er godkendt.<\/p>\n\n\n\n<p>Bel\u00f8bet h\u00e6ves f\u00f8rst p\u00e5 k\u00f8bers kort, n\u00e5r varerne sendes fra leverand\u00f8ren. Der kan aldrig tr\u00e6kkes et st\u00f8rre bel\u00f8b end det, k\u00f8ber har godkendt ved k\u00f8bet.<\/p>\n\n\n\n<p>Ved betaling v\u00e6lger du hvilken betalingsmetode du foretr\u00e6kker. VISA, MasterCard eller MobilePay<\/p>\n\n\n\n<p>Ved betaling med VISA og MasterCard till\u00e6gges der et betalingskortgebyr svarende til 1,45% af k\u00f8bsbel\u00f8bet.<\/p>\n\n\n\n<p>Inden k\u00f8ber v\u00e6lger at godkende ordren, bliver gebyret oplyst.<\/p>\n\n\n\n<h4 class=\"wp-block-heading\">Returret<\/h4>\n\n\n\n<p>Som forbruger har du ret til at returnere varen uden nogen yderligere grund. Du skal dog informere vores kundeservice, senest 14 dage efter du har modtaget varen. Du skal blot meddele dette til vores kundeservice senest 14 dage efter, at du har modtaget dine varer. For at returnere en vare skal den v\u00e6re ubrugt og i originalemballage. Returner varen sammen med ordrebekr\u00e6ftelsen eller kopi af denne. P\u00e5 ordrebekr\u00e6ftelsen skal du g\u00f8re opm\u00e6rksom p\u00e5 retursag. Vigtigt! Du skal returnere varerne sammen med ordrebekr\u00e6ftelsen eller en kopi af den. Du betaler selv returfragten. Varer kan ikke returneres pr. efterkrav. <\/p>\n\n\n\n<h4 class=\"wp-block-heading\"><strong>Reklamationsret<\/strong><\/h4>\n\n\n\n<p>Hvis du modtager en vare som er defekt, erstatter vi med en ny vare uden omkostninger for dig. Du skal blot meddele dette til vores kundeservice senest 14 dage efter, at du har modtaget dine varer. Kundeservice sender en frankeret returetiket. Du skal f\u00f8rst kontakte vores kundeservice, for at f\u00e5 reklamationen godkendt og returfragten betalt. Der ydes 2 \u00e5rs reklamationsret i henhold til k\u00f8beloven. Reklamationsretten d\u00e6kker ikke fejl, skader eller slitage, som direkte eller indirekte er opst\u00e5et som f\u00f8lge af forkert betjening, ringe vedligeholdelse, vold eller uautoriserede indgreb. &nbsp;<\/p>\n\n\n\n<h4 class=\"wp-block-heading\">Tvist<\/h4>\n\n\n\n<p>Tvister med grund i disse vilk\u00e5r afg\u00f8res ved dansk domstol i Aarhus, Denmark.<br><\/p>\n\n\n\n<h4 class=\"wp-block-heading\">Aldersgr\u00e6nse<\/h4>\n\n\n\n<p>Vores produkter kan bruges fra man er 12 \u00e5r og derover. Hvis kunden er under 18 \u00e5r, anbefaler vi at f\u00e5 for\u00e6ldres samtykke, f\u00f8r du k\u00f8ber nogen af vores produkter online.<\/p>\n\n\n\n<h4 class=\"wp-block-heading\"><strong>Brug af persondataoplysninger<\/strong><\/h4>\n\n\n\n<p>N\u00e5r vi indsamler og anvender dine personoplysninger, g\u00f8re vi det kun til drift af hjemmesiden og for at levere de tjenester som du har efterspurgt eller k\u00f8bt \u2013 herunder ogs\u00e5 forst\u00e5et, tilmelding af nyhedsbrev med nyheder og tilbud.<\/p>\n\n\n\n<h4 class=\"wp-block-heading\">Abonnementer<\/h4>\n\n\n\n<p><a href=\"https:\/\/www.cmiile.com\/da\/abonnementsbetingelser\">Se abonnementsbetingelser her.<\/a><\/p>\n\n\n\n<h3 class=\"wp-block-heading\" id=\"pricerunner\">PriceRunner k\u00f8berbeskyttelse<\/h3>\n\n\n\n<p>Beskyt dit k\u00f8b op til \u00a3 5.000, hvis der opst\u00e5r problemer i forbindelse med dit k\u00f8b. Som et registreret PriceRunner-medlem inkluderer dine k\u00f8b altid k\u00f8berbeskyttelsen hos os. Denne service er gratis og g\u00e6lder for alle registrerede PriceRunner-medlemmer.<\/p>\n\n\n\n<p>Hvis du ikke allerede er PriceRunner-medlem og har bes\u00f8gt os gennem dem, kan du stadig drage fordel af k\u00f8berbeskyttelsen ved at registrere dig inden for 60 minutter efter dit k\u00f8b. At blive medlem af PriceRunner koster intet og tager kun et par minutter! <a href=\"https:\/\/www.pricerunner.com\/bp\/109357\/Cmiile\">Bes\u00f8g PriceRunner for din gratis k\u00f8berbeskyttelse<\/a><\/p>\n\n\n\n<p>PriceRunner K\u00f8berbeskyttelse kompenserer dig for skader p\u00e5 varer ved levering, brudte varer, hvis et enkelt produkt mangler ved levering, hvis varerne er forkerte, eller hvis varerne ikke leveres. Husk at ordren skal adresseres til din registrerede adresse.<\/p>\n\n\n\n<p>Du f\u00e5r kun refunderet for direkte \u00f8konomiske skader, du har lidt, k\u00f8bsomkostninger og forsendelsesomkostninger. K\u00f8berbeskyttelsen kompenserer dig ikke for andre direkte eller indirekte omkostninger, afskrivninger eller tab af indt\u00e6gter.<\/p>\n\n\n\n<p>P\u00e5 PriceRunner kan du finde en liste over undtagne kategorier samt de komplette brugerbetingelser, der g\u00e6lder.<\/p>\n\n\n\n<p><a href=\"https:\/\/www.pricerunner.com\/bp\/109357\/Cmiile\">Ja tak, jeg vil gerne registreres gratis hos PriceRunner<\/a><\/p>\n","protected":false},"excerpt":{"rendered":"<p> [&hellip;]<\/p>\n","protected":false},"author":77,"featured_media":0,"parent":0,"menu_order":0,"comment_status":"closed","ping_status":"closed","template":"","meta":{"_custom_body_class":"","_disable_title":false,"footnotes":""},"class_list":["post-1028","page","type-page","status-publish","hentry"],"yoast_head":"<!-- This site is optimized with the Yoast SEO plugin v27.3 - https:\/\/yoast.com\/product\/yoast-seo-wordpress\/ -->\n<title>Handelsbetingelser - Cmiile<\/title>\n<meta name=\"robots\" content=\"index, follow, max-snippet:-1, max-image-preview:large, max-video-preview:-1\" \/>\n<link rel=\"canonical\" href=\"https:\/\/www.cmiile.com\/da\/handelsbetingelser\/\" \/>\n<meta property=\"og:locale\" content=\"da_DK\" \/>\n<meta property=\"og:type\" content=\"article\" \/>\n<meta property=\"og:title\" content=\"Handelsbetingelser - Cmiile\" \/>\n<meta property=\"og:description\" content=\"[&hellip;]\" \/>\n<meta property=\"og:url\" content=\"https:\/\/www.cmiile.com\/da\/handelsbetingelser\/\" \/>\n<meta property=\"og:site_name\" content=\"Cmiile\" \/>\n<meta property=\"article:modified_time\" content=\"2021-07-08T13:57:54+00:00\" \/>\n<meta name=\"twitter:card\" content=\"summary_large_image\" \/>\n<script type=\"application\/ld+json\" class=\"yoast-schema-graph\">{\"@context\":\"https:\\\/\\\/schema.org\",\"@graph\":[{\"@type\":\"WebPage\",\"@id\":\"https:\\\/\\\/www.cmiile.com\\\/da\\\/handelsbetingelser\\\/\",\"url\":\"https:\\\/\\\/www.cmiile.com\\\/da\\\/handelsbetingelser\\\/\",\"name\":\"Handelsbetingelser - Cmiile\",\"isPartOf\":{\"@id\":\"https:\\\/\\\/www.cmiile.com\\\/da\\\/#website\"},\"datePublished\":\"2019-07-02T08:52:39+00:00\",\"dateModified\":\"2021-07-08T13:57:54+00:00\",\"inLanguage\":\"da-DK\",\"potentialAction\":[{\"@type\":\"ReadAction\",\"target\":[\"https:\\\/\\\/www.cmiile.com\\\/da\\\/handelsbetingelser\\\/\"]}]},{\"@type\":\"WebSite\",\"@id\":\"https:\\\/\\\/www.cmiile.com\\\/da\\\/#website\",\"url\":\"https:\\\/\\\/www.cmiile.com\\\/da\\\/\",\"name\":\"Cmiile\",\"description\":\"Hvad dit cmiile mangler\",\"potentialAction\":[{\"@type\":\"SearchAction\",\"target\":{\"@type\":\"EntryPoint\",\"urlTemplate\":\"https:\\\/\\\/www.cmiile.com\\\/da\\\/?s={search_term_string}\"},\"query-input\":{\"@type\":\"PropertyValueSpecification\",\"valueRequired\":true,\"valueName\":\"search_term_string\"}}],\"inLanguage\":\"da-DK\"}]}<\/script>\n<!-- \/ Yoast SEO plugin. -->","yoast_head_json":{"title":"Handelsbetingelser - Cmiile","robots":{"index":"index","follow":"follow","max-snippet":"max-snippet:-1","max-image-preview":"max-image-preview:large","max-video-preview":"max-video-preview:-1"},"canonical":"https:\/\/www.cmiile.com\/da\/handelsbetingelser\/","og_locale":"da_DK","og_type":"article","og_title":"Handelsbetingelser - Cmiile","og_description":"[&hellip;]","og_url":"https:\/\/www.cmiile.com\/da\/handelsbetingelser\/","og_site_name":"Cmiile","article_modified_time":"2021-07-08T13:57:54+00:00","twitter_card":"summary_large_image","schema":{"@context":"https:\/\/schema.org","@graph":[{"@type":"WebPage","@id":"https:\/\/www.cmiile.com\/da\/handelsbetingelser\/","url":"https:\/\/www.cmiile.com\/da\/handelsbetingelser\/","name":"Handelsbetingelser - Cmiile","isPartOf":{"@id":"https:\/\/www.cmiile.com\/da\/#website"},"datePublished":"2019-07-02T08:52:39+00:00","dateModified":"2021-07-08T13:57:54+00:00","inLanguage":"da-DK","potentialAction":[{"@type":"ReadAction","target":["https:\/\/www.cmiile.com\/da\/handelsbetingelser\/"]}]},{"@type":"WebSite","@id":"https:\/\/www.cmiile.com\/da\/#website","url":"https:\/\/www.cmiile.com\/da\/","name":"Cmiile","description":"Hvad dit cmiile mangler","potentialAction":[{"@type":"SearchAction","target":{"@type":"EntryPoint","urlTemplate":"https:\/\/www.cmiile.com\/da\/?s={search_term_string}"},"query-input":{"@type":"PropertyValueSpecification","valueRequired":true,"valueName":"search_term_string"}}],"inLanguage":"da-DK"}]}},"jetpack_sharing_enabled":true,"_links":{"self":[{"href":"https:\/\/www.cmiile.com\/da\/wp-json\/wp\/v2\/pages\/1028","targetHints":{"allow":["GET"]}}],"collection":[{"href":"https:\/\/www.cmiile.com\/da\/wp-json\/wp\/v2\/pages"}],"about":[{"href":"https:\/\/www.cmiile.com\/da\/wp-json\/wp\/v2\/types\/page"}],"author":[{"embeddable":true,"href":"https:\/\/www.cmiile.com\/da\/wp-json\/wp\/v2\/users\/77"}],"replies":[{"embeddable":true,"href":"https:\/\/www.cmiile.com\/da\/wp-json\/wp\/v2\/comments?post=1028"}],"version-history":[{"count":16,"href":"https:\/\/www.cmiile.com\/da\/wp-json\/wp\/v2\/pages\/1028\/revisions"}],"predecessor-version":[{"id":22104,"href":"https:\/\/www.cmiile.com\/da\/wp-json\/wp\/v2\/pages\/1028\/revisions\/22104"}],"wp:attachment":[{"href":"https:\/\/www.cmiile.com\/da\/wp-json\/wp\/v2\/media?parent=1028"}],"curies":[{"name":"wp","href":"https:\/\/api.w.org\/{rel}","templated":true}]}}